{"id":8190,"date":"2023-03-26T06:45:37","date_gmt":"2023-03-26T04:45:37","guid":{"rendered":"https:\/\/pogewawa.cyon.site\/solida\/entreprises\/schueler\/"},"modified":"2023-06-15T10:25:58","modified_gmt":"2023-06-15T08:25:58","slug":"assurance-accidents-scolaire","status":"publish","type":"page","link":"https:\/\/www.solida.ch\/fr\/entreprises\/assurance-accidents-scolaire\/","title":{"rendered":"Assurance-accidents pour les \u00e9l\u00e8ves\u00a0"},"content":{"rendered":"\n<p>Gr\u00e2ce \u00e0 l\u2019assurance-accidents pour \u00e9l\u00e8ves, les \u00e9tablissements et les \u00e9coles assurent leurs \u00e9l\u00e8ves et leurs \u00e9tudiants quel que soit le degr\u00e9 d\u2019enseignement (\u00e9cole enfantine, obligatoire et secondaire ainsi que haute \u00e9cole). Les prestations et les avantages parlent d\u2019eux-m\u00eames:<\/p>\n\n\n\n<ul class=\"wp-block-list\">\n<li>Prestations en capital en cas d\u2019invalidit\u00e9 permanente ou de d\u00e9c\u00e8s: les personnes assur\u00e9es et leurs proches per\u00e7oivent une aide financi\u00e8re qui leur sera certainement tr\u00e8s utile en ces temps difficiles.<\/li>\n\n\n\n<li>Compl\u00e9ment \u00e0 l\u2019assurance-maladie obligatoire: SOLIDA compl\u00e8te les prestations de l\u2019assurance-maladie obligatoire (LAMal) et prend en charge les frais pour les mesures de sauvetage et de d\u00e9gagement n\u00e9cessaires, les transports et les recherches en lien avec l\u2019accident. Les transports a\u00e9riens sont \u00e9galement couverts, dans la mesure o\u00f9 ils sont indispensables pour des raisons m\u00e9dicales ou techniques. Nous veillons \u00e0 ce que toutes les mesures n\u00e9cessaires soient prises pour prot\u00e9ger et soigner les assur\u00e9s.<\/li>\n\n\n\n<li>Une couverture d\u2019assurance \u00e0 l\u2019\u00e9chelle mondiale: les \u00e9l\u00e8ves et les \u00e9tudiants b\u00e9n\u00e9ficient d\u2019une couverture d\u2019assurance compl\u00e8te en Suisse et \u00e0 l\u2019\u00e9tranger, et ce, \u00e0 tout moment.<\/li>\n\n\n\n<li>Aucune limite d\u2019\u00e2ge: tous les \u00e9l\u00e8ves et \u00e9tudiants peuvent b\u00e9n\u00e9ficier de cette couverture d\u2019assurance, quel que soit leur \u00e2ge.<\/li>\n<\/ul>\n\n\n\n<p>L\u2019assurance couvre les accidents survenant pendant les heures de cours ou lors d\u2019\u00e9v\u00e9nements officiels tels que les voyages scolaires, les excursions, les camps de ski et de vacances et les randonn\u00e9es. Le trajet direct vers l\u2019\u00e9cole et le lieu des \u00e9v\u00e9nements ainsi que depuis ceux-ci est \u00e9galement couvert. La protection compl\u00e8te pour les \u00e9l\u00e8ves et les \u00e9tudiants, pour toutes les situations pertinentes.<\/p>\n","protected":false},"excerpt":{"rendered":"<p>Gr\u00e2ce \u00e0 l\u2019assurance-accidents pour \u00e9l\u00e8ves, les \u00e9tablissements et les \u00e9coles assurent leurs \u00e9l\u00e8ves et leurs \u00e9tudiants quel que soit le degr\u00e9 d\u2019enseignement (\u00e9cole enfantine, obligatoire et secondaire ainsi que haute \u00e9cole). Les prestations et les avantages parlent d\u2019eux-m\u00eames: L\u2019assurance couvre les accidents survenant pendant les heures de cours ou lors d\u2019\u00e9v\u00e9nements officiels tels que les [&hellip;]<\/p>\n","protected":false},"author":1,"featured_media":8090,"parent":6999,"menu_order":6,"comment_status":"closed","ping_status":"closed","template":"","meta":{"_acf_changed":false,"_monsterinsights_skip_tracking":false,"_monsterinsights_sitenote_active":false,"_monsterinsights_sitenote_note":"","_monsterinsights_sitenote_category":0,"footnotes":""},"categories":[49],"class_list":["post-8190","page","type-page","status-publish","has-post-thumbnail","hentry","category-produkt-geschaeftskunden-fr"],"acf":[],"yoast_head":"<!-- This site is optimized with the Yoast SEO Premium plugin v26.9 (Yoast SEO v27.4) - https:\/\/yoast.com\/product\/yoast-seo-premium-wordpress\/ -->\n<title>Assurance-accidents pour les \u00e9l\u00e8ves\u00a0<\/title>\n<meta name=\"description\" content=\"Assurance accidents des \u00e9coliers SOLIDA : s\u00e9curit\u00e9 pour les activit\u00e9s scolaires et les manifestations. Pas de limite d&#039;\u00e2ge, une couverture mondiale et une protection compl\u00e8te pour les \u00e9l\u00e8ves et les \u00e9tudiants dans toutes les situations.\" \/>\n<meta name=\"robots\" content=\"index, follow, max-snippet:-1, max-image-preview:large, max-video-preview:-1\" \/>\n<link rel=\"canonical\" href=\"https:\/\/www.solida.ch\/fr\/entreprises\/assurance-accidents-scolaire\/\" \/>\n<meta property=\"og:locale\" content=\"fr_FR\" \/>\n<meta property=\"og:type\" content=\"article\" \/>\n<meta property=\"og:title\" content=\"Assurance-accidents pour les \u00e9l\u00e8ves\u00a0\" \/>\n<meta property=\"og:description\" content=\"Assurance accidents des \u00e9coliers SOLIDA : s\u00e9curit\u00e9 pour les activit\u00e9s scolaires et les manifestations. Pas de limite d&#039;\u00e2ge, une couverture mondiale et une protection compl\u00e8te pour les \u00e9l\u00e8ves et les \u00e9tudiants dans toutes les situations.\" \/>\n<meta property=\"og:url\" content=\"https:\/\/www.solida.ch\/fr\/entreprises\/assurance-accidents-scolaire\/\" \/>\n<meta property=\"og:site_name\" content=\"SOLIDA Versicherungen\" \/>\n<meta property=\"article:modified_time\" content=\"2023-06-15T08:25:58+00:00\" \/>\n<meta property=\"og:image\" content=\"https:\/\/www.solida.ch\/wp-content\/uploads\/2023\/05\/AdobeStock_362408229-1-scaled.jpeg\" \/>\n\t<meta property=\"og:image:width\" content=\"2560\" \/>\n\t<meta property=\"og:image:height\" content=\"1440\" \/>\n\t<meta property=\"og:image:type\" content=\"image\/jpeg\" \/>\n<meta name=\"twitter:card\" content=\"summary_large_image\" \/>\n<meta name=\"twitter:label1\" content=\"Dur\u00e9e de lecture estim\u00e9e\" \/>\n\t<meta name=\"twitter:data1\" content=\"2 minutes\" \/>\n<script type=\"application\/ld+json\" class=\"yoast-schema-graph\">{\"@context\":\"https:\\\/\\\/schema.org\",\"@graph\":[{\"@type\":\"WebPage\",\"@id\":\"https:\\\/\\\/www.solida.ch\\\/fr\\\/entreprises\\\/assurance-accidents-scolaire\\\/\",\"url\":\"https:\\\/\\\/www.solida.ch\\\/fr\\\/entreprises\\\/assurance-accidents-scolaire\\\/\",\"name\":\"Assurance-accidents pour les \u00e9l\u00e8ves\u00a0\",\"isPartOf\":{\"@id\":\"https:\\\/\\\/www.solida.ch\\\/fr\\\/#website\"},\"primaryImageOfPage\":{\"@id\":\"https:\\\/\\\/www.solida.ch\\\/fr\\\/entreprises\\\/assurance-accidents-scolaire\\\/#primaryimage\"},\"image\":{\"@id\":\"https:\\\/\\\/www.solida.ch\\\/fr\\\/entreprises\\\/assurance-accidents-scolaire\\\/#primaryimage\"},\"thumbnailUrl\":\"https:\\\/\\\/www.solida.ch\\\/wp-content\\\/uploads\\\/2023\\\/05\\\/AdobeStock_362408229-1-scaled.jpeg\",\"datePublished\":\"2023-03-26T04:45:37+00:00\",\"dateModified\":\"2023-06-15T08:25:58+00:00\",\"description\":\"Assurance accidents des \u00e9coliers SOLIDA : s\u00e9curit\u00e9 pour les activit\u00e9s scolaires et les manifestations. Pas de limite d'\u00e2ge, une couverture mondiale et une protection compl\u00e8te pour les \u00e9l\u00e8ves et les \u00e9tudiants dans toutes les situations.\",\"breadcrumb\":{\"@id\":\"https:\\\/\\\/www.solida.ch\\\/fr\\\/entreprises\\\/assurance-accidents-scolaire\\\/#breadcrumb\"},\"inLanguage\":\"fr-FR\",\"potentialAction\":[{\"@type\":\"ReadAction\",\"target\":[\"https:\\\/\\\/www.solida.ch\\\/fr\\\/entreprises\\\/assurance-accidents-scolaire\\\/\"]}]},{\"@type\":\"ImageObject\",\"inLanguage\":\"fr-FR\",\"@id\":\"https:\\\/\\\/www.solida.ch\\\/fr\\\/entreprises\\\/assurance-accidents-scolaire\\\/#primaryimage\",\"url\":\"https:\\\/\\\/www.solida.ch\\\/wp-content\\\/uploads\\\/2023\\\/05\\\/AdobeStock_362408229-1-scaled.jpeg\",\"contentUrl\":\"https:\\\/\\\/www.solida.ch\\\/wp-content\\\/uploads\\\/2023\\\/05\\\/AdobeStock_362408229-1-scaled.jpeg\",\"width\":2560,\"height\":1440,\"caption\":\"Young professionals multi ethnic company employees gathered together solving issues, new project discussion during briefing, meeting talk for giving information or instructions by team leader concept\"},{\"@type\":\"BreadcrumbList\",\"@id\":\"https:\\\/\\\/www.solida.ch\\\/fr\\\/entreprises\\\/assurance-accidents-scolaire\\\/#breadcrumb\",\"itemListElement\":[{\"@type\":\"ListItem\",\"position\":1,\"name\":\"Startseite\",\"item\":\"https:\\\/\\\/www.solida.ch\\\/fr\\\/entreprises\\\/\"},{\"@type\":\"ListItem\",\"position\":2,\"name\":\"Client\u00e8le entreprises\",\"item\":\"https:\\\/\\\/www.solida.ch\\\/fr\\\/entreprises\\\/\"},{\"@type\":\"ListItem\",\"position\":3,\"name\":\"Assurance-accidents pour les \u00e9l\u00e8ves\u00a0\"}]},{\"@type\":\"WebSite\",\"@id\":\"https:\\\/\\\/www.solida.ch\\\/fr\\\/#website\",\"url\":\"https:\\\/\\\/www.solida.ch\\\/fr\\\/\",\"name\":\"SOLIDA\",\"description\":\"Unbeschwert durchs Leben gehen\",\"publisher\":{\"@id\":\"https:\\\/\\\/www.solida.ch\\\/fr\\\/#organization\"},\"alternateName\":\"Solida\",\"potentialAction\":[{\"@type\":\"SearchAction\",\"target\":{\"@type\":\"EntryPoint\",\"urlTemplate\":\"https:\\\/\\\/www.solida.ch\\\/fr\\\/?s={search_term_string}\"},\"query-input\":{\"@type\":\"PropertyValueSpecification\",\"valueRequired\":true,\"valueName\":\"search_term_string\"}}],\"inLanguage\":\"fr-FR\"},{\"@type\":\"Organization\",\"@id\":\"https:\\\/\\\/www.solida.ch\\\/fr\\\/#organization\",\"name\":\"SOLIDA Versicherungen AG\",\"alternateName\":\"Solida\",\"url\":\"https:\\\/\\\/www.solida.ch\\\/fr\\\/\",\"logo\":{\"@type\":\"ImageObject\",\"inLanguage\":\"fr-FR\",\"@id\":\"https:\\\/\\\/www.solida.ch\\\/fr\\\/#\\\/schema\\\/logo\\\/image\\\/\",\"url\":\"https:\\\/\\\/www.solida.ch\\\/wp-content\\\/uploads\\\/2023\\\/03\\\/solida-favicon.png\",\"contentUrl\":\"https:\\\/\\\/www.solida.ch\\\/wp-content\\\/uploads\\\/2023\\\/03\\\/solida-favicon.png\",\"width\":1024,\"height\":1024,\"caption\":\"SOLIDA Versicherungen AG\"},\"image\":{\"@id\":\"https:\\\/\\\/www.solida.ch\\\/fr\\\/#\\\/schema\\\/logo\\\/image\\\/\"}}]}<\/script>\n<!-- \/ Yoast SEO Premium plugin. -->","yoast_head_json":{"title":"Assurance-accidents pour les \u00e9l\u00e8ves\u00a0","description":"Assurance accidents des \u00e9coliers SOLIDA : s\u00e9curit\u00e9 pour les activit\u00e9s scolaires et les manifestations. Pas de limite d'\u00e2ge, une couverture mondiale et une protection compl\u00e8te pour les \u00e9l\u00e8ves et les \u00e9tudiants dans toutes les situations.","robots":{"index":"index","follow":"follow","max-snippet":"max-snippet:-1","max-image-preview":"max-image-preview:large","max-video-preview":"max-video-preview:-1"},"canonical":"https:\/\/www.solida.ch\/fr\/entreprises\/assurance-accidents-scolaire\/","og_locale":"fr_FR","og_type":"article","og_title":"Assurance-accidents pour les \u00e9l\u00e8ves\u00a0","og_description":"Assurance accidents des \u00e9coliers SOLIDA : s\u00e9curit\u00e9 pour les activit\u00e9s scolaires et les manifestations. Pas de limite d'\u00e2ge, une couverture mondiale et une protection compl\u00e8te pour les \u00e9l\u00e8ves et les \u00e9tudiants dans toutes les situations.","og_url":"https:\/\/www.solida.ch\/fr\/entreprises\/assurance-accidents-scolaire\/","og_site_name":"SOLIDA Versicherungen","article_modified_time":"2023-06-15T08:25:58+00:00","og_image":[{"width":2560,"height":1440,"url":"https:\/\/www.solida.ch\/wp-content\/uploads\/2023\/05\/AdobeStock_362408229-1-scaled.jpeg","type":"image\/jpeg"}],"twitter_card":"summary_large_image","twitter_misc":{"Dur\u00e9e de lecture estim\u00e9e":"2 minutes"},"schema":{"@context":"https:\/\/schema.org","@graph":[{"@type":"WebPage","@id":"https:\/\/www.solida.ch\/fr\/entreprises\/assurance-accidents-scolaire\/","url":"https:\/\/www.solida.ch\/fr\/entreprises\/assurance-accidents-scolaire\/","name":"Assurance-accidents pour les \u00e9l\u00e8ves\u00a0","isPartOf":{"@id":"https:\/\/www.solida.ch\/fr\/#website"},"primaryImageOfPage":{"@id":"https:\/\/www.solida.ch\/fr\/entreprises\/assurance-accidents-scolaire\/#primaryimage"},"image":{"@id":"https:\/\/www.solida.ch\/fr\/entreprises\/assurance-accidents-scolaire\/#primaryimage"},"thumbnailUrl":"https:\/\/www.solida.ch\/wp-content\/uploads\/2023\/05\/AdobeStock_362408229-1-scaled.jpeg","datePublished":"2023-03-26T04:45:37+00:00","dateModified":"2023-06-15T08:25:58+00:00","description":"Assurance accidents des \u00e9coliers SOLIDA : s\u00e9curit\u00e9 pour les activit\u00e9s scolaires et les manifestations. Pas de limite d'\u00e2ge, une couverture mondiale et une protection compl\u00e8te pour les \u00e9l\u00e8ves et les \u00e9tudiants dans toutes les situations.","breadcrumb":{"@id":"https:\/\/www.solida.ch\/fr\/entreprises\/assurance-accidents-scolaire\/#breadcrumb"},"inLanguage":"fr-FR","potentialAction":[{"@type":"ReadAction","target":["https:\/\/www.solida.ch\/fr\/entreprises\/assurance-accidents-scolaire\/"]}]},{"@type":"ImageObject","inLanguage":"fr-FR","@id":"https:\/\/www.solida.ch\/fr\/entreprises\/assurance-accidents-scolaire\/#primaryimage","url":"https:\/\/www.solida.ch\/wp-content\/uploads\/2023\/05\/AdobeStock_362408229-1-scaled.jpeg","contentUrl":"https:\/\/www.solida.ch\/wp-content\/uploads\/2023\/05\/AdobeStock_362408229-1-scaled.jpeg","width":2560,"height":1440,"caption":"Young professionals multi ethnic company employees gathered together solving issues, new project discussion during briefing, meeting talk for giving information or instructions by team leader concept"},{"@type":"BreadcrumbList","@id":"https:\/\/www.solida.ch\/fr\/entreprises\/assurance-accidents-scolaire\/#breadcrumb","itemListElement":[{"@type":"ListItem","position":1,"name":"Startseite","item":"https:\/\/www.solida.ch\/fr\/entreprises\/"},{"@type":"ListItem","position":2,"name":"Client\u00e8le entreprises","item":"https:\/\/www.solida.ch\/fr\/entreprises\/"},{"@type":"ListItem","position":3,"name":"Assurance-accidents pour les \u00e9l\u00e8ves\u00a0"}]},{"@type":"WebSite","@id":"https:\/\/www.solida.ch\/fr\/#website","url":"https:\/\/www.solida.ch\/fr\/","name":"SOLIDA","description":"Unbeschwert durchs Leben gehen","publisher":{"@id":"https:\/\/www.solida.ch\/fr\/#organization"},"alternateName":"Solida","potentialAction":[{"@type":"SearchAction","target":{"@type":"EntryPoint","urlTemplate":"https:\/\/www.solida.ch\/fr\/?s={search_term_string}"},"query-input":{"@type":"PropertyValueSpecification","valueRequired":true,"valueName":"search_term_string"}}],"inLanguage":"fr-FR"},{"@type":"Organization","@id":"https:\/\/www.solida.ch\/fr\/#organization","name":"SOLIDA Versicherungen AG","alternateName":"Solida","url":"https:\/\/www.solida.ch\/fr\/","logo":{"@type":"ImageObject","inLanguage":"fr-FR","@id":"https:\/\/www.solida.ch\/fr\/#\/schema\/logo\/image\/","url":"https:\/\/www.solida.ch\/wp-content\/uploads\/2023\/03\/solida-favicon.png","contentUrl":"https:\/\/www.solida.ch\/wp-content\/uploads\/2023\/03\/solida-favicon.png","width":1024,"height":1024,"caption":"SOLIDA Versicherungen AG"},"image":{"@id":"https:\/\/www.solida.ch\/fr\/#\/schema\/logo\/image\/"}}]}},"_links":{"self":[{"href":"https:\/\/www.solida.ch\/fr\/wp-json\/wp\/v2\/pages\/8190","targetHints":{"allow":["GET"]}}],"collection":[{"href":"https:\/\/www.solida.ch\/fr\/wp-json\/wp\/v2\/pages"}],"about":[{"href":"https:\/\/www.solida.ch\/fr\/wp-json\/wp\/v2\/types\/page"}],"author":[{"embeddable":true,"href":"https:\/\/www.solida.ch\/fr\/wp-json\/wp\/v2\/users\/1"}],"replies":[{"embeddable":true,"href":"https:\/\/www.solida.ch\/fr\/wp-json\/wp\/v2\/comments?post=8190"}],"version-history":[{"count":0,"href":"https:\/\/www.solida.ch\/fr\/wp-json\/wp\/v2\/pages\/8190\/revisions"}],"up":[{"embeddable":true,"href":"https:\/\/www.solida.ch\/fr\/wp-json\/wp\/v2\/pages\/6999"}],"wp:featuredmedia":[{"embeddable":true,"href":"https:\/\/www.solida.ch\/fr\/wp-json\/wp\/v2\/media\/8090"}],"wp:attachment":[{"href":"https:\/\/www.solida.ch\/fr\/wp-json\/wp\/v2\/media?parent=8190"}],"wp:term":[{"taxonomy":"category","embeddable":true,"href":"https:\/\/www.solida.ch\/fr\/wp-json\/wp\/v2\/categories?post=8190"}],"curies":[{"name":"wp","href":"https:\/\/api.w.org\/{rel}","templated":true}]}}