{"id":6978,"date":"2023-04-19T01:37:18","date_gmt":"2023-04-18T23:37:18","guid":{"rendered":"https:\/\/pogewawa.cyon.site\/solida\/unfallmeldung\/"},"modified":"2025-11-10T17:03:58","modified_gmt":"2025-11-10T16:03:58","slug":"declarationdaccident","status":"publish","type":"page","link":"https:\/\/www.solida.ch\/fr\/declarationdaccident\/","title":{"rendered":"D\u00e9clarer un accident"},"content":{"rendered":"\t\t<div data-elementor-type=\"wp-page\" data-elementor-id=\"6978\" class=\"elementor elementor-6978 elementor-6976\" data-elementor-post-type=\"page\">\n\t\t\t\t<div class=\"elementor-element elementor-element-59cd68d e-con-full e-flex e-con e-parent\" data-id=\"59cd68d\" data-element_type=\"container\" data-e-type=\"container\">\n\t\t\t\t<div class=\"elementor-element elementor-element-0827f57 elementor-widget elementor-widget-template\" data-id=\"0827f57\" data-element_type=\"widget\" data-e-type=\"widget\" data-widget_type=\"template.default\">\n\t\t\t\t<div class=\"elementor-widget-container\">\n\t\t\t\t\t\t\t<div class=\"elementor-template\">\n\t\t\t\t\t<div data-elementor-type=\"container\" data-elementor-id=\"2912\" class=\"elementor elementor-2912\" data-elementor-post-type=\"elementor_library\">\n\t\t\t\t<div class=\"elementor-element elementor-element-5a8dfd82 solida_hero e-flex e-con-boxed e-con e-parent\" data-id=\"5a8dfd82\" data-element_type=\"container\" data-e-type=\"container\" data-settings=\"{&quot;background_background&quot;:&quot;classic&quot;}\">\n\t\t\t\t\t<div class=\"e-con-inner\">\n\t\t<div data-dce-background-image-url=\"https:\/\/www.solida.ch\/wp-content\/uploads\/2023\/04\/adobestock_340996246.webp\" data-dce-background-overlay-image-url=\"https:\/\/www.solida.ch\/wp-content\/uploads\/2023\/04\/adobestock_340996246.webp\" class=\"elementor-element elementor-element-2776754 e-con-full solida_hero_image animated-fast e-flex elementor-invisible e-con e-child\" data-id=\"2776754\" data-element_type=\"container\" data-e-type=\"container\" data-settings=\"{&quot;background_background&quot;:&quot;classic&quot;,&quot;position&quot;:&quot;absolute&quot;,&quot;animation&quot;:&quot;fadeIn&quot;}\" style=\"background-position-y: 25% !important\">\n\t\t\t\t<\/div>\n\t\t<div class=\"elementor-element elementor-element-a024cb8 e-con-full solida_hero_standard e-flex e-con e-child\" data-id=\"a024cb8\" data-element_type=\"container\" data-e-type=\"container\">\n\t\t<div class=\"elementor-element elementor-element-5898f69d e-con-full solida_titlebox e-flex e-con e-child\" data-id=\"5898f69d\" data-element_type=\"container\" data-e-type=\"container\">\n\t\t\t\t<div class=\"elementor-element elementor-element-3557b228 solida_titlebox-large elementor-widget elementor-widget-heading\" data-id=\"3557b228\" data-element_type=\"widget\" data-e-type=\"widget\" data-widget_type=\"heading.default\">\n\t\t\t\t<div class=\"elementor-widget-container\">\n\t\t\t\t\t<h1 class=\"elementor-heading-title elementor-size-default\"><a href=\"https:\/\/solida.sunetonline.ch\/fr\/sunet\/create\/\">Pour les petites et moyennes entreprises <span>Vers la d\u00e9claration<\/span><\/a><\/h1>\t\t\t\t<\/div>\n\t\t\t\t<\/div>\n\t\t\t\t<div class=\"elementor-element elementor-element-577d644e solida_titlebox-small solida_titlebox-small-1 elementor-widget elementor-widget-heading\" data-id=\"577d644e\" data-element_type=\"widget\" data-e-type=\"widget\" data-widget_type=\"heading.default\">\n\t\t\t\t<div class=\"elementor-widget-container\">\n\t\t\t\t\t<h2 class=\"elementor-heading-title elementor-size-default\"><a href=\"https:\/\/bbtsoftware.ch\/fr\/telechargements\/\">Pour les moyennes et grandes entreprises par SunetPlus<\/a><\/h2>\t\t\t\t<\/div>\n\t\t\t\t<\/div>\n\t\t\t\t<div class=\"elementor-element elementor-element-6acdfc14 solida_titlebox-small solida_titlebox-small-2 elementor-widget elementor-widget-heading\" data-id=\"6acdfc14\" data-element_type=\"widget\" data-e-type=\"widget\" data-widget_type=\"heading.default\">\n\t\t\t\t<div class=\"elementor-widget-container\">\n\t\t\t\t\t<h2 class=\"elementor-heading-title elementor-size-default\"><a href=\"https:\/\/solida-einzelunfall.sunetonline.ch\/fr\/sunet\/create\/\">Pour Client\u00e8le priv\u00e9e via SunetOnline<\/a><\/h2>\t\t\t\t<\/div>\n\t\t\t\t<\/div>\n\t\t\t\t<\/div>\n\t\t\t\t<\/div>\n\t\t\t\t\t<\/div>\n\t\t\t\t<\/div>\n\t\t\t\t<\/div>\n\t\t\t\t<\/div>\n\t\t\t\t\t\t<\/div>\n\t\t\t\t<\/div>\n\t\t\t\t<\/div>\n\t\t<div class=\"elementor-element elementor-element-967d98b e-flex e-con-boxed e-con e-parent\" data-id=\"967d98b\" data-element_type=\"container\" data-e-type=\"container\" data-settings=\"{&quot;background_background&quot;:&quot;classic&quot;}\">\n\t\t\t\t\t<div class=\"e-con-inner\">\n\t\t\t\t<div class=\"elementor-element elementor-element-a7305dc elementor-widget__width-initial elementor-widget-tablet__width-inherit elementor-widget elementor-widget-text-editor\" data-id=\"a7305dc\" data-element_type=\"widget\" data-e-type=\"widget\" data-widget_type=\"text-editor.default\">\n\t\t\t\t<div class=\"elementor-widget-container\">\n\t\t\t\t\t\t\t\t\t<p>La d\u00e9claration de sinistre se fait via notre partenaire SunetOnline. Nous distinguons les particuliers, les petites et moyennes entreprises et les moyennes et grandes entreprises. Si vous d\u00e9clarez en moyenne plus de 15 sinistres par an, nous vous recommandons de passer par SunetPlus.<\/p>\t\t\t\t\t\t\t\t<\/div>\n\t\t\t\t<\/div>\n\t\t<div class=\"elementor-element elementor-element-37db7cf e-con-full solida_inline-bluebox-content solida_inline-bluebox_unfallmeldung e-flex e-con e-child\" data-id=\"37db7cf\" data-element_type=\"container\" data-e-type=\"container\" data-settings=\"{&quot;background_background&quot;:&quot;classic&quot;}\">\n\t\t\t\t<div data-dce-text-color=\"#FFFFFF\" class=\"elementor-element elementor-element-1e2ba77 elementor-widget__width-inherit elementor-widget-tablet__width-inherit elementor-widget elementor-widget-text-editor\" data-id=\"1e2ba77\" data-element_type=\"widget\" data-e-type=\"widget\" data-widget_type=\"text-editor.default\">\n\t\t\t\t<div class=\"elementor-widget-container\">\n\t\t\t\t\t\t\t\t\t<p>Pour les petites et moyennes entreprises (obligatoire LAA)<\/p><p><a href=\"https:\/\/solida.sunetonline.ch\/fr\/sunet\/create\/\">Avis de sinistre LAA<\/a><\/p><p>Pour les moyennes et grandes entreprises par SunetPlus<\/p><p><a href=\"https:\/\/bbtsoftware.ch\/fr\/telechargements\/\">SunetPlus<\/a><\/p><p>Pour Client\u00e8le priv\u00e9e par SunetOnline<\/p><p><a href=\"https:\/\/solida-einzelunfall.sunetonline.ch\/fr\/sunet\/create\/\">Avis de sinistre individuelle<\/a><\/p><p><strong>Hotline gratuite pour les questions sur SunetOnline ou SunetPlus<\/strong><\/p><p><a href=\"tel:+41414553030\">+41 41 455 30 30<\/a><\/p><h3>SunetPlus vous permet:<\/h3><ul><li>de saisir les d\u00e9clarations de sinistre et de maladie et de les transmettre \u00e0 SOLIDA ou \u00e0 d\u2019autres assureurs,<\/li><li>d\u2019acc\u00e9der \u00e0 tout moment \u00e0 vos donn\u00e9es,<\/li><li>de g\u00e9rer les d\u00e9clarations de sinistre et les absences,<\/li><li>d\u2019\u00e9tablir des statistiques et de les analyser.<\/li><\/ul><p>Pour pouvoir profiter de ce service, le logiciel SunetPlus doit \u00eatre install\u00e9. Un syst\u00e8me d\u2019exploitation Windows est requis pour cela. SOLIDA met ce service gratuitement \u00e0 la disposition de ses entreprises assur\u00e9es.<\/p>\t\t\t\t\t\t\t\t<\/div>\n\t\t\t\t<\/div>\n\t\t\t\t<\/div>\n\t\t\t\t\t<\/div>\n\t\t\t\t<\/div>\n\t\t<div class=\"elementor-element elementor-element-7830d55 e-con-full e-flex e-con e-parent\" data-id=\"7830d55\" data-element_type=\"container\" data-e-type=\"container\">\n\t\t\t\t<div class=\"elementor-element elementor-element-f17adf3 elementor-widget elementor-widget-template\" data-id=\"f17adf3\" data-element_type=\"widget\" data-e-type=\"widget\" data-widget_type=\"template.default\">\n\t\t\t\t<div class=\"elementor-widget-container\">\n\t\t\t\t\t\t\t<div class=\"elementor-template\">\n\t\t\t\t\t<div data-elementor-type=\"container\" data-elementor-id=\"7021\" class=\"elementor elementor-7021 elementor-4980 elementor-4980\" data-elementor-post-type=\"elementor_library\">\n\t\t\t\t<div data-dce-background-image-url=\"https:\/\/www.solida.ch\/wp-content\/uploads\/2023\/03\/adobestock_225478883.webp\" class=\"elementor-element elementor-element-5f535c90 e-flex e-con-boxed e-con e-parent\" data-id=\"5f535c90\" data-element_type=\"container\" data-e-type=\"container\" data-settings=\"{&quot;background_background&quot;:&quot;classic&quot;}\" style=\"background-position-y: 35% !important\">\n\t\t\t\t\t<div class=\"e-con-inner\">\n\t\t\t\t<div class=\"elementor-element elementor-element-4e32c37 elementor-widget__width-initial solida_cta-box-arrow elementor-widget elementor-widget-heading\" data-id=\"4e32c37\" data-element_type=\"widget\" data-e-type=\"widget\" data-widget_type=\"heading.default\">\n\t\t\t\t<div class=\"elementor-widget-container\">\n\t\t\t\t\t<h2 class=\"elementor-heading-title elementor-size-default\"><a href=\"https:\/\/www.solida.ch\/kontakt\/\">Nous sommes l\u00e0 pour vous&nbsp;aider. <br>Contactez-nous.<\/a><\/h2>\t\t\t\t<\/div>\n\t\t\t\t<\/div>\n\t\t\t\t\t<\/div>\n\t\t\t\t<\/div>\n\t\t\t\t<\/div>\n\t\t\t\t<\/div>\n\t\t\t\t\t\t<\/div>\n\t\t\t\t<\/div>\n\t\t\t\t<\/div>\n\t\t\t\t<\/div>\n\t\t","protected":false},"excerpt":{"rendered":"<p>La d\u00e9claration de sinistre se fait via notre partenaire SunetOnline. Nous distinguons les particuliers, les petites et moyennes entreprises et les moyennes et grandes entreprises. Si vous d\u00e9clarez en moyenne plus de 15 sinistres par an, nous vous recommandons de passer par SunetPlus. Pour les petites et moyennes entreprises (obligatoire LAA) Avis de sinistre LAA [&hellip;]<\/p>\n","protected":false},"author":1,"featured_media":6802,"parent":0,"menu_order":0,"comment_status":"closed","ping_status":"closed","template":"","meta":{"_acf_changed":false,"_monsterinsights_skip_tracking":false,"_monsterinsights_sitenote_active":false,"_monsterinsights_sitenote_note":"","_monsterinsights_sitenote_category":0,"footnotes":""},"categories":[],"class_list":["post-6978","page","type-page","status-publish","has-post-thumbnail","hentry"],"acf":[],"yoast_head":"<!-- This site is optimized with the Yoast SEO Premium plugin v26.9 (Yoast SEO v27.4) - https:\/\/yoast.com\/product\/yoast-seo-premium-wordpress\/ -->\n<title>SOLIDA &#8212; D\u00e9clarer un accident<\/title>\n<meta name=\"robots\" content=\"index, follow, max-snippet:-1, max-image-preview:large, max-video-preview:-1\" \/>\n<link rel=\"canonical\" href=\"https:\/\/www.solida.ch\/fr\/declarationdaccident\/\" \/>\n<meta property=\"og:locale\" content=\"fr_FR\" \/>\n<meta property=\"og:type\" content=\"article\" \/>\n<meta property=\"og:title\" content=\"D\u00e9clarer un accident\" \/>\n<meta property=\"og:description\" content=\"La d\u00e9claration de sinistre se fait via notre partenaire SunetOnline. Nous distinguons les particuliers, les petites et moyennes entreprises et les moyennes et grandes entreprises. Si vous d\u00e9clarez en moyenne plus de 15 sinistres par an, nous vous recommandons de passer par SunetPlus. Pour les petites et moyennes entreprises (obligatoire LAA) Avis de sinistre LAA [&hellip;]\" \/>\n<meta property=\"og:url\" content=\"https:\/\/www.solida.ch\/fr\/declarationdaccident\/\" \/>\n<meta property=\"og:site_name\" content=\"SOLIDA Versicherungen\" \/>\n<meta property=\"article:modified_time\" content=\"2025-11-10T16:03:58+00:00\" \/>\n<meta property=\"og:image\" content=\"https:\/\/www.solida.ch\/wp-content\/uploads\/2023\/04\/adobestock_340996246.webp\" \/>\n\t<meta property=\"og:image:width\" content=\"2160\" \/>\n\t<meta property=\"og:image:height\" content=\"1442\" \/>\n\t<meta property=\"og:image:type\" content=\"image\/webp\" \/>\n<meta name=\"twitter:card\" content=\"summary_large_image\" \/>\n<meta name=\"twitter:label1\" content=\"Dur\u00e9e de lecture estim\u00e9e\" \/>\n\t<meta name=\"twitter:data1\" content=\"2 minutes\" \/>\n<script type=\"application\/ld+json\" class=\"yoast-schema-graph\">{\"@context\":\"https:\\\/\\\/schema.org\",\"@graph\":[{\"@type\":\"WebPage\",\"@id\":\"https:\\\/\\\/www.solida.ch\\\/fr\\\/declarationdaccident\\\/\",\"url\":\"https:\\\/\\\/www.solida.ch\\\/fr\\\/declarationdaccident\\\/\",\"name\":\"SOLIDA &#8212; D\u00e9clarer un accident\",\"isPartOf\":{\"@id\":\"https:\\\/\\\/www.solida.ch\\\/fr\\\/#website\"},\"primaryImageOfPage\":{\"@id\":\"https:\\\/\\\/www.solida.ch\\\/fr\\\/declarationdaccident\\\/#primaryimage\"},\"image\":{\"@id\":\"https:\\\/\\\/www.solida.ch\\\/fr\\\/declarationdaccident\\\/#primaryimage\"},\"thumbnailUrl\":\"https:\\\/\\\/www.solida.ch\\\/wp-content\\\/uploads\\\/2023\\\/04\\\/adobestock_340996246.webp\",\"datePublished\":\"2023-04-18T23:37:18+00:00\",\"dateModified\":\"2025-11-10T16:03:58+00:00\",\"breadcrumb\":{\"@id\":\"https:\\\/\\\/www.solida.ch\\\/fr\\\/declarationdaccident\\\/#breadcrumb\"},\"inLanguage\":\"fr-FR\",\"potentialAction\":[{\"@type\":\"ReadAction\",\"target\":[\"https:\\\/\\\/www.solida.ch\\\/fr\\\/declarationdaccident\\\/\"]}]},{\"@type\":\"ImageObject\",\"inLanguage\":\"fr-FR\",\"@id\":\"https:\\\/\\\/www.solida.ch\\\/fr\\\/declarationdaccident\\\/#primaryimage\",\"url\":\"https:\\\/\\\/www.solida.ch\\\/wp-content\\\/uploads\\\/2023\\\/04\\\/adobestock_340996246.webp\",\"contentUrl\":\"https:\\\/\\\/www.solida.ch\\\/wp-content\\\/uploads\\\/2023\\\/04\\\/adobestock_340996246.webp\",\"width\":2160,\"height\":1442},{\"@type\":\"BreadcrumbList\",\"@id\":\"https:\\\/\\\/www.solida.ch\\\/fr\\\/declarationdaccident\\\/#breadcrumb\",\"itemListElement\":[{\"@type\":\"ListItem\",\"position\":1,\"name\":\"Startseite\",\"item\":\"https:\\\/\\\/www.solida.ch\\\/fr\\\/entreprises\\\/\"},{\"@type\":\"ListItem\",\"position\":2,\"name\":\"D\u00e9clarer un accident\"}]},{\"@type\":\"WebSite\",\"@id\":\"https:\\\/\\\/www.solida.ch\\\/fr\\\/#website\",\"url\":\"https:\\\/\\\/www.solida.ch\\\/fr\\\/\",\"name\":\"SOLIDA\",\"description\":\"Unbeschwert durchs Leben gehen\",\"publisher\":{\"@id\":\"https:\\\/\\\/www.solida.ch\\\/fr\\\/#organization\"},\"alternateName\":\"Solida\",\"potentialAction\":[{\"@type\":\"SearchAction\",\"target\":{\"@type\":\"EntryPoint\",\"urlTemplate\":\"https:\\\/\\\/www.solida.ch\\\/fr\\\/?s={search_term_string}\"},\"query-input\":{\"@type\":\"PropertyValueSpecification\",\"valueRequired\":true,\"valueName\":\"search_term_string\"}}],\"inLanguage\":\"fr-FR\"},{\"@type\":\"Organization\",\"@id\":\"https:\\\/\\\/www.solida.ch\\\/fr\\\/#organization\",\"name\":\"SOLIDA Versicherungen AG\",\"alternateName\":\"Solida\",\"url\":\"https:\\\/\\\/www.solida.ch\\\/fr\\\/\",\"logo\":{\"@type\":\"ImageObject\",\"inLanguage\":\"fr-FR\",\"@id\":\"https:\\\/\\\/www.solida.ch\\\/fr\\\/#\\\/schema\\\/logo\\\/image\\\/\",\"url\":\"https:\\\/\\\/www.solida.ch\\\/wp-content\\\/uploads\\\/2023\\\/03\\\/solida-favicon.png\",\"contentUrl\":\"https:\\\/\\\/www.solida.ch\\\/wp-content\\\/uploads\\\/2023\\\/03\\\/solida-favicon.png\",\"width\":1024,\"height\":1024,\"caption\":\"SOLIDA Versicherungen AG\"},\"image\":{\"@id\":\"https:\\\/\\\/www.solida.ch\\\/fr\\\/#\\\/schema\\\/logo\\\/image\\\/\"}}]}<\/script>\n<!-- \/ Yoast SEO Premium plugin. -->","yoast_head_json":{"title":"SOLIDA &#8212; D\u00e9clarer un accident","robots":{"index":"index","follow":"follow","max-snippet":"max-snippet:-1","max-image-preview":"max-image-preview:large","max-video-preview":"max-video-preview:-1"},"canonical":"https:\/\/www.solida.ch\/fr\/declarationdaccident\/","og_locale":"fr_FR","og_type":"article","og_title":"D\u00e9clarer un accident","og_description":"La d\u00e9claration de sinistre se fait via notre partenaire SunetOnline. Nous distinguons les particuliers, les petites et moyennes entreprises et les moyennes et grandes entreprises. Si vous d\u00e9clarez en moyenne plus de 15 sinistres par an, nous vous recommandons de passer par SunetPlus. Pour les petites et moyennes entreprises (obligatoire LAA) Avis de sinistre LAA [&hellip;]","og_url":"https:\/\/www.solida.ch\/fr\/declarationdaccident\/","og_site_name":"SOLIDA Versicherungen","article_modified_time":"2025-11-10T16:03:58+00:00","og_image":[{"width":2160,"height":1442,"url":"https:\/\/www.solida.ch\/wp-content\/uploads\/2023\/04\/adobestock_340996246.webp","type":"image\/webp"}],"twitter_card":"summary_large_image","twitter_misc":{"Dur\u00e9e de lecture estim\u00e9e":"2 minutes"},"schema":{"@context":"https:\/\/schema.org","@graph":[{"@type":"WebPage","@id":"https:\/\/www.solida.ch\/fr\/declarationdaccident\/","url":"https:\/\/www.solida.ch\/fr\/declarationdaccident\/","name":"SOLIDA &#8212; D\u00e9clarer un accident","isPartOf":{"@id":"https:\/\/www.solida.ch\/fr\/#website"},"primaryImageOfPage":{"@id":"https:\/\/www.solida.ch\/fr\/declarationdaccident\/#primaryimage"},"image":{"@id":"https:\/\/www.solida.ch\/fr\/declarationdaccident\/#primaryimage"},"thumbnailUrl":"https:\/\/www.solida.ch\/wp-content\/uploads\/2023\/04\/adobestock_340996246.webp","datePublished":"2023-04-18T23:37:18+00:00","dateModified":"2025-11-10T16:03:58+00:00","breadcrumb":{"@id":"https:\/\/www.solida.ch\/fr\/declarationdaccident\/#breadcrumb"},"inLanguage":"fr-FR","potentialAction":[{"@type":"ReadAction","target":["https:\/\/www.solida.ch\/fr\/declarationdaccident\/"]}]},{"@type":"ImageObject","inLanguage":"fr-FR","@id":"https:\/\/www.solida.ch\/fr\/declarationdaccident\/#primaryimage","url":"https:\/\/www.solida.ch\/wp-content\/uploads\/2023\/04\/adobestock_340996246.webp","contentUrl":"https:\/\/www.solida.ch\/wp-content\/uploads\/2023\/04\/adobestock_340996246.webp","width":2160,"height":1442},{"@type":"BreadcrumbList","@id":"https:\/\/www.solida.ch\/fr\/declarationdaccident\/#breadcrumb","itemListElement":[{"@type":"ListItem","position":1,"name":"Startseite","item":"https:\/\/www.solida.ch\/fr\/entreprises\/"},{"@type":"ListItem","position":2,"name":"D\u00e9clarer un accident"}]},{"@type":"WebSite","@id":"https:\/\/www.solida.ch\/fr\/#website","url":"https:\/\/www.solida.ch\/fr\/","name":"SOLIDA","description":"Unbeschwert durchs Leben gehen","publisher":{"@id":"https:\/\/www.solida.ch\/fr\/#organization"},"alternateName":"Solida","potentialAction":[{"@type":"SearchAction","target":{"@type":"EntryPoint","urlTemplate":"https:\/\/www.solida.ch\/fr\/?s={search_term_string}"},"query-input":{"@type":"PropertyValueSpecification","valueRequired":true,"valueName":"search_term_string"}}],"inLanguage":"fr-FR"},{"@type":"Organization","@id":"https:\/\/www.solida.ch\/fr\/#organization","name":"SOLIDA Versicherungen AG","alternateName":"Solida","url":"https:\/\/www.solida.ch\/fr\/","logo":{"@type":"ImageObject","inLanguage":"fr-FR","@id":"https:\/\/www.solida.ch\/fr\/#\/schema\/logo\/image\/","url":"https:\/\/www.solida.ch\/wp-content\/uploads\/2023\/03\/solida-favicon.png","contentUrl":"https:\/\/www.solida.ch\/wp-content\/uploads\/2023\/03\/solida-favicon.png","width":1024,"height":1024,"caption":"SOLIDA Versicherungen AG"},"image":{"@id":"https:\/\/www.solida.ch\/fr\/#\/schema\/logo\/image\/"}}]}},"_links":{"self":[{"href":"https:\/\/www.solida.ch\/fr\/wp-json\/wp\/v2\/pages\/6978","targetHints":{"allow":["GET"]}}],"collection":[{"href":"https:\/\/www.solida.ch\/fr\/wp-json\/wp\/v2\/pages"}],"about":[{"href":"https:\/\/www.solida.ch\/fr\/wp-json\/wp\/v2\/types\/page"}],"author":[{"embeddable":true,"href":"https:\/\/www.solida.ch\/fr\/wp-json\/wp\/v2\/users\/1"}],"replies":[{"embeddable":true,"href":"https:\/\/www.solida.ch\/fr\/wp-json\/wp\/v2\/comments?post=6978"}],"version-history":[{"count":3,"href":"https:\/\/www.solida.ch\/fr\/wp-json\/wp\/v2\/pages\/6978\/revisions"}],"predecessor-version":[{"id":11012,"href":"https:\/\/www.solida.ch\/fr\/wp-json\/wp\/v2\/pages\/6978\/revisions\/11012"}],"wp:featuredmedia":[{"embeddable":true,"href":"https:\/\/www.solida.ch\/fr\/wp-json\/wp\/v2\/media\/6802"}],"wp:attachment":[{"href":"https:\/\/www.solida.ch\/fr\/wp-json\/wp\/v2\/media?parent=6978"}],"wp:term":[{"taxonomy":"category","embeddable":true,"href":"https:\/\/www.solida.ch\/fr\/wp-json\/wp\/v2\/categories?post=6978"}],"curies":[{"name":"wp","href":"https:\/\/api.w.org\/{rel}","templated":true}]}}