{"id":10788,"date":"2024-06-19T16:23:33","date_gmt":"2024-06-19T14:23:33","guid":{"rendered":"https:\/\/www.solida.ch\/carriere\/wo-wir-arbeiten\/"},"modified":"2024-07-04T20:44:06","modified_gmt":"2024-07-04T18:44:06","slug":"ou-nous-travaillons","status":"publish","type":"page","link":"https:\/\/www.solida.ch\/fr\/carriere\/ou-nous-travaillons\/","title":{"rendered":"\u00d2u nous travaillons"},"content":{"rendered":"\t\t<div data-elementor-type=\"wp-page\" data-elementor-id=\"10788\" class=\"elementor elementor-10788 elementor-10404\" data-elementor-post-type=\"page\">\n\t\t\t\t<div class=\"elementor-element elementor-element-a2a37d0 e-con-full e-flex e-con e-parent\" data-id=\"a2a37d0\" data-element_type=\"container\" data-e-type=\"container\">\n\t\t\t\t<div class=\"elementor-element elementor-element-4f54b6e elementor-widget elementor-widget-template\" data-id=\"4f54b6e\" data-element_type=\"widget\" data-e-type=\"widget\" data-widget_type=\"template.default\">\n\t\t\t\t<div class=\"elementor-widget-container\">\n\t\t\t\t\t\t\t<div class=\"elementor-template\">\n\t\t\t\t\t<div data-elementor-type=\"container\" data-elementor-id=\"2912\" class=\"elementor elementor-2912\" data-elementor-post-type=\"elementor_library\">\n\t\t\t\t<div class=\"elementor-element elementor-element-5a8dfd82 solida_hero e-flex e-con-boxed e-con e-parent\" data-id=\"5a8dfd82\" data-element_type=\"container\" data-e-type=\"container\" data-settings=\"{&quot;background_background&quot;:&quot;classic&quot;}\">\n\t\t\t\t\t<div class=\"e-con-inner\">\n\t\t<div data-dce-background-image-url=\"https:\/\/www.solida.ch\/wp-content\/uploads\/2023\/05\/Bild-Einzelunfall.png\" data-dce-background-overlay-image-url=\"https:\/\/www.solida.ch\/wp-content\/uploads\/2023\/05\/Bild-Einzelunfall.png\" class=\"elementor-element elementor-element-2776754 e-con-full solida_hero_image animated-fast e-flex elementor-invisible e-con e-child\" data-id=\"2776754\" data-element_type=\"container\" data-e-type=\"container\" data-settings=\"{&quot;background_background&quot;:&quot;classic&quot;,&quot;position&quot;:&quot;absolute&quot;,&quot;animation&quot;:&quot;fadeIn&quot;}\">\n\t\t\t\t<\/div>\n\t\t<div class=\"elementor-element elementor-element-a024cb8 e-con-full solida_hero_standard e-flex e-con e-child\" data-id=\"a024cb8\" data-element_type=\"container\" data-e-type=\"container\">\n\t\t<div class=\"elementor-element elementor-element-5898f69d e-con-full solida_titlebox e-flex e-con e-child\" data-id=\"5898f69d\" data-element_type=\"container\" data-e-type=\"container\">\n\t\t\t\t<div class=\"elementor-element elementor-element-3557b228 solida_titlebox-large elementor-widget elementor-widget-heading\" data-id=\"3557b228\" data-element_type=\"widget\" data-e-type=\"widget\" data-widget_type=\"heading.default\">\n\t\t\t\t<div class=\"elementor-widget-container\">\n\t\t\t\t\t<h1 class=\"elementor-heading-title elementor-size-default\">\u00d2u nous travaillons<\/h1>\t\t\t\t<\/div>\n\t\t\t\t<\/div>\n\t\t\t\t<div class=\"elementor-element elementor-element-577d644e solida_titlebox-small solida_titlebox-small-1 elementor-widget elementor-widget-heading\" data-id=\"577d644e\" data-element_type=\"widget\" data-e-type=\"widget\" data-widget_type=\"heading.default\">\n\t\t\t\t<div class=\"elementor-widget-container\">\n\t\t\t\t\t<h2 class=\"elementor-heading-title elementor-size-default\"><a href=\"https:\/\/www.solida.ch\/fr\/carriere\/#postes-vacants\">Travailler chez SOLIDA:<br \/>Nos postes vacants<\/a><\/h2>\t\t\t\t<\/div>\n\t\t\t\t<\/div>\n\t\t\t\t<div class=\"elementor-element elementor-element-6acdfc14 solida_titlebox-small solida_titlebox-small-2 elementor-widget elementor-widget-heading\" data-id=\"6acdfc14\" data-element_type=\"widget\" data-e-type=\"widget\" data-widget_type=\"heading.default\">\n\t\t\t\t<div class=\"elementor-widget-container\">\n\t\t\t\t\t<h2 class=\"elementor-heading-title elementor-size-default\"><a href=\"https:\/\/www.solida.ch\/fr\/carriere\/creer-une-valuer-ajoutee-ensemble\">Cr\u00e9er une valeur ajout\u00e9e ensemble:<br \/>Vers les avantages sociaux<\/a><\/h2>\t\t\t\t<\/div>\n\t\t\t\t<\/div>\n\t\t\t\t<\/div>\n\t\t\t\t<\/div>\n\t\t\t\t\t<\/div>\n\t\t\t\t<\/div>\n\t\t\t\t<\/div>\n\t\t\t\t<\/div>\n\t\t\t\t\t\t<\/div>\n\t\t\t\t<\/div>\n\t\t\t\t<\/div>\n\t\t<div class=\"elementor-element elementor-element-01cd6fc solida_career_culture_benefits e-flex e-con-boxed e-con e-parent\" data-id=\"01cd6fc\" data-element_type=\"container\" data-e-type=\"container\" data-settings=\"{&quot;background_background&quot;:&quot;classic&quot;}\">\n\t\t\t\t\t<div class=\"e-con-inner\">\n\t\t\t\t<div class=\"elementor-element elementor-element-c7ec92e solida_productpage_intro elementor-widget__width-inherit elementor-widget elementor-widget-text-editor\" data-id=\"c7ec92e\" data-element_type=\"widget\" data-e-type=\"widget\" data-widget_type=\"text-editor.default\">\n\t\t\t\t<div class=\"elementor-widget-container\">\n\t\t\t\t\t\t\t\t\t<p>Les bureaux de Zurich-Altstetten sont situ\u00e9s dans un endroit central avec un arr\u00eat de tram et de bus. La gare d&rsquo;Altstetten est accessible \u00e0 pied en 5 minutes. Un acc\u00e8s ais\u00e9 par les transports publics est donc garanti. Tous les postes de travail sont modernes et ergonomiques. Notre site de Lausanne est \u00e9galement situ\u00e9 au centre et \u00e0 quelques minutes \u00e0 pied de la gare de Lausanne.<\/p>\t\t\t\t\t\t\t\t<\/div>\n\t\t\t\t<\/div>\n\t\t<div class=\"elementor-element elementor-element-7bfe4fc e-con-full solida_career_location_wrapper e-flex e-con e-child\" data-id=\"7bfe4fc\" data-element_type=\"container\" data-e-type=\"container\">\n\t\t\t\t<div class=\"elementor-element elementor-element-19a4044 elementor-widget elementor-widget-text-editor\" data-id=\"19a4044\" data-element_type=\"widget\" data-e-type=\"widget\" data-widget_type=\"text-editor.default\">\n\t\t\t\t<div class=\"elementor-widget-container\">\n\t\t\t\t\t\t\t\t\t<h3>Si\u00e8ge central<\/h3><p><strong>SOLIDA Versicherungen AG<\/strong><br \/>Saumackerstrasse 35<br \/>8048 Z\u00fcrich<\/p>\t\t\t\t\t\t\t\t<\/div>\n\t\t\t\t<\/div>\n\t\t\t\t<div class=\"elementor-element elementor-element-eb6d249 elementor-widget elementor-widget-google_maps\" data-id=\"eb6d249\" data-element_type=\"widget\" data-e-type=\"widget\" data-widget_type=\"google_maps.default\">\n\t\t\t\t<div class=\"elementor-widget-container\">\n\t\t\t\t\t\t\t<div class=\"elementor-custom-embed\">\n\t\t\t<iframe loading=\"lazy\"\n\t\t\t\t\tsrc=\"https:\/\/maps.google.com\/maps?q=Saumackerstrasse%2035%208048%20Z%C3%BCrich&#038;t=m&#038;z=16&#038;output=embed&#038;iwloc=near\"\n\t\t\t\t\ttitle=\"Saumackerstrasse 35 8048 Z\u00fcrich\"\n\t\t\t\t\taria-label=\"Saumackerstrasse 35 8048 Z\u00fcrich\"\n\t\t\t><\/iframe>\n\t\t<\/div>\n\t\t\t\t\t\t<\/div>\n\t\t\t\t<\/div>\n\t\t\t\t<\/div>\n\t\t<div class=\"elementor-element elementor-element-e1ebd8c e-con-full solida_career_location_wrapper e-flex e-con e-child\" data-id=\"e1ebd8c\" data-element_type=\"container\" data-e-type=\"container\">\n\t\t\t\t<div class=\"elementor-element elementor-element-ed13f3f elementor-widget elementor-widget-text-editor\" data-id=\"ed13f3f\" data-element_type=\"widget\" data-e-type=\"widget\" data-widget_type=\"text-editor.default\">\n\t\t\t\t<div class=\"elementor-widget-container\">\n\t\t\t\t\t\t\t\t\t<h3>Bureau<\/h3><p><strong>SOLIDA Assurances SA<\/strong><br \/>Chem. des Charmettes 9<br \/>1003 Lausanne<\/p>\t\t\t\t\t\t\t\t<\/div>\n\t\t\t\t<\/div>\n\t\t\t\t<div class=\"elementor-element elementor-element-c355d2c elementor-widget elementor-widget-google_maps\" data-id=\"c355d2c\" data-element_type=\"widget\" data-e-type=\"widget\" data-widget_type=\"google_maps.default\">\n\t\t\t\t<div class=\"elementor-widget-container\">\n\t\t\t\t\t\t\t<div class=\"elementor-custom-embed\">\n\t\t\t<iframe loading=\"lazy\"\n\t\t\t\t\tsrc=\"https:\/\/maps.google.com\/maps?q=Chem.%20des%20Charmettes%209%2C%201003%20Lausanne&#038;t=m&#038;z=16&#038;output=embed&#038;iwloc=near\"\n\t\t\t\t\ttitle=\"Chem. des Charmettes 9, 1003 Lausanne\"\n\t\t\t\t\taria-label=\"Chem. des Charmettes 9, 1003 Lausanne\"\n\t\t\t><\/iframe>\n\t\t<\/div>\n\t\t\t\t\t\t<\/div>\n\t\t\t\t<\/div>\n\t\t\t\t<\/div>\n\t\t\t\t\t<\/div>\n\t\t\t\t<\/div>\n\t\t\t\t<\/div>\n\t\t","protected":false},"excerpt":{"rendered":"<p>Les bureaux de Zurich-Altstetten sont situ\u00e9s dans un endroit central avec un arr\u00eat de tram et de bus. La gare d&rsquo;Altstetten est accessible \u00e0 pied en 5 minutes. Un acc\u00e8s ais\u00e9 par les transports publics est donc garanti. Tous les postes de travail sont modernes et ergonomiques. Notre site de Lausanne est \u00e9galement situ\u00e9 au [&hellip;]<\/p>\n","protected":false},"author":1,"featured_media":8022,"parent":10782,"menu_order":0,"comment_status":"closed","ping_status":"closed","template":"elementor_header_footer","meta":{"_acf_changed":false,"_monsterinsights_skip_tracking":false,"_monsterinsights_sitenote_active":false,"_monsterinsights_sitenote_note":"","_monsterinsights_sitenote_category":0,"footnotes":""},"categories":[],"class_list":["post-10788","page","type-page","status-publish","has-post-thumbnail","hentry"],"acf":[],"yoast_head":"<!-- This site is optimized with the Yoast SEO Premium plugin v26.9 (Yoast SEO v27.4) - https:\/\/yoast.com\/product\/yoast-seo-premium-wordpress\/ -->\n<title>\u00d2u nous travaillons<\/title>\n<meta name=\"description\" content=\"Wir sind eine solide Versicherungsgesellschaft mit Tradition \u2022 Unsere offenen Stellen \u2022 Jetzt bewerben \u00fcber unser Online-Bewerbungsportal\" \/>\n<meta name=\"robots\" content=\"index, follow, max-snippet:-1, max-image-preview:large, max-video-preview:-1\" \/>\n<link rel=\"canonical\" href=\"https:\/\/www.solida.ch\/fr\/carriere\/ou-nous-travaillons\/\" \/>\n<meta property=\"og:locale\" content=\"fr_FR\" \/>\n<meta property=\"og:type\" content=\"article\" \/>\n<meta property=\"og:title\" content=\"\u00d2u nous travaillons\" \/>\n<meta property=\"og:description\" content=\"Wir sind eine solide Versicherungsgesellschaft mit Tradition \u2022 Unsere offenen Stellen \u2022 Jetzt bewerben \u00fcber unser Online-Bewerbungsportal\" \/>\n<meta property=\"og:url\" content=\"https:\/\/www.solida.ch\/fr\/carriere\/ou-nous-travaillons\/\" \/>\n<meta property=\"og:site_name\" content=\"SOLIDA Versicherungen\" \/>\n<meta property=\"article:modified_time\" content=\"2024-07-04T18:44:06+00:00\" \/>\n<meta property=\"og:image\" content=\"https:\/\/www.solida.ch\/wp-content\/uploads\/2023\/05\/Bild-Einzelunfall.png\" \/>\n\t<meta property=\"og:image:width\" content=\"1\" \/>\n\t<meta property=\"og:image:height\" content=\"1\" \/>\n\t<meta property=\"og:image:type\" content=\"image\/png\" \/>\n<meta name=\"twitter:card\" content=\"summary_large_image\" \/>\n<meta name=\"twitter:label1\" content=\"Dur\u00e9e de lecture estim\u00e9e\" \/>\n\t<meta name=\"twitter:data1\" content=\"1 minute\" \/>\n<script type=\"application\/ld+json\" class=\"yoast-schema-graph\">{\"@context\":\"https:\\\/\\\/schema.org\",\"@graph\":[{\"@type\":\"WebPage\",\"@id\":\"https:\\\/\\\/www.solida.ch\\\/fr\\\/carriere\\\/ou-nous-travaillons\\\/\",\"url\":\"https:\\\/\\\/www.solida.ch\\\/fr\\\/carriere\\\/ou-nous-travaillons\\\/\",\"name\":\"\u00d2u nous travaillons\",\"isPartOf\":{\"@id\":\"https:\\\/\\\/www.solida.ch\\\/fr\\\/#website\"},\"primaryImageOfPage\":{\"@id\":\"https:\\\/\\\/www.solida.ch\\\/fr\\\/carriere\\\/ou-nous-travaillons\\\/#primaryimage\"},\"image\":{\"@id\":\"https:\\\/\\\/www.solida.ch\\\/fr\\\/carriere\\\/ou-nous-travaillons\\\/#primaryimage\"},\"thumbnailUrl\":\"https:\\\/\\\/www.solida.ch\\\/wp-content\\\/uploads\\\/2023\\\/05\\\/Bild-Einzelunfall.png\",\"datePublished\":\"2024-06-19T14:23:33+00:00\",\"dateModified\":\"2024-07-04T18:44:06+00:00\",\"description\":\"Wir sind eine solide Versicherungsgesellschaft mit Tradition \u2022 Unsere offenen Stellen \u2022 Jetzt bewerben \u00fcber unser Online-Bewerbungsportal\",\"breadcrumb\":{\"@id\":\"https:\\\/\\\/www.solida.ch\\\/fr\\\/carriere\\\/ou-nous-travaillons\\\/#breadcrumb\"},\"inLanguage\":\"fr-FR\",\"potentialAction\":[{\"@type\":\"ReadAction\",\"target\":[\"https:\\\/\\\/www.solida.ch\\\/fr\\\/carriere\\\/ou-nous-travaillons\\\/\"]}]},{\"@type\":\"ImageObject\",\"inLanguage\":\"fr-FR\",\"@id\":\"https:\\\/\\\/www.solida.ch\\\/fr\\\/carriere\\\/ou-nous-travaillons\\\/#primaryimage\",\"url\":\"https:\\\/\\\/www.solida.ch\\\/wp-content\\\/uploads\\\/2023\\\/05\\\/Bild-Einzelunfall.png\",\"contentUrl\":\"https:\\\/\\\/www.solida.ch\\\/wp-content\\\/uploads\\\/2023\\\/05\\\/Bild-Einzelunfall.png\"},{\"@type\":\"BreadcrumbList\",\"@id\":\"https:\\\/\\\/www.solida.ch\\\/fr\\\/carriere\\\/ou-nous-travaillons\\\/#breadcrumb\",\"itemListElement\":[{\"@type\":\"ListItem\",\"position\":1,\"name\":\"Startseite\",\"item\":\"https:\\\/\\\/www.solida.ch\\\/fr\\\/entreprises\\\/\"},{\"@type\":\"ListItem\",\"position\":2,\"name\":\"Carri\u00e8re\",\"item\":\"https:\\\/\\\/www.solida.ch\\\/fr\\\/karriere\\\/\"},{\"@type\":\"ListItem\",\"position\":3,\"name\":\"\u00d2u nous travaillons\"}]},{\"@type\":\"WebSite\",\"@id\":\"https:\\\/\\\/www.solida.ch\\\/fr\\\/#website\",\"url\":\"https:\\\/\\\/www.solida.ch\\\/fr\\\/\",\"name\":\"SOLIDA\",\"description\":\"Unbeschwert durchs Leben gehen\",\"publisher\":{\"@id\":\"https:\\\/\\\/www.solida.ch\\\/fr\\\/#organization\"},\"alternateName\":\"Solida\",\"potentialAction\":[{\"@type\":\"SearchAction\",\"target\":{\"@type\":\"EntryPoint\",\"urlTemplate\":\"https:\\\/\\\/www.solida.ch\\\/fr\\\/?s={search_term_string}\"},\"query-input\":{\"@type\":\"PropertyValueSpecification\",\"valueRequired\":true,\"valueName\":\"search_term_string\"}}],\"inLanguage\":\"fr-FR\"},{\"@type\":\"Organization\",\"@id\":\"https:\\\/\\\/www.solida.ch\\\/fr\\\/#organization\",\"name\":\"SOLIDA Versicherungen AG\",\"alternateName\":\"Solida\",\"url\":\"https:\\\/\\\/www.solida.ch\\\/fr\\\/\",\"logo\":{\"@type\":\"ImageObject\",\"inLanguage\":\"fr-FR\",\"@id\":\"https:\\\/\\\/www.solida.ch\\\/fr\\\/#\\\/schema\\\/logo\\\/image\\\/\",\"url\":\"https:\\\/\\\/www.solida.ch\\\/wp-content\\\/uploads\\\/2023\\\/03\\\/solida-favicon.png\",\"contentUrl\":\"https:\\\/\\\/www.solida.ch\\\/wp-content\\\/uploads\\\/2023\\\/03\\\/solida-favicon.png\",\"width\":1024,\"height\":1024,\"caption\":\"SOLIDA Versicherungen AG\"},\"image\":{\"@id\":\"https:\\\/\\\/www.solida.ch\\\/fr\\\/#\\\/schema\\\/logo\\\/image\\\/\"}}]}<\/script>\n<!-- \/ Yoast SEO Premium plugin. -->","yoast_head_json":{"title":"\u00d2u nous travaillons","description":"Wir sind eine solide Versicherungsgesellschaft mit Tradition \u2022 Unsere offenen Stellen \u2022 Jetzt bewerben \u00fcber unser Online-Bewerbungsportal","robots":{"index":"index","follow":"follow","max-snippet":"max-snippet:-1","max-image-preview":"max-image-preview:large","max-video-preview":"max-video-preview:-1"},"canonical":"https:\/\/www.solida.ch\/fr\/carriere\/ou-nous-travaillons\/","og_locale":"fr_FR","og_type":"article","og_title":"\u00d2u nous travaillons","og_description":"Wir sind eine solide Versicherungsgesellschaft mit Tradition \u2022 Unsere offenen Stellen \u2022 Jetzt bewerben \u00fcber unser Online-Bewerbungsportal","og_url":"https:\/\/www.solida.ch\/fr\/carriere\/ou-nous-travaillons\/","og_site_name":"SOLIDA Versicherungen","article_modified_time":"2024-07-04T18:44:06+00:00","og_image":[{"url":"https:\/\/www.solida.ch\/wp-content\/uploads\/2023\/05\/Bild-Einzelunfall.png","width":1,"height":1,"type":"image\/png"}],"twitter_card":"summary_large_image","twitter_misc":{"Dur\u00e9e de lecture estim\u00e9e":"1 minute"},"schema":{"@context":"https:\/\/schema.org","@graph":[{"@type":"WebPage","@id":"https:\/\/www.solida.ch\/fr\/carriere\/ou-nous-travaillons\/","url":"https:\/\/www.solida.ch\/fr\/carriere\/ou-nous-travaillons\/","name":"\u00d2u nous travaillons","isPartOf":{"@id":"https:\/\/www.solida.ch\/fr\/#website"},"primaryImageOfPage":{"@id":"https:\/\/www.solida.ch\/fr\/carriere\/ou-nous-travaillons\/#primaryimage"},"image":{"@id":"https:\/\/www.solida.ch\/fr\/carriere\/ou-nous-travaillons\/#primaryimage"},"thumbnailUrl":"https:\/\/www.solida.ch\/wp-content\/uploads\/2023\/05\/Bild-Einzelunfall.png","datePublished":"2024-06-19T14:23:33+00:00","dateModified":"2024-07-04T18:44:06+00:00","description":"Wir sind eine solide Versicherungsgesellschaft mit Tradition \u2022 Unsere offenen Stellen \u2022 Jetzt bewerben \u00fcber unser Online-Bewerbungsportal","breadcrumb":{"@id":"https:\/\/www.solida.ch\/fr\/carriere\/ou-nous-travaillons\/#breadcrumb"},"inLanguage":"fr-FR","potentialAction":[{"@type":"ReadAction","target":["https:\/\/www.solida.ch\/fr\/carriere\/ou-nous-travaillons\/"]}]},{"@type":"ImageObject","inLanguage":"fr-FR","@id":"https:\/\/www.solida.ch\/fr\/carriere\/ou-nous-travaillons\/#primaryimage","url":"https:\/\/www.solida.ch\/wp-content\/uploads\/2023\/05\/Bild-Einzelunfall.png","contentUrl":"https:\/\/www.solida.ch\/wp-content\/uploads\/2023\/05\/Bild-Einzelunfall.png"},{"@type":"BreadcrumbList","@id":"https:\/\/www.solida.ch\/fr\/carriere\/ou-nous-travaillons\/#breadcrumb","itemListElement":[{"@type":"ListItem","position":1,"name":"Startseite","item":"https:\/\/www.solida.ch\/fr\/entreprises\/"},{"@type":"ListItem","position":2,"name":"Carri\u00e8re","item":"https:\/\/www.solida.ch\/fr\/karriere\/"},{"@type":"ListItem","position":3,"name":"\u00d2u nous travaillons"}]},{"@type":"WebSite","@id":"https:\/\/www.solida.ch\/fr\/#website","url":"https:\/\/www.solida.ch\/fr\/","name":"SOLIDA","description":"Unbeschwert durchs Leben gehen","publisher":{"@id":"https:\/\/www.solida.ch\/fr\/#organization"},"alternateName":"Solida","potentialAction":[{"@type":"SearchAction","target":{"@type":"EntryPoint","urlTemplate":"https:\/\/www.solida.ch\/fr\/?s={search_term_string}"},"query-input":{"@type":"PropertyValueSpecification","valueRequired":true,"valueName":"search_term_string"}}],"inLanguage":"fr-FR"},{"@type":"Organization","@id":"https:\/\/www.solida.ch\/fr\/#organization","name":"SOLIDA Versicherungen AG","alternateName":"Solida","url":"https:\/\/www.solida.ch\/fr\/","logo":{"@type":"ImageObject","inLanguage":"fr-FR","@id":"https:\/\/www.solida.ch\/fr\/#\/schema\/logo\/image\/","url":"https:\/\/www.solida.ch\/wp-content\/uploads\/2023\/03\/solida-favicon.png","contentUrl":"https:\/\/www.solida.ch\/wp-content\/uploads\/2023\/03\/solida-favicon.png","width":1024,"height":1024,"caption":"SOLIDA Versicherungen AG"},"image":{"@id":"https:\/\/www.solida.ch\/fr\/#\/schema\/logo\/image\/"}}]}},"_links":{"self":[{"href":"https:\/\/www.solida.ch\/fr\/wp-json\/wp\/v2\/pages\/10788","targetHints":{"allow":["GET"]}}],"collection":[{"href":"https:\/\/www.solida.ch\/fr\/wp-json\/wp\/v2\/pages"}],"about":[{"href":"https:\/\/www.solida.ch\/fr\/wp-json\/wp\/v2\/types\/page"}],"author":[{"embeddable":true,"href":"https:\/\/www.solida.ch\/fr\/wp-json\/wp\/v2\/users\/1"}],"replies":[{"embeddable":true,"href":"https:\/\/www.solida.ch\/fr\/wp-json\/wp\/v2\/comments?post=10788"}],"version-history":[{"count":0,"href":"https:\/\/www.solida.ch\/fr\/wp-json\/wp\/v2\/pages\/10788\/revisions"}],"up":[{"embeddable":true,"href":"https:\/\/www.solida.ch\/fr\/wp-json\/wp\/v2\/pages\/10782"}],"wp:featuredmedia":[{"embeddable":true,"href":"https:\/\/www.solida.ch\/fr\/wp-json\/wp\/v2\/media\/8022"}],"wp:attachment":[{"href":"https:\/\/www.solida.ch\/fr\/wp-json\/wp\/v2\/media?parent=10788"}],"wp:term":[{"taxonomy":"category","embeddable":true,"href":"https:\/\/www.solida.ch\/fr\/wp-json\/wp\/v2\/categories?post=10788"}],"curies":[{"name":"wp","href":"https:\/\/api.w.org\/{rel}","templated":true}]}}