{"id":646,"date":"2023-03-13T16:37:17","date_gmt":"2023-03-13T15:37:17","guid":{"rendered":"https:\/\/pogewawa.cyon.site\/solida\/?page_id=646"},"modified":"2023-06-14T01:30:41","modified_gmt":"2023-06-13T23:30:41","slug":"assistance","status":"publish","type":"page","link":"https:\/\/www.solida.ch\/de\/assistance\/","title":{"rendered":"24\/7 Notfallhilfe im Ausland\u00a0\u2013 mit der SOLIDA Unfall-Assistance"},"content":{"rendered":"\t\t<div data-elementor-type=\"wp-page\" data-elementor-id=\"646\" class=\"elementor elementor-646\" data-elementor-post-type=\"page\">\n\t\t\t\t<div class=\"elementor-element elementor-element-62d59e0 e-con-full e-flex e-con e-parent\" data-id=\"62d59e0\" data-element_type=\"container\" data-e-type=\"container\">\n\t\t\t\t<div class=\"elementor-element elementor-element-49c31e8 elementor-widget elementor-widget-template\" data-id=\"49c31e8\" data-element_type=\"widget\" data-e-type=\"widget\" data-widget_type=\"template.default\">\n\t\t\t\t<div class=\"elementor-widget-container\">\n\t\t\t\t\t\t\t<div class=\"elementor-template\">\n\t\t\t\t\t<div data-elementor-type=\"container\" data-elementor-id=\"2912\" class=\"elementor elementor-2912\" data-elementor-post-type=\"elementor_library\">\n\t\t\t\t<div class=\"elementor-element elementor-element-5a8dfd82 solida_hero e-flex e-con-boxed e-con e-parent\" data-id=\"5a8dfd82\" data-element_type=\"container\" data-e-type=\"container\" data-settings=\"{&quot;background_background&quot;:&quot;classic&quot;}\">\n\t\t\t\t\t<div class=\"e-con-inner\">\n\t\t<div data-dce-background-image-url=\"https:\/\/www.solida.ch\/wp-content\/uploads\/2023\/04\/adobestock_427160524_sp.webp\" data-dce-background-overlay-image-url=\"https:\/\/www.solida.ch\/wp-content\/uploads\/2023\/04\/adobestock_427160524_sp.webp\" class=\"elementor-element elementor-element-2776754 e-con-full solida_hero_image animated-fast e-flex elementor-invisible e-con e-child\" data-id=\"2776754\" data-element_type=\"container\" data-e-type=\"container\" data-settings=\"{&quot;background_background&quot;:&quot;classic&quot;,&quot;position&quot;:&quot;absolute&quot;,&quot;animation&quot;:&quot;fadeIn&quot;}\" style=\"background-position-y: 35% !important\">\n\t\t\t\t<\/div>\n\t\t<div class=\"elementor-element elementor-element-a024cb8 e-con-full solida_hero_standard solida_hero_pigeonblue e-flex e-con e-child\" data-id=\"a024cb8\" data-element_type=\"container\" data-e-type=\"container\">\n\t\t<div class=\"elementor-element elementor-element-5898f69d e-con-full solida_titlebox e-flex e-con e-child\" data-id=\"5898f69d\" data-element_type=\"container\" data-e-type=\"container\">\n\t\t\t\t<div class=\"elementor-element elementor-element-3557b228 solida_titlebox-large elementor-widget elementor-widget-heading\" data-id=\"3557b228\" data-element_type=\"widget\" data-e-type=\"widget\" data-widget_type=\"heading.default\">\n\t\t\t\t<div class=\"elementor-widget-container\">\n\t\t\t\t\t<h1 class=\"elementor-heading-title elementor-size-default\">24\/7&nbsp;Notfallhilfe im Ausland \u2013 mit der SOLIDA Unfall-Assistance<\/h1>\t\t\t\t<\/div>\n\t\t\t\t<\/div>\n\t\t\t\t<div class=\"elementor-element elementor-element-577d644e solida_titlebox-small solida_titlebox-small-1 elementor-widget elementor-widget-heading\" data-id=\"577d644e\" data-element_type=\"widget\" data-e-type=\"widget\" data-widget_type=\"heading.default\">\n\t\t\t\t<div class=\"elementor-widget-container\">\n\t\t\t\t\t<h2 class=\"elementor-heading-title elementor-size-default\"><a href=\"https:\/\/www.solida.ch\/downloads\/solida_unfall_assistance_de.vcf\">SOLIDA Unfall Assistance:  <br \/>vCard herunterladen<\/a><\/h2>\t\t\t\t<\/div>\n\t\t\t\t<\/div>\n\t\t\t\t<div class=\"elementor-element elementor-element-6acdfc14 solida_titlebox-small solida_titlebox-small-2 elementor-widget elementor-widget-heading\" data-id=\"6acdfc14\" data-element_type=\"widget\" data-e-type=\"widget\" data-widget_type=\"heading.default\">\n\t\t\t\t<div class=\"elementor-widget-container\">\n\t\t\t\t\t<h2 class=\"elementor-heading-title elementor-size-default\"><a href=\"tel:+41582522929\">24\/7 Notfallhilfe im Ausland: +41&nbsp;58&nbsp;252&nbsp;29&nbsp;29<\/a><\/h2>\t\t\t\t<\/div>\n\t\t\t\t<\/div>\n\t\t\t\t<\/div>\n\t\t\t\t<\/div>\n\t\t\t\t\t<\/div>\n\t\t\t\t<\/div>\n\t\t\t\t<\/div>\n\t\t\t\t<\/div>\n\t\t\t\t\t\t<\/div>\n\t\t\t\t<\/div>\n\t\t\t\t<\/div>\n\t\t<div class=\"elementor-element elementor-element-0da082b e-flex e-con-boxed e-con e-parent\" data-id=\"0da082b\" data-element_type=\"container\" data-e-type=\"container\" data-settings=\"{&quot;background_background&quot;:&quot;classic&quot;}\">\n\t\t\t\t\t<div class=\"e-con-inner\">\n\t\t\t\t<div class=\"elementor-element elementor-element-1ec3015 elementor-widget__width-initial elementor-widget-tablet__width-inherit elementor-widget elementor-widget-text-editor\" data-id=\"1ec3015\" data-element_type=\"widget\" data-e-type=\"widget\" data-widget_type=\"text-editor.default\">\n\t\t\t\t<div class=\"elementor-widget-container\">\n\t\t\t\t\t\t\t\t\t<p>Ein Unfall in einem fremden Land. Sie m\u00fcssen zum Arzt oder ins Spital, kennen sich aber nicht aus und beherrschen auch die Landessprache nicht. Diese Erfahrung ist schlimm genug. Rufen Sie uns an: Die SOLIDA hilft Ihnen und begleitet Sie auf Ihrem Genesungsweg. Falls n\u00f6tig bringen wir Sie auch nach Hause. Ein kostenloser Service der SOLIDA Unfall-Assistance f\u00fcr alle Personen, die \u00fcber ihren Arbeitgeber oder \u00fcber die Einzelversicherung gegen Unf\u00e4lle versichert sind. Rund um die Uhr, 365 Tage im Jahr.<\/p>\t\t\t\t\t\t\t\t<\/div>\n\t\t\t\t<\/div>\n\t\t<div class=\"elementor-element elementor-element-751c2aa e-con-full solida_inline-bluebox-content e-flex e-con e-child\" data-id=\"751c2aa\" data-element_type=\"container\" data-e-type=\"container\" data-settings=\"{&quot;background_background&quot;:&quot;classic&quot;}\">\n\t\t\t\t<div data-dce-text-color=\"#FFFFFF\" class=\"elementor-element elementor-element-0bc1075 solida_inline-bluebox-content_intro elementor-widget__width-inherit elementor-widget-tablet__width-inherit elementor-widget elementor-widget-text-editor\" data-id=\"0bc1075\" data-element_type=\"widget\" data-e-type=\"widget\" data-widget_type=\"text-editor.default\">\n\t\t\t\t<div class=\"elementor-widget-container\">\n\t\t\t\t\t\t\t\t\t<p>Speichern Sie die Notfallnummer der SOLIDA Unfall-Assistance auf Ihrem Handy. So haben Sie die Telefonnummer im Notfall immer dabei.<\/p>\t\t\t\t\t\t\t\t<\/div>\n\t\t\t\t<\/div>\n\t\t<div class=\"elementor-element elementor-element-d4714d9 e-flex e-con-boxed e-con e-child\" data-id=\"d4714d9\" data-element_type=\"container\" data-e-type=\"container\">\n\t\t\t\t\t<div class=\"e-con-inner\">\n\t\t\t\t<div data-dce-text-color=\"#FFFFFF\" class=\"elementor-element elementor-element-ce5594f elementor-widget__width-inherit elementor-widget-tablet__width-inherit elementor-hidden-mobile elementor-widget elementor-widget-text-editor\" data-id=\"ce5594f\" data-element_type=\"widget\" data-e-type=\"widget\" data-widget_type=\"text-editor.default\">\n\t\t\t\t<div class=\"elementor-widget-container\">\n\t\t\t\t\t\t\t\t\t<p>QR-Code mit Smartphone scannen und Notfallnummer speichern.<\/p><p>Oder laden Sie hier direkt die vCard herunter:<\/p><p><a href=\"https:\/\/www.solida.ch\/downloads\/solida_unfall_assistance_de.vcf\" target=\"_blank\" rel=\"noopener\">vCard herunterladen<\/a><\/p>\t\t\t\t\t\t\t\t<\/div>\n\t\t\t\t<\/div>\n\t\t\t\t<div data-dce-text-color=\"#FFFFFF\" class=\"elementor-element elementor-element-42e974e elementor-widget__width-inherit elementor-widget-tablet__width-inherit elementor-hidden-desktop elementor-hidden-tablet elementor-widget elementor-widget-text-editor\" data-id=\"42e974e\" data-element_type=\"widget\" data-e-type=\"widget\" data-widget_type=\"text-editor.default\">\n\t\t\t\t<div class=\"elementor-widget-container\">\n\t\t\t\t\t\t\t\t\t<p><a href=\"https:\/\/www.solida.ch\/downloads\/solida_unfall_assistance_de.vcf\" target=\"_blank\" rel=\"noopener\">vCard herunterladen<\/a><\/p>\t\t\t\t\t\t\t\t<\/div>\n\t\t\t\t<\/div>\n\t\t\t\t<div class=\"elementor-element elementor-element-fa07f50 solida_inline-bluebox-content_img-link elementor-hidden-mobile dce_masking-none elementor-widget elementor-widget-image\" data-id=\"fa07f50\" data-element_type=\"widget\" data-e-type=\"widget\" data-widget_type=\"image.default\">\n\t\t\t\t<div class=\"elementor-widget-container\">\n\t\t\t\t\t\t\t\t\t\t\t\t\t\t\t\t<a href=\"https:\/\/www.solida.ch\/downloads\/solida_unfall_assistance_de.vcf\" target=\"_blank\">\n\t\t\t\t\t\t\t<img decoding=\"async\" src=\"https:\/\/www.solida.ch\/wp-content\/uploads\/2023\/04\/assistance-qr.svg\" class=\"attachment-full size-full wp-image-5486\" alt=\"\" \/>\t\t\t\t\t\t\t\t<\/a>\n\t\t\t\t\t\t\t\t\t\t\t\t\t\t\t<\/div>\n\t\t\t\t<\/div>\n\t\t\t\t\t<\/div>\n\t\t\t\t<\/div>\n\t\t\t\t<div data-dce-text-color=\"#FFFFFF\" class=\"elementor-element elementor-element-878076d elementor-widget__width-inherit elementor-widget-tablet__width-inherit elementor-widget elementor-widget-text-editor\" data-id=\"878076d\" data-element_type=\"widget\" data-e-type=\"widget\" data-widget_type=\"text-editor.default\">\n\t\t\t\t<div class=\"elementor-widget-container\">\n\t\t\t\t\t\t\t\t\t<h3>Unsere Dienstleistungen f\u00fcr Sie:<\/h3><ul><li>Ein Kontakt in Ihrer Sprache<\/li><li>Organisation und Vermittlung von medizinischer Betreuung vor Ort<\/li><li>Erteilung von Kostengutsprachen und -vorsch\u00fcssen<\/li><li>R\u00fcckf\u00fchrung in die Schweiz<\/li><li>Benachrichtigung Ihrer n\u00e4chsten Angeh\u00f6rigen<\/li><li>Organisation der R\u00fcckreise der Begleitpersonen<\/li><li>R\u00fcckf\u00fchrungen bei Todesfall<\/li><\/ul><h3>SOLIDA Unfall-Assistance anrufen:<\/h3><p><a href=\"tel:+41582522929\">+41 58 252 29 29<\/a><\/p>\t\t\t\t\t\t\t\t<\/div>\n\t\t\t\t<\/div>\n\t\t\t\t<\/div>\n\t\t\t\t\t<\/div>\n\t\t\t\t<\/div>\n\t\t\t\t<\/div>\n\t\t","protected":false},"excerpt":{"rendered":"<p>Ein Unfall in einem fremden Land. Sie m\u00fcssen zum Arzt oder ins Spital, kennen sich aber nicht aus und beherrschen auch die Landessprache nicht. Diese Erfahrung ist schlimm genug. Rufen Sie uns an: Die SOLIDA hilft Ihnen und begleitet Sie auf Ihrem Genesungsweg. Falls n\u00f6tig bringen wir Sie auch nach Hause. Ein kostenloser Service der [&hellip;]<\/p>\n","protected":false},"author":1,"featured_media":5436,"parent":0,"menu_order":0,"comment_status":"closed","ping_status":"closed","template":"","meta":{"_acf_changed":false,"_monsterinsights_skip_tracking":false,"_monsterinsights_sitenote_active":false,"_monsterinsights_sitenote_note":"","_monsterinsights_sitenote_category":0,"footnotes":""},"categories":[],"class_list":["post-646","page","type-page","status-publish","has-post-thumbnail","hentry"],"acf":[],"yoast_head":"<!-- This site is optimized with the Yoast SEO Premium plugin v26.9 (Yoast SEO v27.4) - https:\/\/yoast.com\/product\/yoast-seo-premium-wordpress\/ -->\n<title>24\/7 Unfall-Assistance<\/title>\n<meta name=\"description\" content=\"Notfall im Ausland? SOLIDA Unfall-Assistance ist rund um die Uhr f\u00fcr Sie da. Wir bieten Unterst\u00fctzung in Ihrer Sprache, organisieren medizinische Versorgung und k\u00fcmmern uns um die R\u00fcckf\u00fchrung nach Hause, falls erforderlich.\" \/>\n<meta name=\"robots\" content=\"index, follow, max-snippet:-1, max-image-preview:large, max-video-preview:-1\" \/>\n<link rel=\"canonical\" href=\"https:\/\/www.solida.ch\/de\/assistance\/\" \/>\n<meta property=\"og:locale\" content=\"de_DE\" \/>\n<meta property=\"og:type\" content=\"article\" \/>\n<meta property=\"og:title\" content=\"24\/7 Notfallhilfe im Ausland\u00a0\u2013 mit der SOLIDA Unfall-Assistance\" \/>\n<meta property=\"og:description\" content=\"Notfall im Ausland? SOLIDA Unfall-Assistance ist rund um die Uhr f\u00fcr Sie da. Wir bieten Unterst\u00fctzung in Ihrer Sprache, organisieren medizinische Versorgung und k\u00fcmmern uns um die R\u00fcckf\u00fchrung nach Hause, falls erforderlich.\" \/>\n<meta property=\"og:url\" content=\"https:\/\/www.solida.ch\/de\/assistance\/\" \/>\n<meta property=\"og:site_name\" content=\"SOLIDA Versicherungen\" \/>\n<meta property=\"article:modified_time\" content=\"2023-06-13T23:30:41+00:00\" \/>\n<meta property=\"og:image\" content=\"https:\/\/www.solida.ch\/wp-content\/uploads\/2023\/04\/adobestock_427160524_sp.webp\" \/>\n\t<meta property=\"og:image:width\" content=\"2160\" \/>\n\t<meta property=\"og:image:height\" content=\"1440\" \/>\n\t<meta property=\"og:image:type\" content=\"image\/webp\" \/>\n<meta name=\"twitter:card\" content=\"summary_large_image\" \/>\n<meta name=\"twitter:label1\" content=\"Gesch\u00e4tzte Lesezeit\" \/>\n\t<meta name=\"twitter:data1\" content=\"2\u00a0Minuten\" \/>\n<script type=\"application\/ld+json\" class=\"yoast-schema-graph\">{\"@context\":\"https:\\\/\\\/schema.org\",\"@graph\":[{\"@type\":\"WebPage\",\"@id\":\"https:\\\/\\\/www.solida.ch\\\/de\\\/assistance\\\/\",\"url\":\"https:\\\/\\\/www.solida.ch\\\/de\\\/assistance\\\/\",\"name\":\"24\\\/7 Unfall-Assistance\",\"isPartOf\":{\"@id\":\"https:\\\/\\\/www.solida.ch\\\/de\\\/#website\"},\"primaryImageOfPage\":{\"@id\":\"https:\\\/\\\/www.solida.ch\\\/de\\\/assistance\\\/#primaryimage\"},\"image\":{\"@id\":\"https:\\\/\\\/www.solida.ch\\\/de\\\/assistance\\\/#primaryimage\"},\"thumbnailUrl\":\"https:\\\/\\\/www.solida.ch\\\/wp-content\\\/uploads\\\/2023\\\/04\\\/adobestock_427160524_sp.webp\",\"datePublished\":\"2023-03-13T15:37:17+00:00\",\"dateModified\":\"2023-06-13T23:30:41+00:00\",\"description\":\"Notfall im Ausland? SOLIDA Unfall-Assistance ist rund um die Uhr f\u00fcr Sie da. Wir bieten Unterst\u00fctzung in Ihrer Sprache, organisieren medizinische Versorgung und k\u00fcmmern uns um die R\u00fcckf\u00fchrung nach Hause, falls erforderlich.\",\"breadcrumb\":{\"@id\":\"https:\\\/\\\/www.solida.ch\\\/de\\\/assistance\\\/#breadcrumb\"},\"inLanguage\":\"de\",\"potentialAction\":[{\"@type\":\"ReadAction\",\"target\":[\"https:\\\/\\\/www.solida.ch\\\/de\\\/assistance\\\/\"]}]},{\"@type\":\"ImageObject\",\"inLanguage\":\"de\",\"@id\":\"https:\\\/\\\/www.solida.ch\\\/de\\\/assistance\\\/#primaryimage\",\"url\":\"https:\\\/\\\/www.solida.ch\\\/wp-content\\\/uploads\\\/2023\\\/04\\\/adobestock_427160524_sp.webp\",\"contentUrl\":\"https:\\\/\\\/www.solida.ch\\\/wp-content\\\/uploads\\\/2023\\\/04\\\/adobestock_427160524_sp.webp\",\"width\":2160,\"height\":1440},{\"@type\":\"BreadcrumbList\",\"@id\":\"https:\\\/\\\/www.solida.ch\\\/de\\\/assistance\\\/#breadcrumb\",\"itemListElement\":[{\"@type\":\"ListItem\",\"position\":1,\"name\":\"Startseite\",\"item\":\"https:\\\/\\\/www.solida.ch\\\/de\\\/\"},{\"@type\":\"ListItem\",\"position\":2,\"name\":\"24\\\/7 Notfallhilfe im Ausland\u00a0\u2013 mit der SOLIDA Unfall-Assistance\"}]},{\"@type\":\"WebSite\",\"@id\":\"https:\\\/\\\/www.solida.ch\\\/de\\\/#website\",\"url\":\"https:\\\/\\\/www.solida.ch\\\/de\\\/\",\"name\":\"SOLIDA\",\"description\":\"Unbeschwert durchs Leben gehen\",\"publisher\":{\"@id\":\"https:\\\/\\\/www.solida.ch\\\/de\\\/#organization\"},\"alternateName\":\"Solida\",\"potentialAction\":[{\"@type\":\"SearchAction\",\"target\":{\"@type\":\"EntryPoint\",\"urlTemplate\":\"https:\\\/\\\/www.solida.ch\\\/de\\\/?s={search_term_string}\"},\"query-input\":{\"@type\":\"PropertyValueSpecification\",\"valueRequired\":true,\"valueName\":\"search_term_string\"}}],\"inLanguage\":\"de\"},{\"@type\":\"Organization\",\"@id\":\"https:\\\/\\\/www.solida.ch\\\/de\\\/#organization\",\"name\":\"SOLIDA Versicherungen AG\",\"alternateName\":\"Solida\",\"url\":\"https:\\\/\\\/www.solida.ch\\\/de\\\/\",\"logo\":{\"@type\":\"ImageObject\",\"inLanguage\":\"de\",\"@id\":\"https:\\\/\\\/www.solida.ch\\\/de\\\/#\\\/schema\\\/logo\\\/image\\\/\",\"url\":\"https:\\\/\\\/www.solida.ch\\\/wp-content\\\/uploads\\\/2023\\\/03\\\/solida-favicon.png\",\"contentUrl\":\"https:\\\/\\\/www.solida.ch\\\/wp-content\\\/uploads\\\/2023\\\/03\\\/solida-favicon.png\",\"width\":1024,\"height\":1024,\"caption\":\"SOLIDA Versicherungen AG\"},\"image\":{\"@id\":\"https:\\\/\\\/www.solida.ch\\\/de\\\/#\\\/schema\\\/logo\\\/image\\\/\"}}]}<\/script>\n<!-- \/ Yoast SEO Premium plugin. -->","yoast_head_json":{"title":"24\/7 Unfall-Assistance","description":"Notfall im Ausland? SOLIDA Unfall-Assistance ist rund um die Uhr f\u00fcr Sie da. Wir bieten Unterst\u00fctzung in Ihrer Sprache, organisieren medizinische Versorgung und k\u00fcmmern uns um die R\u00fcckf\u00fchrung nach Hause, falls erforderlich.","robots":{"index":"index","follow":"follow","max-snippet":"max-snippet:-1","max-image-preview":"max-image-preview:large","max-video-preview":"max-video-preview:-1"},"canonical":"https:\/\/www.solida.ch\/de\/assistance\/","og_locale":"de_DE","og_type":"article","og_title":"24\/7 Notfallhilfe im Ausland\u00a0\u2013 mit der SOLIDA Unfall-Assistance","og_description":"Notfall im Ausland? SOLIDA Unfall-Assistance ist rund um die Uhr f\u00fcr Sie da. Wir bieten Unterst\u00fctzung in Ihrer Sprache, organisieren medizinische Versorgung und k\u00fcmmern uns um die R\u00fcckf\u00fchrung nach Hause, falls erforderlich.","og_url":"https:\/\/www.solida.ch\/de\/assistance\/","og_site_name":"SOLIDA Versicherungen","article_modified_time":"2023-06-13T23:30:41+00:00","og_image":[{"width":2160,"height":1440,"url":"https:\/\/www.solida.ch\/wp-content\/uploads\/2023\/04\/adobestock_427160524_sp.webp","type":"image\/webp"}],"twitter_card":"summary_large_image","twitter_misc":{"Gesch\u00e4tzte Lesezeit":"2\u00a0Minuten"},"schema":{"@context":"https:\/\/schema.org","@graph":[{"@type":"WebPage","@id":"https:\/\/www.solida.ch\/de\/assistance\/","url":"https:\/\/www.solida.ch\/de\/assistance\/","name":"24\/7 Unfall-Assistance","isPartOf":{"@id":"https:\/\/www.solida.ch\/de\/#website"},"primaryImageOfPage":{"@id":"https:\/\/www.solida.ch\/de\/assistance\/#primaryimage"},"image":{"@id":"https:\/\/www.solida.ch\/de\/assistance\/#primaryimage"},"thumbnailUrl":"https:\/\/www.solida.ch\/wp-content\/uploads\/2023\/04\/adobestock_427160524_sp.webp","datePublished":"2023-03-13T15:37:17+00:00","dateModified":"2023-06-13T23:30:41+00:00","description":"Notfall im Ausland? SOLIDA Unfall-Assistance ist rund um die Uhr f\u00fcr Sie da. Wir bieten Unterst\u00fctzung in Ihrer Sprache, organisieren medizinische Versorgung und k\u00fcmmern uns um die R\u00fcckf\u00fchrung nach Hause, falls erforderlich.","breadcrumb":{"@id":"https:\/\/www.solida.ch\/de\/assistance\/#breadcrumb"},"inLanguage":"de","potentialAction":[{"@type":"ReadAction","target":["https:\/\/www.solida.ch\/de\/assistance\/"]}]},{"@type":"ImageObject","inLanguage":"de","@id":"https:\/\/www.solida.ch\/de\/assistance\/#primaryimage","url":"https:\/\/www.solida.ch\/wp-content\/uploads\/2023\/04\/adobestock_427160524_sp.webp","contentUrl":"https:\/\/www.solida.ch\/wp-content\/uploads\/2023\/04\/adobestock_427160524_sp.webp","width":2160,"height":1440},{"@type":"BreadcrumbList","@id":"https:\/\/www.solida.ch\/de\/assistance\/#breadcrumb","itemListElement":[{"@type":"ListItem","position":1,"name":"Startseite","item":"https:\/\/www.solida.ch\/de\/"},{"@type":"ListItem","position":2,"name":"24\/7 Notfallhilfe im Ausland\u00a0\u2013 mit der SOLIDA Unfall-Assistance"}]},{"@type":"WebSite","@id":"https:\/\/www.solida.ch\/de\/#website","url":"https:\/\/www.solida.ch\/de\/","name":"SOLIDA","description":"Unbeschwert durchs Leben gehen","publisher":{"@id":"https:\/\/www.solida.ch\/de\/#organization"},"alternateName":"Solida","potentialAction":[{"@type":"SearchAction","target":{"@type":"EntryPoint","urlTemplate":"https:\/\/www.solida.ch\/de\/?s={search_term_string}"},"query-input":{"@type":"PropertyValueSpecification","valueRequired":true,"valueName":"search_term_string"}}],"inLanguage":"de"},{"@type":"Organization","@id":"https:\/\/www.solida.ch\/de\/#organization","name":"SOLIDA Versicherungen AG","alternateName":"Solida","url":"https:\/\/www.solida.ch\/de\/","logo":{"@type":"ImageObject","inLanguage":"de","@id":"https:\/\/www.solida.ch\/de\/#\/schema\/logo\/image\/","url":"https:\/\/www.solida.ch\/wp-content\/uploads\/2023\/03\/solida-favicon.png","contentUrl":"https:\/\/www.solida.ch\/wp-content\/uploads\/2023\/03\/solida-favicon.png","width":1024,"height":1024,"caption":"SOLIDA Versicherungen AG"},"image":{"@id":"https:\/\/www.solida.ch\/de\/#\/schema\/logo\/image\/"}}]}},"_links":{"self":[{"href":"https:\/\/www.solida.ch\/de\/wp-json\/wp\/v2\/pages\/646","targetHints":{"allow":["GET"]}}],"collection":[{"href":"https:\/\/www.solida.ch\/de\/wp-json\/wp\/v2\/pages"}],"about":[{"href":"https:\/\/www.solida.ch\/de\/wp-json\/wp\/v2\/types\/page"}],"author":[{"embeddable":true,"href":"https:\/\/www.solida.ch\/de\/wp-json\/wp\/v2\/users\/1"}],"replies":[{"embeddable":true,"href":"https:\/\/www.solida.ch\/de\/wp-json\/wp\/v2\/comments?post=646"}],"version-history":[{"count":0,"href":"https:\/\/www.solida.ch\/de\/wp-json\/wp\/v2\/pages\/646\/revisions"}],"wp:featuredmedia":[{"embeddable":true,"href":"https:\/\/www.solida.ch\/de\/wp-json\/wp\/v2\/media\/5436"}],"wp:attachment":[{"href":"https:\/\/www.solida.ch\/de\/wp-json\/wp\/v2\/media?parent=646"}],"wp:term":[{"taxonomy":"category","embeddable":true,"href":"https:\/\/www.solida.ch\/de\/wp-json\/wp\/v2\/categories?post=646"}],"curies":[{"name":"wp","href":"https:\/\/api.w.org\/{rel}","templated":true}]}}