{"id":4353,"date":"2023-03-26T07:22:40","date_gmt":"2023-03-26T05:22:40","guid":{"rendered":"https:\/\/pogewawa.cyon.site\/solida\/?page_id=4353"},"modified":"2023-06-12T17:17:51","modified_gmt":"2023-06-12T15:17:51","slug":"reiseversicherung","status":"publish","type":"page","link":"https:\/\/www.solida.ch\/de\/privatkunden\/reiseversicherung\/","title":{"rendered":"Reiseversicherung"},"content":{"rendered":"\n<p>Wir k\u00f6nnen Sie nicht vor unvorhergesehenen Ereignissen w\u00e4hrend Ihrer Reise sch\u00fctzen, sind aber im Fall der F\u00e4lle f\u00fcr Sie da. Mit unserer Reiseversicherung planen Sie Ihre Reisen mit grosser Vorfreude und einem sicheren Gef\u00fchl.<\/p>\n\n\n\n<p>Die Reiseversicherung von SOLIDA sch\u00fctzt Sie vor Krankheiten und Unf\u00e4llen w\u00e4hrend Ihrer Reisen:<\/p>\n\n\n\n<ul class=\"wp-block-list\">\n<li>Versicherungssumme von bis zu CHF 100\u2019000.\u2013 pro Person und Ereignis (bei Unfall und Krankheit)<\/li>\n\n\n\n<li>Abdeckung von Heilungskosten (Arzt, Medikamente, Krankenhausaufenthalt) und medizinisch notwendigen Transportkosten<\/li>\n\n\n\n<li>Such-, Rettungs- und Bergungsaktionen bis zu CHF 30\u2019000.\u2013<\/li>\n\n\n\n<li>Leichentransporte<\/li>\n\n\n\n<li>Zahnbehandlungskosten bei unfallbedingten Verletzungen<\/li>\n\n\n\n<li>Besuchskosten eines Familienangeh\u00f6rigen bei einem Krankenhausaufenthalt von mehr als sieben Tagen (Bahn 2. Klasse, Flug Economy-Klasse)<\/li>\n\n\n\n<li>Zus\u00e4tzliche Deckung bei Tod und Invalidit\u00e4t durch Unfall (UTI):\n<ul class=\"wp-block-list\">\n<li>Todesfallleistung: CHF 20\u2019000.\u2013<\/li>\n\n\n\n<li>Invalidit\u00e4tsleistung: CHF 100\u2019000.\u2013 (mit einer Progression von 350 %)<\/li>\n<\/ul>\n<\/li>\n<\/ul>\n\n\n\n<p>Die minimale Versicherungsdauer betr\u00e4gt vier Wochen, die maximale 52 Wochen. Angebrochene Wochen werden als ganze Wochen berechnet und zur Gesamtdauer hinzugef\u00fcgt.<\/p>\n\n\n\n<p>Schliessen Sie den Vertrag bequem online ab. Ihr Versicherungszertifikat folgt direkt per E-Mail und garantiert eine sofortige Absicherung.<\/p>\n","protected":false},"excerpt":{"rendered":"<p>Wir k\u00f6nnen Sie nicht vor unvorhergesehenen Ereignissen w\u00e4hrend Ihrer Reise sch\u00fctzen, sind aber im Fall der F\u00e4lle f\u00fcr Sie da. Mit unserer Reiseversicherung planen Sie Ihre Reisen mit grosser Vorfreude und einem sicheren Gef\u00fchl. Die Reiseversicherung von SOLIDA sch\u00fctzt Sie vor Krankheiten und Unf\u00e4llen w\u00e4hrend Ihrer Reisen: Die minimale Versicherungsdauer betr\u00e4gt vier Wochen, die maximale [&hellip;]<\/p>\n","protected":false},"author":1,"featured_media":8013,"parent":7888,"menu_order":1,"comment_status":"closed","ping_status":"closed","template":"","meta":{"_acf_changed":false,"_monsterinsights_skip_tracking":false,"_monsterinsights_sitenote_active":false,"_monsterinsights_sitenote_note":"","_monsterinsights_sitenote_category":0,"footnotes":""},"categories":[67,17],"class_list":["post-4353","page","type-page","status-publish","has-post-thumbnail","hentry","category-produkt-cta","category-produkt-privatkunden"],"acf":[],"yoast_head":"<!-- This site is optimized with the Yoast SEO Premium plugin v26.9 (Yoast SEO v27.4) - https:\/\/yoast.com\/product\/yoast-seo-premium-wordpress\/ -->\n<title>Reiseversicherung: Schnell &amp; bequem online abschliessen<\/title>\n<meta name=\"description\" content=\"Ihre Reiseversicherung von SOLIDA: Schneller Online-Abschluss mit sofortigem Schutz. Genie\u00dfen Sie Ihre Reise, wir k\u00fcmmern uns um den Rest.\" \/>\n<meta name=\"robots\" content=\"index, follow, max-snippet:-1, max-image-preview:large, max-video-preview:-1\" \/>\n<link rel=\"canonical\" href=\"https:\/\/www.solida.ch\/de\/privatkunden\/reiseversicherung\/\" \/>\n<meta property=\"og:locale\" content=\"de_DE\" \/>\n<meta property=\"og:type\" content=\"article\" \/>\n<meta property=\"og:title\" content=\"Reiseversicherung\" \/>\n<meta property=\"og:description\" content=\"Ihre Reiseversicherung von SOLIDA: Schneller Online-Abschluss mit sofortigem Schutz. Genie\u00dfen Sie Ihre Reise, wir k\u00fcmmern uns um den Rest.\" \/>\n<meta property=\"og:url\" content=\"https:\/\/www.solida.ch\/de\/privatkunden\/reiseversicherung\/\" \/>\n<meta property=\"og:site_name\" content=\"SOLIDA Versicherungen\" \/>\n<meta property=\"article:modified_time\" content=\"2023-06-12T15:17:51+00:00\" \/>\n<meta property=\"og:image\" content=\"https:\/\/www.solida.ch\/wp-content\/uploads\/2023\/05\/Bild-Reiseversicherung-1024x629.png\" \/>\n\t<meta property=\"og:image:width\" content=\"1024\" \/>\n\t<meta property=\"og:image:height\" content=\"629\" \/>\n\t<meta property=\"og:image:type\" content=\"image\/png\" \/>\n<meta name=\"twitter:card\" content=\"summary_large_image\" \/>\n<meta name=\"twitter:label1\" content=\"Gesch\u00e4tzte Lesezeit\" \/>\n\t<meta name=\"twitter:data1\" content=\"1\u00a0Minute\" \/>\n<script type=\"application\/ld+json\" class=\"yoast-schema-graph\">{\"@context\":\"https:\\\/\\\/schema.org\",\"@graph\":[{\"@type\":\"WebPage\",\"@id\":\"https:\\\/\\\/www.solida.ch\\\/de\\\/privatkunden\\\/reiseversicherung\\\/\",\"url\":\"https:\\\/\\\/www.solida.ch\\\/de\\\/privatkunden\\\/reiseversicherung\\\/\",\"name\":\"Reiseversicherung: Schnell & bequem online abschliessen\",\"isPartOf\":{\"@id\":\"https:\\\/\\\/www.solida.ch\\\/de\\\/#website\"},\"primaryImageOfPage\":{\"@id\":\"https:\\\/\\\/www.solida.ch\\\/de\\\/privatkunden\\\/reiseversicherung\\\/#primaryimage\"},\"image\":{\"@id\":\"https:\\\/\\\/www.solida.ch\\\/de\\\/privatkunden\\\/reiseversicherung\\\/#primaryimage\"},\"thumbnailUrl\":\"https:\\\/\\\/www.solida.ch\\\/wp-content\\\/uploads\\\/2023\\\/05\\\/Bild-Reiseversicherung.png\",\"datePublished\":\"2023-03-26T05:22:40+00:00\",\"dateModified\":\"2023-06-12T15:17:51+00:00\",\"description\":\"Ihre Reiseversicherung von SOLIDA: Schneller Online-Abschluss mit sofortigem Schutz. Genie\u00dfen Sie Ihre Reise, wir k\u00fcmmern uns um den Rest.\",\"breadcrumb\":{\"@id\":\"https:\\\/\\\/www.solida.ch\\\/de\\\/privatkunden\\\/reiseversicherung\\\/#breadcrumb\"},\"inLanguage\":\"de\",\"potentialAction\":[{\"@type\":\"ReadAction\",\"target\":[\"https:\\\/\\\/www.solida.ch\\\/de\\\/privatkunden\\\/reiseversicherung\\\/\"]}]},{\"@type\":\"ImageObject\",\"inLanguage\":\"de\",\"@id\":\"https:\\\/\\\/www.solida.ch\\\/de\\\/privatkunden\\\/reiseversicherung\\\/#primaryimage\",\"url\":\"https:\\\/\\\/www.solida.ch\\\/wp-content\\\/uploads\\\/2023\\\/05\\\/Bild-Reiseversicherung.png\",\"contentUrl\":\"https:\\\/\\\/www.solida.ch\\\/wp-content\\\/uploads\\\/2023\\\/05\\\/Bild-Reiseversicherung.png\",\"width\":2310,\"height\":1419},{\"@type\":\"BreadcrumbList\",\"@id\":\"https:\\\/\\\/www.solida.ch\\\/de\\\/privatkunden\\\/reiseversicherung\\\/#breadcrumb\",\"itemListElement\":[{\"@type\":\"ListItem\",\"position\":1,\"name\":\"Startseite\",\"item\":\"https:\\\/\\\/www.solida.ch\\\/de\\\/\"},{\"@type\":\"ListItem\",\"position\":2,\"name\":\"Privatkunden\",\"item\":\"https:\\\/\\\/www.solida.ch\\\/de\\\/privatkunden\\\/\"},{\"@type\":\"ListItem\",\"position\":3,\"name\":\"Reiseversicherung\"}]},{\"@type\":\"WebSite\",\"@id\":\"https:\\\/\\\/www.solida.ch\\\/de\\\/#website\",\"url\":\"https:\\\/\\\/www.solida.ch\\\/de\\\/\",\"name\":\"SOLIDA\",\"description\":\"Unbeschwert durchs Leben gehen\",\"publisher\":{\"@id\":\"https:\\\/\\\/www.solida.ch\\\/de\\\/#organization\"},\"alternateName\":\"Solida\",\"potentialAction\":[{\"@type\":\"SearchAction\",\"target\":{\"@type\":\"EntryPoint\",\"urlTemplate\":\"https:\\\/\\\/www.solida.ch\\\/de\\\/?s={search_term_string}\"},\"query-input\":{\"@type\":\"PropertyValueSpecification\",\"valueRequired\":true,\"valueName\":\"search_term_string\"}}],\"inLanguage\":\"de\"},{\"@type\":\"Organization\",\"@id\":\"https:\\\/\\\/www.solida.ch\\\/de\\\/#organization\",\"name\":\"SOLIDA Versicherungen AG\",\"alternateName\":\"Solida\",\"url\":\"https:\\\/\\\/www.solida.ch\\\/de\\\/\",\"logo\":{\"@type\":\"ImageObject\",\"inLanguage\":\"de\",\"@id\":\"https:\\\/\\\/www.solida.ch\\\/de\\\/#\\\/schema\\\/logo\\\/image\\\/\",\"url\":\"https:\\\/\\\/www.solida.ch\\\/wp-content\\\/uploads\\\/2023\\\/03\\\/solida-favicon.png\",\"contentUrl\":\"https:\\\/\\\/www.solida.ch\\\/wp-content\\\/uploads\\\/2023\\\/03\\\/solida-favicon.png\",\"width\":1024,\"height\":1024,\"caption\":\"SOLIDA Versicherungen AG\"},\"image\":{\"@id\":\"https:\\\/\\\/www.solida.ch\\\/de\\\/#\\\/schema\\\/logo\\\/image\\\/\"}}]}<\/script>\n<!-- \/ Yoast SEO Premium plugin. -->","yoast_head_json":{"title":"Reiseversicherung: Schnell & bequem online abschliessen","description":"Ihre Reiseversicherung von SOLIDA: Schneller Online-Abschluss mit sofortigem Schutz. Genie\u00dfen Sie Ihre Reise, wir k\u00fcmmern uns um den Rest.","robots":{"index":"index","follow":"follow","max-snippet":"max-snippet:-1","max-image-preview":"max-image-preview:large","max-video-preview":"max-video-preview:-1"},"canonical":"https:\/\/www.solida.ch\/de\/privatkunden\/reiseversicherung\/","og_locale":"de_DE","og_type":"article","og_title":"Reiseversicherung","og_description":"Ihre Reiseversicherung von SOLIDA: Schneller Online-Abschluss mit sofortigem Schutz. Genie\u00dfen Sie Ihre Reise, wir k\u00fcmmern uns um den Rest.","og_url":"https:\/\/www.solida.ch\/de\/privatkunden\/reiseversicherung\/","og_site_name":"SOLIDA Versicherungen","article_modified_time":"2023-06-12T15:17:51+00:00","og_image":[{"width":1024,"height":629,"url":"https:\/\/www.solida.ch\/wp-content\/uploads\/2023\/05\/Bild-Reiseversicherung-1024x629.png","type":"image\/png"}],"twitter_card":"summary_large_image","twitter_misc":{"Gesch\u00e4tzte Lesezeit":"1\u00a0Minute"},"schema":{"@context":"https:\/\/schema.org","@graph":[{"@type":"WebPage","@id":"https:\/\/www.solida.ch\/de\/privatkunden\/reiseversicherung\/","url":"https:\/\/www.solida.ch\/de\/privatkunden\/reiseversicherung\/","name":"Reiseversicherung: Schnell & bequem online abschliessen","isPartOf":{"@id":"https:\/\/www.solida.ch\/de\/#website"},"primaryImageOfPage":{"@id":"https:\/\/www.solida.ch\/de\/privatkunden\/reiseversicherung\/#primaryimage"},"image":{"@id":"https:\/\/www.solida.ch\/de\/privatkunden\/reiseversicherung\/#primaryimage"},"thumbnailUrl":"https:\/\/www.solida.ch\/wp-content\/uploads\/2023\/05\/Bild-Reiseversicherung.png","datePublished":"2023-03-26T05:22:40+00:00","dateModified":"2023-06-12T15:17:51+00:00","description":"Ihre Reiseversicherung von SOLIDA: Schneller Online-Abschluss mit sofortigem Schutz. Genie\u00dfen Sie Ihre Reise, wir k\u00fcmmern uns um den Rest.","breadcrumb":{"@id":"https:\/\/www.solida.ch\/de\/privatkunden\/reiseversicherung\/#breadcrumb"},"inLanguage":"de","potentialAction":[{"@type":"ReadAction","target":["https:\/\/www.solida.ch\/de\/privatkunden\/reiseversicherung\/"]}]},{"@type":"ImageObject","inLanguage":"de","@id":"https:\/\/www.solida.ch\/de\/privatkunden\/reiseversicherung\/#primaryimage","url":"https:\/\/www.solida.ch\/wp-content\/uploads\/2023\/05\/Bild-Reiseversicherung.png","contentUrl":"https:\/\/www.solida.ch\/wp-content\/uploads\/2023\/05\/Bild-Reiseversicherung.png","width":2310,"height":1419},{"@type":"BreadcrumbList","@id":"https:\/\/www.solida.ch\/de\/privatkunden\/reiseversicherung\/#breadcrumb","itemListElement":[{"@type":"ListItem","position":1,"name":"Startseite","item":"https:\/\/www.solida.ch\/de\/"},{"@type":"ListItem","position":2,"name":"Privatkunden","item":"https:\/\/www.solida.ch\/de\/privatkunden\/"},{"@type":"ListItem","position":3,"name":"Reiseversicherung"}]},{"@type":"WebSite","@id":"https:\/\/www.solida.ch\/de\/#website","url":"https:\/\/www.solida.ch\/de\/","name":"SOLIDA","description":"Unbeschwert durchs Leben gehen","publisher":{"@id":"https:\/\/www.solida.ch\/de\/#organization"},"alternateName":"Solida","potentialAction":[{"@type":"SearchAction","target":{"@type":"EntryPoint","urlTemplate":"https:\/\/www.solida.ch\/de\/?s={search_term_string}"},"query-input":{"@type":"PropertyValueSpecification","valueRequired":true,"valueName":"search_term_string"}}],"inLanguage":"de"},{"@type":"Organization","@id":"https:\/\/www.solida.ch\/de\/#organization","name":"SOLIDA Versicherungen AG","alternateName":"Solida","url":"https:\/\/www.solida.ch\/de\/","logo":{"@type":"ImageObject","inLanguage":"de","@id":"https:\/\/www.solida.ch\/de\/#\/schema\/logo\/image\/","url":"https:\/\/www.solida.ch\/wp-content\/uploads\/2023\/03\/solida-favicon.png","contentUrl":"https:\/\/www.solida.ch\/wp-content\/uploads\/2023\/03\/solida-favicon.png","width":1024,"height":1024,"caption":"SOLIDA Versicherungen AG"},"image":{"@id":"https:\/\/www.solida.ch\/de\/#\/schema\/logo\/image\/"}}]}},"_links":{"self":[{"href":"https:\/\/www.solida.ch\/de\/wp-json\/wp\/v2\/pages\/4353","targetHints":{"allow":["GET"]}}],"collection":[{"href":"https:\/\/www.solida.ch\/de\/wp-json\/wp\/v2\/pages"}],"about":[{"href":"https:\/\/www.solida.ch\/de\/wp-json\/wp\/v2\/types\/page"}],"author":[{"embeddable":true,"href":"https:\/\/www.solida.ch\/de\/wp-json\/wp\/v2\/users\/1"}],"replies":[{"embeddable":true,"href":"https:\/\/www.solida.ch\/de\/wp-json\/wp\/v2\/comments?post=4353"}],"version-history":[{"count":0,"href":"https:\/\/www.solida.ch\/de\/wp-json\/wp\/v2\/pages\/4353\/revisions"}],"up":[{"embeddable":true,"href":"https:\/\/www.solida.ch\/de\/wp-json\/wp\/v2\/pages\/7888"}],"wp:featuredmedia":[{"embeddable":true,"href":"https:\/\/www.solida.ch\/de\/wp-json\/wp\/v2\/media\/8013"}],"wp:attachment":[{"href":"https:\/\/www.solida.ch\/de\/wp-json\/wp\/v2\/media?parent=4353"}],"wp:term":[{"taxonomy":"category","embeddable":true,"href":"https:\/\/www.solida.ch\/de\/wp-json\/wp\/v2\/categories?post=4353"}],"curies":[{"name":"wp","href":"https:\/\/api.w.org\/{rel}","templated":true}]}}