{"id":4342,"date":"2023-03-26T06:46:40","date_gmt":"2023-03-26T04:46:40","guid":{"rendered":"https:\/\/pogewawa.cyon.site\/solida\/?page_id=4342"},"modified":"2023-08-30T04:59:14","modified_gmt":"2023-08-30T02:59:14","slug":"veranstaltungen","status":"publish","type":"page","link":"https:\/\/www.solida.ch\/de\/geschaeftskunden\/veranstaltungen\/","title":{"rendered":"Kollektiv-Unfallversicherung f\u00fcr&nbsp;Veranstaltungen"},"content":{"rendered":"\n<p>Mit der Kollektiv-Unfallversicherung der SOLIDA f\u00fcr Veranstaltungen sichern Sie die wirtschaftlichen Auswirkungen von Unf\u00e4llen ab, die bei der Organisation und Durchf\u00fchrung von Veranstaltungen einer definierten Personengruppe (Organisatoren und freiwillige Helfer) entstehen.<\/p>\n\n\n\n<p>Die Versicherungsleistungen und -deckungen basieren auf den Allgemeinen Versicherungsbedingungen der UVG-Erg\u00e4nzungs- und Zusatzversicherung.<\/p>\n","protected":false},"excerpt":{"rendered":"<p>Mit der Kollektiv-Unfallversicherung der SOLIDA f\u00fcr Veranstaltungen sichern Sie die wirtschaftlichen Auswirkungen von Unf\u00e4llen ab, die bei der Organisation und Durchf\u00fchrung von Veranstaltungen einer definierten Personengruppe (Organisatoren und freiwillige Helfer) entstehen. Die Versicherungsleistungen und -deckungen basieren auf den Allgemeinen Versicherungsbedingungen der UVG-Erg\u00e4nzungs- und Zusatzversicherung.<\/p>\n","protected":false},"author":1,"featured_media":8871,"parent":13,"menu_order":5,"comment_status":"closed","ping_status":"closed","template":"","meta":{"_acf_changed":false,"_monsterinsights_skip_tracking":false,"_monsterinsights_sitenote_active":false,"_monsterinsights_sitenote_note":"","_monsterinsights_sitenote_category":0,"footnotes":""},"categories":[18],"class_list":["post-4342","page","type-page","status-publish","has-post-thumbnail","hentry","category-produkt-geschaeftskunden"],"acf":[],"yoast_head":"<!-- This site is optimized with the Yoast SEO Premium plugin v26.9 (Yoast SEO v27.4) - https:\/\/yoast.com\/product\/yoast-seo-premium-wordpress\/ -->\n<title>Kollektiv-Unfallversicherung f\u00fcr Veranstaltungen<\/title>\n<meta name=\"description\" content=\"Sch\u00fctzen Sie sich bei der Organisation von Veranstaltungen. Wir sichern die wirtschaftlichen Auswirkungen von Unf\u00e4llen f\u00fcr Organisatoren und freiwillige Helfer ab.\" \/>\n<meta name=\"robots\" content=\"index, follow, max-snippet:-1, max-image-preview:large, max-video-preview:-1\" \/>\n<link rel=\"canonical\" href=\"https:\/\/www.solida.ch\/de\/geschaeftskunden\/veranstaltungen\/\" \/>\n<meta property=\"og:locale\" content=\"de_DE\" \/>\n<meta property=\"og:type\" content=\"article\" \/>\n<meta property=\"og:title\" content=\"Kollektiv-Unfallversicherung f\u00fcr&nbsp;Veranstaltungen\" \/>\n<meta property=\"og:description\" content=\"Sch\u00fctzen Sie sich bei der Organisation von Veranstaltungen. Wir sichern die wirtschaftlichen Auswirkungen von Unf\u00e4llen f\u00fcr Organisatoren und freiwillige Helfer ab.\" \/>\n<meta property=\"og:url\" content=\"https:\/\/www.solida.ch\/de\/geschaeftskunden\/veranstaltungen\/\" \/>\n<meta property=\"og:site_name\" content=\"SOLIDA Versicherungen\" \/>\n<meta property=\"article:modified_time\" content=\"2023-08-30T02:59:14+00:00\" \/>\n<meta property=\"og:image\" content=\"https:\/\/www.solida.ch\/wp-content\/uploads\/2023\/06\/haengelampen-im-outdoor-restaurant-mit-mehreren-besuchern-im-hintergrund-bbq.jpg\" \/>\n\t<meta property=\"og:image:width\" content=\"1500\" \/>\n\t<meta property=\"og:image:height\" content=\"1000\" \/>\n\t<meta property=\"og:image:type\" content=\"image\/jpeg\" \/>\n<meta name=\"twitter:card\" content=\"summary_large_image\" \/>\n<meta name=\"twitter:label1\" content=\"Gesch\u00e4tzte Lesezeit\" \/>\n\t<meta name=\"twitter:data1\" content=\"1\u00a0Minute\" \/>\n<script type=\"application\/ld+json\" class=\"yoast-schema-graph\">{\"@context\":\"https:\\\/\\\/schema.org\",\"@graph\":[{\"@type\":\"WebPage\",\"@id\":\"https:\\\/\\\/www.solida.ch\\\/de\\\/geschaeftskunden\\\/veranstaltungen\\\/\",\"url\":\"https:\\\/\\\/www.solida.ch\\\/de\\\/geschaeftskunden\\\/veranstaltungen\\\/\",\"name\":\"Kollektiv-Unfallversicherung f\u00fcr Veranstaltungen\",\"isPartOf\":{\"@id\":\"https:\\\/\\\/www.solida.ch\\\/de\\\/#website\"},\"primaryImageOfPage\":{\"@id\":\"https:\\\/\\\/www.solida.ch\\\/de\\\/geschaeftskunden\\\/veranstaltungen\\\/#primaryimage\"},\"image\":{\"@id\":\"https:\\\/\\\/www.solida.ch\\\/de\\\/geschaeftskunden\\\/veranstaltungen\\\/#primaryimage\"},\"thumbnailUrl\":\"https:\\\/\\\/www.solida.ch\\\/wp-content\\\/uploads\\\/2023\\\/06\\\/haengelampen-im-outdoor-restaurant-mit-mehreren-besuchern-im-hintergrund-bbq.jpg\",\"datePublished\":\"2023-03-26T04:46:40+00:00\",\"dateModified\":\"2023-08-30T02:59:14+00:00\",\"description\":\"Sch\u00fctzen Sie sich bei der Organisation von Veranstaltungen. Wir sichern die wirtschaftlichen Auswirkungen von Unf\u00e4llen f\u00fcr Organisatoren und freiwillige Helfer ab.\",\"breadcrumb\":{\"@id\":\"https:\\\/\\\/www.solida.ch\\\/de\\\/geschaeftskunden\\\/veranstaltungen\\\/#breadcrumb\"},\"inLanguage\":\"de\",\"potentialAction\":[{\"@type\":\"ReadAction\",\"target\":[\"https:\\\/\\\/www.solida.ch\\\/de\\\/geschaeftskunden\\\/veranstaltungen\\\/\"]}]},{\"@type\":\"ImageObject\",\"inLanguage\":\"de\",\"@id\":\"https:\\\/\\\/www.solida.ch\\\/de\\\/geschaeftskunden\\\/veranstaltungen\\\/#primaryimage\",\"url\":\"https:\\\/\\\/www.solida.ch\\\/wp-content\\\/uploads\\\/2023\\\/06\\\/haengelampen-im-outdoor-restaurant-mit-mehreren-besuchern-im-hintergrund-bbq.jpg\",\"contentUrl\":\"https:\\\/\\\/www.solida.ch\\\/wp-content\\\/uploads\\\/2023\\\/06\\\/haengelampen-im-outdoor-restaurant-mit-mehreren-besuchern-im-hintergrund-bbq.jpg\",\"width\":1500,\"height\":1000},{\"@type\":\"BreadcrumbList\",\"@id\":\"https:\\\/\\\/www.solida.ch\\\/de\\\/geschaeftskunden\\\/veranstaltungen\\\/#breadcrumb\",\"itemListElement\":[{\"@type\":\"ListItem\",\"position\":1,\"name\":\"Startseite\",\"item\":\"https:\\\/\\\/www.solida.ch\\\/de\\\/\"},{\"@type\":\"ListItem\",\"position\":2,\"name\":\"Gesch\u00e4ftskunden\",\"item\":\"https:\\\/\\\/www.solida.ch\\\/de\\\/\"},{\"@type\":\"ListItem\",\"position\":3,\"name\":\"Kollektiv-Unfallversicherung f\u00fcr&nbsp;Veranstaltungen\"}]},{\"@type\":\"WebSite\",\"@id\":\"https:\\\/\\\/www.solida.ch\\\/de\\\/#website\",\"url\":\"https:\\\/\\\/www.solida.ch\\\/de\\\/\",\"name\":\"SOLIDA\",\"description\":\"Unbeschwert durchs Leben gehen\",\"publisher\":{\"@id\":\"https:\\\/\\\/www.solida.ch\\\/de\\\/#organization\"},\"alternateName\":\"Solida\",\"potentialAction\":[{\"@type\":\"SearchAction\",\"target\":{\"@type\":\"EntryPoint\",\"urlTemplate\":\"https:\\\/\\\/www.solida.ch\\\/de\\\/?s={search_term_string}\"},\"query-input\":{\"@type\":\"PropertyValueSpecification\",\"valueRequired\":true,\"valueName\":\"search_term_string\"}}],\"inLanguage\":\"de\"},{\"@type\":\"Organization\",\"@id\":\"https:\\\/\\\/www.solida.ch\\\/de\\\/#organization\",\"name\":\"SOLIDA Versicherungen AG\",\"alternateName\":\"Solida\",\"url\":\"https:\\\/\\\/www.solida.ch\\\/de\\\/\",\"logo\":{\"@type\":\"ImageObject\",\"inLanguage\":\"de\",\"@id\":\"https:\\\/\\\/www.solida.ch\\\/de\\\/#\\\/schema\\\/logo\\\/image\\\/\",\"url\":\"https:\\\/\\\/www.solida.ch\\\/wp-content\\\/uploads\\\/2023\\\/03\\\/solida-favicon.png\",\"contentUrl\":\"https:\\\/\\\/www.solida.ch\\\/wp-content\\\/uploads\\\/2023\\\/03\\\/solida-favicon.png\",\"width\":1024,\"height\":1024,\"caption\":\"SOLIDA Versicherungen AG\"},\"image\":{\"@id\":\"https:\\\/\\\/www.solida.ch\\\/de\\\/#\\\/schema\\\/logo\\\/image\\\/\"}}]}<\/script>\n<!-- \/ Yoast SEO Premium plugin. -->","yoast_head_json":{"title":"Kollektiv-Unfallversicherung f\u00fcr Veranstaltungen","description":"Sch\u00fctzen Sie sich bei der Organisation von Veranstaltungen. Wir sichern die wirtschaftlichen Auswirkungen von Unf\u00e4llen f\u00fcr Organisatoren und freiwillige Helfer ab.","robots":{"index":"index","follow":"follow","max-snippet":"max-snippet:-1","max-image-preview":"max-image-preview:large","max-video-preview":"max-video-preview:-1"},"canonical":"https:\/\/www.solida.ch\/de\/geschaeftskunden\/veranstaltungen\/","og_locale":"de_DE","og_type":"article","og_title":"Kollektiv-Unfallversicherung f\u00fcr&nbsp;Veranstaltungen","og_description":"Sch\u00fctzen Sie sich bei der Organisation von Veranstaltungen. Wir sichern die wirtschaftlichen Auswirkungen von Unf\u00e4llen f\u00fcr Organisatoren und freiwillige Helfer ab.","og_url":"https:\/\/www.solida.ch\/de\/geschaeftskunden\/veranstaltungen\/","og_site_name":"SOLIDA Versicherungen","article_modified_time":"2023-08-30T02:59:14+00:00","og_image":[{"width":1500,"height":1000,"url":"https:\/\/www.solida.ch\/wp-content\/uploads\/2023\/06\/haengelampen-im-outdoor-restaurant-mit-mehreren-besuchern-im-hintergrund-bbq.jpg","type":"image\/jpeg"}],"twitter_card":"summary_large_image","twitter_misc":{"Gesch\u00e4tzte Lesezeit":"1\u00a0Minute"},"schema":{"@context":"https:\/\/schema.org","@graph":[{"@type":"WebPage","@id":"https:\/\/www.solida.ch\/de\/geschaeftskunden\/veranstaltungen\/","url":"https:\/\/www.solida.ch\/de\/geschaeftskunden\/veranstaltungen\/","name":"Kollektiv-Unfallversicherung f\u00fcr Veranstaltungen","isPartOf":{"@id":"https:\/\/www.solida.ch\/de\/#website"},"primaryImageOfPage":{"@id":"https:\/\/www.solida.ch\/de\/geschaeftskunden\/veranstaltungen\/#primaryimage"},"image":{"@id":"https:\/\/www.solida.ch\/de\/geschaeftskunden\/veranstaltungen\/#primaryimage"},"thumbnailUrl":"https:\/\/www.solida.ch\/wp-content\/uploads\/2023\/06\/haengelampen-im-outdoor-restaurant-mit-mehreren-besuchern-im-hintergrund-bbq.jpg","datePublished":"2023-03-26T04:46:40+00:00","dateModified":"2023-08-30T02:59:14+00:00","description":"Sch\u00fctzen Sie sich bei der Organisation von Veranstaltungen. Wir sichern die wirtschaftlichen Auswirkungen von Unf\u00e4llen f\u00fcr Organisatoren und freiwillige Helfer ab.","breadcrumb":{"@id":"https:\/\/www.solida.ch\/de\/geschaeftskunden\/veranstaltungen\/#breadcrumb"},"inLanguage":"de","potentialAction":[{"@type":"ReadAction","target":["https:\/\/www.solida.ch\/de\/geschaeftskunden\/veranstaltungen\/"]}]},{"@type":"ImageObject","inLanguage":"de","@id":"https:\/\/www.solida.ch\/de\/geschaeftskunden\/veranstaltungen\/#primaryimage","url":"https:\/\/www.solida.ch\/wp-content\/uploads\/2023\/06\/haengelampen-im-outdoor-restaurant-mit-mehreren-besuchern-im-hintergrund-bbq.jpg","contentUrl":"https:\/\/www.solida.ch\/wp-content\/uploads\/2023\/06\/haengelampen-im-outdoor-restaurant-mit-mehreren-besuchern-im-hintergrund-bbq.jpg","width":1500,"height":1000},{"@type":"BreadcrumbList","@id":"https:\/\/www.solida.ch\/de\/geschaeftskunden\/veranstaltungen\/#breadcrumb","itemListElement":[{"@type":"ListItem","position":1,"name":"Startseite","item":"https:\/\/www.solida.ch\/de\/"},{"@type":"ListItem","position":2,"name":"Gesch\u00e4ftskunden","item":"https:\/\/www.solida.ch\/de\/"},{"@type":"ListItem","position":3,"name":"Kollektiv-Unfallversicherung f\u00fcr&nbsp;Veranstaltungen"}]},{"@type":"WebSite","@id":"https:\/\/www.solida.ch\/de\/#website","url":"https:\/\/www.solida.ch\/de\/","name":"SOLIDA","description":"Unbeschwert durchs Leben gehen","publisher":{"@id":"https:\/\/www.solida.ch\/de\/#organization"},"alternateName":"Solida","potentialAction":[{"@type":"SearchAction","target":{"@type":"EntryPoint","urlTemplate":"https:\/\/www.solida.ch\/de\/?s={search_term_string}"},"query-input":{"@type":"PropertyValueSpecification","valueRequired":true,"valueName":"search_term_string"}}],"inLanguage":"de"},{"@type":"Organization","@id":"https:\/\/www.solida.ch\/de\/#organization","name":"SOLIDA Versicherungen AG","alternateName":"Solida","url":"https:\/\/www.solida.ch\/de\/","logo":{"@type":"ImageObject","inLanguage":"de","@id":"https:\/\/www.solida.ch\/de\/#\/schema\/logo\/image\/","url":"https:\/\/www.solida.ch\/wp-content\/uploads\/2023\/03\/solida-favicon.png","contentUrl":"https:\/\/www.solida.ch\/wp-content\/uploads\/2023\/03\/solida-favicon.png","width":1024,"height":1024,"caption":"SOLIDA Versicherungen AG"},"image":{"@id":"https:\/\/www.solida.ch\/de\/#\/schema\/logo\/image\/"}}]}},"_links":{"self":[{"href":"https:\/\/www.solida.ch\/de\/wp-json\/wp\/v2\/pages\/4342","targetHints":{"allow":["GET"]}}],"collection":[{"href":"https:\/\/www.solida.ch\/de\/wp-json\/wp\/v2\/pages"}],"about":[{"href":"https:\/\/www.solida.ch\/de\/wp-json\/wp\/v2\/types\/page"}],"author":[{"embeddable":true,"href":"https:\/\/www.solida.ch\/de\/wp-json\/wp\/v2\/users\/1"}],"replies":[{"embeddable":true,"href":"https:\/\/www.solida.ch\/de\/wp-json\/wp\/v2\/comments?post=4342"}],"version-history":[{"count":0,"href":"https:\/\/www.solida.ch\/de\/wp-json\/wp\/v2\/pages\/4342\/revisions"}],"up":[{"embeddable":true,"href":"https:\/\/www.solida.ch\/de\/wp-json\/wp\/v2\/pages\/13"}],"wp:featuredmedia":[{"embeddable":true,"href":"https:\/\/www.solida.ch\/de\/wp-json\/wp\/v2\/media\/8871"}],"wp:attachment":[{"href":"https:\/\/www.solida.ch\/de\/wp-json\/wp\/v2\/media?parent=4342"}],"wp:term":[{"taxonomy":"category","embeddable":true,"href":"https:\/\/www.solida.ch\/de\/wp-json\/wp\/v2\/categories?post=4342"}],"curies":[{"name":"wp","href":"https:\/\/api.w.org\/{rel}","templated":true}]}}