{"id":4340,"date":"2023-03-26T06:46:09","date_gmt":"2023-03-26T04:46:09","guid":{"rendered":"https:\/\/pogewawa.cyon.site\/solida\/?page_id=4340"},"modified":"2023-06-14T13:58:48","modified_gmt":"2023-06-14T11:58:48","slug":"uvg-zusatz","status":"publish","type":"page","link":"https:\/\/www.solida.ch\/de\/geschaeftskunden\/uvg-zusatz\/","title":{"rendered":"UVG-Erg\u00e4nzungs- und Zusatzversicherung"},"content":{"rendered":"\n<div class=\"wp-block-columns is-layout-flex wp-container-core-columns-is-layout-28f84493 wp-block-columns-is-layout-flex\">\n<div class=\"wp-block-column is-layout-flow wp-block-column-is-layout-flow\">\n<p>Unsere UVG-Erg\u00e4nzungs- und Zusatzversicherung bietet eine vollst\u00e4ndige Absicherung des Lohnausfalls Ihrer Mitarbeitenden ab dem ersten Tag sowie die Deckung der Verdienste, die \u00fcber dem UVG-H\u00f6chstlohn von CHF 148&#8217;200.\u2013 liegen. Angeh\u00f6rige Ihrer Mitarbeitenden erhalten zudem im Falle eines t\u00f6dlichen Unfalls ein Todesfallkapital zur finanziellen Unterst\u00fctzung.<\/p>\n\n\n\n<p>Die UVG-Erg\u00e4nzungs- und Zusatzversicherung der SOLIDA richtet sich an folgende Zielgruppen:<\/p>\n\n\n\n<ul class=\"wp-block-list\">\n<li>Betriebe, die gem\u00e4ss Bundesgesetz \u00fcber die Unfallversicherung (UVG) vom 20. M\u00e4rz 1981 versichert sind<\/li>\n\n\n\n<li>Freiwillig versicherte Personen gem\u00e4ss UVG, einschliesslich freiwillig versicherte Selbstst\u00e4ndigerwerbende, die keine Arbeitnehmende besch\u00e4ftigen<\/li>\n\n\n\n<li>Betriebe, die bei der Suva UVG-versichert sind<\/li>\n<\/ul>\n<\/div>\n\n\n\n<div class=\"wp-block-column is-layout-flow wp-block-column-is-layout-flow\">\n<p>Unsere UVG-Erg\u00e4nzungs- und Zusatzversicherung hat noch viel mehr zu bieten:<\/p>\n\n\n\n<ul class=\"wp-block-list\">\n<li>Bis zu CHF 20\u2019000.\u2013 f\u00fcr sichtbare \u00e4sthetische Sch\u00e4den<\/li>\n\n\n\n<li>Lohnnachgenuss f\u00fcr den hinterbliebenen Ehegatten, hinterbliebene minderj\u00e4hrige Kinder oder andere unterst\u00fctzungsberechtigte Personen im Falle eines t\u00f6dlichen Unfalls<\/li>\n\n\n\n<li>Attraktive Gr\u00f6ssenrabatte, je nach versicherter Lohnsumme oder Anzahl versicherter Personen<\/li>\n\n\n\n<li>Kombinationsrabatt bei vorhandener SOLIDA UVG-Basis (obligatorische Unfallversicherung)<\/li>\n\n\n\n<li>Erg\u00e4nzung oder Ersatz von Geldleistungen der gesetzlichen Unfallversicherung in F\u00e4llen von Leistungsk\u00fcrzungen oder -verweigerungen aufgrund schuldhafter Herbeif\u00fchrung des Unfalls oder aussergew\u00f6hnlicher Gefahren und Wagnisse.<\/li>\n<\/ul>\n<\/div>\n<\/div>\n\n\n\n<p>Die UVG-Erg\u00e4nzungs- und Zusatzversicherung von SOLIDA ist die optimale Absicherung f\u00fcr individuelle Bed\u00fcrfnisse. Erweitern Sie Ihren Unfallschutz und profitieren Sie von zus\u00e4tzlichen Leistungen, die \u00fcber die gesetzlichen Vorgaben hinausgehen. Damit sch\u00fctzen Sie Ihre Arbeitnehmenden und sich selbst vor unvorhergesehenen finanziellen Belastungen. Nicht zuletzt gewinnen Sie mit solchen Zusatzleistungen an Attraktivit\u00e4t auf dem Arbeitsmarkt.<\/p>\n","protected":false},"excerpt":{"rendered":"<p>Unsere UVG-Erg\u00e4nzungs- und Zusatzversicherung bietet eine vollst\u00e4ndige Absicherung des Lohnausfalls Ihrer Mitarbeitenden ab dem ersten Tag sowie die Deckung der Verdienste, die \u00fcber dem UVG-H\u00f6chstlohn von CHF 148&#8217;200.\u2013 liegen. Angeh\u00f6rige Ihrer Mitarbeitenden erhalten zudem im Falle eines t\u00f6dlichen Unfalls ein Todesfallkapital zur finanziellen Unterst\u00fctzung. Die UVG-Erg\u00e4nzungs- und Zusatzversicherung der SOLIDA richtet sich an folgende Zielgruppen: [&hellip;]<\/p>\n","protected":false},"author":1,"featured_media":8030,"parent":13,"menu_order":2,"comment_status":"closed","ping_status":"closed","template":"","meta":{"_acf_changed":false,"_monsterinsights_skip_tracking":false,"_monsterinsights_sitenote_active":false,"_monsterinsights_sitenote_note":"","_monsterinsights_sitenote_category":0,"footnotes":""},"categories":[67,18],"class_list":["post-4340","page","type-page","status-publish","has-post-thumbnail","hentry","category-produkt-cta","category-produkt-geschaeftskunden"],"acf":[],"yoast_head":"<!-- This site is optimized with the Yoast SEO Premium plugin v26.9 (Yoast SEO v27.2) - https:\/\/yoast.com\/product\/yoast-seo-premium-wordpress\/ -->\n<title>UVG-Erg\u00e4nzungs- &amp; Zusatzversicherung<\/title>\n<meta name=\"description\" content=\"Sichern Sie den Lebensstandard Ihrer Mitarbeiter ab: Die UVG-Erg\u00e4nzungs- und Zusatzversicherung von SOLIDA bietet umfassenden Schutz \u00fcber die gesetzlichen Vorgaben hinaus.\" \/>\n<meta name=\"robots\" content=\"index, follow, max-snippet:-1, max-image-preview:large, max-video-preview:-1\" \/>\n<link rel=\"canonical\" href=\"https:\/\/www.solida.ch\/de\/geschaeftskunden\/uvg-zusatz\/\" \/>\n<meta property=\"og:locale\" content=\"de_DE\" \/>\n<meta property=\"og:type\" content=\"article\" \/>\n<meta property=\"og:title\" content=\"UVG-Erg\u00e4nzungs- und Zusatzversicherung\" \/>\n<meta property=\"og:description\" content=\"Sichern Sie den Lebensstandard Ihrer Mitarbeiter ab: Die UVG-Erg\u00e4nzungs- und Zusatzversicherung von SOLIDA bietet umfassenden Schutz \u00fcber die gesetzlichen Vorgaben hinaus.\" \/>\n<meta property=\"og:url\" content=\"https:\/\/www.solida.ch\/de\/geschaeftskunden\/uvg-zusatz\/\" \/>\n<meta property=\"og:site_name\" content=\"SOLIDA Versicherungen\" \/>\n<meta property=\"article:modified_time\" content=\"2023-06-14T11:58:48+00:00\" \/>\n<meta property=\"og:image\" content=\"https:\/\/www.solida.ch\/wp-content\/uploads\/2023\/05\/Bild-1024x574.png\" \/>\n\t<meta property=\"og:image:width\" content=\"1024\" \/>\n\t<meta property=\"og:image:height\" content=\"574\" \/>\n\t<meta property=\"og:image:type\" content=\"image\/png\" \/>\n<meta name=\"twitter:card\" content=\"summary_large_image\" \/>\n<meta name=\"twitter:label1\" content=\"Gesch\u00e4tzte Lesezeit\" \/>\n\t<meta name=\"twitter:data1\" content=\"2\u00a0Minuten\" \/>\n<script type=\"application\/ld+json\" class=\"yoast-schema-graph\">{\"@context\":\"https:\/\/schema.org\",\"@graph\":[{\"@type\":\"WebPage\",\"@id\":\"https:\/\/www.solida.ch\/de\/geschaeftskunden\/uvg-zusatz\/\",\"url\":\"https:\/\/www.solida.ch\/de\/geschaeftskunden\/uvg-zusatz\/\",\"name\":\"UVG-Erg\u00e4nzungs- & Zusatzversicherung\",\"isPartOf\":{\"@id\":\"https:\/\/www.solida.ch\/de\/#website\"},\"primaryImageOfPage\":{\"@id\":\"https:\/\/www.solida.ch\/de\/geschaeftskunden\/uvg-zusatz\/#primaryimage\"},\"image\":{\"@id\":\"https:\/\/www.solida.ch\/de\/geschaeftskunden\/uvg-zusatz\/#primaryimage\"},\"thumbnailUrl\":\"https:\/\/www.solida.ch\/wp-content\/uploads\/2023\/05\/Bild.png\",\"datePublished\":\"2023-03-26T04:46:09+00:00\",\"dateModified\":\"2023-06-14T11:58:48+00:00\",\"description\":\"Sichern Sie den Lebensstandard Ihrer Mitarbeiter ab: Die UVG-Erg\u00e4nzungs- und Zusatzversicherung von SOLIDA bietet umfassenden Schutz \u00fcber die gesetzlichen Vorgaben hinaus.\",\"breadcrumb\":{\"@id\":\"https:\/\/www.solida.ch\/de\/geschaeftskunden\/uvg-zusatz\/#breadcrumb\"},\"inLanguage\":\"de\",\"potentialAction\":[{\"@type\":\"ReadAction\",\"target\":[\"https:\/\/www.solida.ch\/de\/geschaeftskunden\/uvg-zusatz\/\"]}]},{\"@type\":\"ImageObject\",\"inLanguage\":\"de\",\"@id\":\"https:\/\/www.solida.ch\/de\/geschaeftskunden\/uvg-zusatz\/#primaryimage\",\"url\":\"https:\/\/www.solida.ch\/wp-content\/uploads\/2023\/05\/Bild.png\",\"contentUrl\":\"https:\/\/www.solida.ch\/wp-content\/uploads\/2023\/05\/Bild.png\",\"width\":2535,\"height\":1422},{\"@type\":\"BreadcrumbList\",\"@id\":\"https:\/\/www.solida.ch\/de\/geschaeftskunden\/uvg-zusatz\/#breadcrumb\",\"itemListElement\":[{\"@type\":\"ListItem\",\"position\":1,\"name\":\"Startseite\",\"item\":\"https:\/\/www.solida.ch\/de\/\"},{\"@type\":\"ListItem\",\"position\":2,\"name\":\"Gesch\u00e4ftskunden\",\"item\":\"https:\/\/www.solida.ch\/de\/\"},{\"@type\":\"ListItem\",\"position\":3,\"name\":\"UVG-Erg\u00e4nzungs- und Zusatzversicherung\"}]},{\"@type\":\"WebSite\",\"@id\":\"https:\/\/www.solida.ch\/de\/#website\",\"url\":\"https:\/\/www.solida.ch\/de\/\",\"name\":\"SOLIDA\",\"description\":\"Unbeschwert durchs Leben gehen\",\"publisher\":{\"@id\":\"https:\/\/www.solida.ch\/de\/#organization\"},\"alternateName\":\"Solida\",\"potentialAction\":[{\"@type\":\"SearchAction\",\"target\":{\"@type\":\"EntryPoint\",\"urlTemplate\":\"https:\/\/www.solida.ch\/de\/?s={search_term_string}\"},\"query-input\":{\"@type\":\"PropertyValueSpecification\",\"valueRequired\":true,\"valueName\":\"search_term_string\"}}],\"inLanguage\":\"de\"},{\"@type\":\"Organization\",\"@id\":\"https:\/\/www.solida.ch\/de\/#organization\",\"name\":\"SOLIDA Versicherungen AG\",\"alternateName\":\"Solida\",\"url\":\"https:\/\/www.solida.ch\/de\/\",\"logo\":{\"@type\":\"ImageObject\",\"inLanguage\":\"de\",\"@id\":\"https:\/\/www.solida.ch\/de\/#\/schema\/logo\/image\/\",\"url\":\"https:\/\/www.solida.ch\/wp-content\/uploads\/2023\/03\/solida-favicon.png\",\"contentUrl\":\"https:\/\/www.solida.ch\/wp-content\/uploads\/2023\/03\/solida-favicon.png\",\"width\":1024,\"height\":1024,\"caption\":\"SOLIDA Versicherungen AG\"},\"image\":{\"@id\":\"https:\/\/www.solida.ch\/de\/#\/schema\/logo\/image\/\"}}]}<\/script>\n<!-- \/ Yoast SEO Premium plugin. -->","yoast_head_json":{"title":"UVG-Erg\u00e4nzungs- & Zusatzversicherung","description":"Sichern Sie den Lebensstandard Ihrer Mitarbeiter ab: Die UVG-Erg\u00e4nzungs- und Zusatzversicherung von SOLIDA bietet umfassenden Schutz \u00fcber die gesetzlichen Vorgaben hinaus.","robots":{"index":"index","follow":"follow","max-snippet":"max-snippet:-1","max-image-preview":"max-image-preview:large","max-video-preview":"max-video-preview:-1"},"canonical":"https:\/\/www.solida.ch\/de\/geschaeftskunden\/uvg-zusatz\/","og_locale":"de_DE","og_type":"article","og_title":"UVG-Erg\u00e4nzungs- und Zusatzversicherung","og_description":"Sichern Sie den Lebensstandard Ihrer Mitarbeiter ab: Die UVG-Erg\u00e4nzungs- und Zusatzversicherung von SOLIDA bietet umfassenden Schutz \u00fcber die gesetzlichen Vorgaben hinaus.","og_url":"https:\/\/www.solida.ch\/de\/geschaeftskunden\/uvg-zusatz\/","og_site_name":"SOLIDA Versicherungen","article_modified_time":"2023-06-14T11:58:48+00:00","og_image":[{"width":1024,"height":574,"url":"https:\/\/www.solida.ch\/wp-content\/uploads\/2023\/05\/Bild-1024x574.png","type":"image\/png"}],"twitter_card":"summary_large_image","twitter_misc":{"Gesch\u00e4tzte Lesezeit":"2\u00a0Minuten"},"schema":{"@context":"https:\/\/schema.org","@graph":[{"@type":"WebPage","@id":"https:\/\/www.solida.ch\/de\/geschaeftskunden\/uvg-zusatz\/","url":"https:\/\/www.solida.ch\/de\/geschaeftskunden\/uvg-zusatz\/","name":"UVG-Erg\u00e4nzungs- & Zusatzversicherung","isPartOf":{"@id":"https:\/\/www.solida.ch\/de\/#website"},"primaryImageOfPage":{"@id":"https:\/\/www.solida.ch\/de\/geschaeftskunden\/uvg-zusatz\/#primaryimage"},"image":{"@id":"https:\/\/www.solida.ch\/de\/geschaeftskunden\/uvg-zusatz\/#primaryimage"},"thumbnailUrl":"https:\/\/www.solida.ch\/wp-content\/uploads\/2023\/05\/Bild.png","datePublished":"2023-03-26T04:46:09+00:00","dateModified":"2023-06-14T11:58:48+00:00","description":"Sichern Sie den Lebensstandard Ihrer Mitarbeiter ab: Die UVG-Erg\u00e4nzungs- und Zusatzversicherung von SOLIDA bietet umfassenden Schutz \u00fcber die gesetzlichen Vorgaben hinaus.","breadcrumb":{"@id":"https:\/\/www.solida.ch\/de\/geschaeftskunden\/uvg-zusatz\/#breadcrumb"},"inLanguage":"de","potentialAction":[{"@type":"ReadAction","target":["https:\/\/www.solida.ch\/de\/geschaeftskunden\/uvg-zusatz\/"]}]},{"@type":"ImageObject","inLanguage":"de","@id":"https:\/\/www.solida.ch\/de\/geschaeftskunden\/uvg-zusatz\/#primaryimage","url":"https:\/\/www.solida.ch\/wp-content\/uploads\/2023\/05\/Bild.png","contentUrl":"https:\/\/www.solida.ch\/wp-content\/uploads\/2023\/05\/Bild.png","width":2535,"height":1422},{"@type":"BreadcrumbList","@id":"https:\/\/www.solida.ch\/de\/geschaeftskunden\/uvg-zusatz\/#breadcrumb","itemListElement":[{"@type":"ListItem","position":1,"name":"Startseite","item":"https:\/\/www.solida.ch\/de\/"},{"@type":"ListItem","position":2,"name":"Gesch\u00e4ftskunden","item":"https:\/\/www.solida.ch\/de\/"},{"@type":"ListItem","position":3,"name":"UVG-Erg\u00e4nzungs- und Zusatzversicherung"}]},{"@type":"WebSite","@id":"https:\/\/www.solida.ch\/de\/#website","url":"https:\/\/www.solida.ch\/de\/","name":"SOLIDA","description":"Unbeschwert durchs Leben gehen","publisher":{"@id":"https:\/\/www.solida.ch\/de\/#organization"},"alternateName":"Solida","potentialAction":[{"@type":"SearchAction","target":{"@type":"EntryPoint","urlTemplate":"https:\/\/www.solida.ch\/de\/?s={search_term_string}"},"query-input":{"@type":"PropertyValueSpecification","valueRequired":true,"valueName":"search_term_string"}}],"inLanguage":"de"},{"@type":"Organization","@id":"https:\/\/www.solida.ch\/de\/#organization","name":"SOLIDA Versicherungen AG","alternateName":"Solida","url":"https:\/\/www.solida.ch\/de\/","logo":{"@type":"ImageObject","inLanguage":"de","@id":"https:\/\/www.solida.ch\/de\/#\/schema\/logo\/image\/","url":"https:\/\/www.solida.ch\/wp-content\/uploads\/2023\/03\/solida-favicon.png","contentUrl":"https:\/\/www.solida.ch\/wp-content\/uploads\/2023\/03\/solida-favicon.png","width":1024,"height":1024,"caption":"SOLIDA Versicherungen AG"},"image":{"@id":"https:\/\/www.solida.ch\/de\/#\/schema\/logo\/image\/"}}]}},"_links":{"self":[{"href":"https:\/\/www.solida.ch\/de\/wp-json\/wp\/v2\/pages\/4340","targetHints":{"allow":["GET"]}}],"collection":[{"href":"https:\/\/www.solida.ch\/de\/wp-json\/wp\/v2\/pages"}],"about":[{"href":"https:\/\/www.solida.ch\/de\/wp-json\/wp\/v2\/types\/page"}],"author":[{"embeddable":true,"href":"https:\/\/www.solida.ch\/de\/wp-json\/wp\/v2\/users\/1"}],"replies":[{"embeddable":true,"href":"https:\/\/www.solida.ch\/de\/wp-json\/wp\/v2\/comments?post=4340"}],"version-history":[{"count":0,"href":"https:\/\/www.solida.ch\/de\/wp-json\/wp\/v2\/pages\/4340\/revisions"}],"up":[{"embeddable":true,"href":"https:\/\/www.solida.ch\/de\/wp-json\/wp\/v2\/pages\/13"}],"wp:featuredmedia":[{"embeddable":true,"href":"https:\/\/www.solida.ch\/de\/wp-json\/wp\/v2\/media\/8030"}],"wp:attachment":[{"href":"https:\/\/www.solida.ch\/de\/wp-json\/wp\/v2\/media?parent=4340"}],"wp:term":[{"taxonomy":"category","embeddable":true,"href":"https:\/\/www.solida.ch\/de\/wp-json\/wp\/v2\/categories?post=4340"}],"curies":[{"name":"wp","href":"https:\/\/api.w.org\/{rel}","templated":true}]}}