{"id":4338,"date":"2023-03-26T06:45:37","date_gmt":"2023-03-26T04:45:37","guid":{"rendered":"https:\/\/pogewawa.cyon.site\/solida\/?page_id=4338"},"modified":"2023-06-12T17:26:08","modified_gmt":"2023-06-12T15:26:08","slug":"schueler","status":"publish","type":"page","link":"https:\/\/www.solida.ch\/de\/geschaeftskunden\/schueler\/","title":{"rendered":"Sch\u00fcler-Unfallversicherungen"},"content":{"rendered":"\n<p>Mit der Sch\u00fcler-Unfallversicherung versichern Institutionen und Schulen ihre Kindergartensch\u00fcler, Sch\u00fcler der Volksschule sowie Sch\u00fcler und Studierende von Mittel- und Hochschulen. Die Leistungen und Vorteile sprechen f\u00fcr sich:<\/p>\n\n\n\n<ul class=\"wp-block-list\">\n<li>Kapitalleistungen bei dauerhafter Invalidit\u00e4t oder im Todesfall: Die Versicherten und ihre Angeh\u00f6rigen erhalten eine finanzielle Unterst\u00fctzung, die in diesen schweren Zeiten sicher ben\u00f6tigt wird.<\/li>\n\n\n\n<li>Erg\u00e4nzung zur obligatorischen Krankenversicherung: SOLIDA erg\u00e4nzt die Leistungen der obligatorischen Krankenpflegeversicherung (KVG) und \u00fcbernimmt die Kosten f\u00fcr notwendige Rettungs- und Bergungsmassnahmen, Transporte und Suchaktionen im Zusammenhang mit dem Unfall. Auch Lufttransporte sind abgedeckt, sofern sie aus medizinischen oder technischen Gr\u00fcnden unumg\u00e4nglich sind. Wir stellen sicher, dass alle erforderlichen Massnahmen ergriffen werden, um die Versicherten zu sch\u00fctzen und zu versorgen.<\/li>\n\n\n\n<li>Weltweiter Versicherungsschutz: Die Sch\u00fcler und Studierende sind rund um die Uhr im In- und Ausland umfassend versichert.<\/li>\n\n\n\n<li>Keine Altersbeschr\u00e4nkung: Alle Sch\u00fcler und Studierende k\u00f6nnen von diesem Versicherungsschutz profitieren, unabh\u00e4ngig von ihrem Alter.<\/li>\n<\/ul>\n\n\n\n<p>Die Versicherung deckt Unf\u00e4lle ab, die w\u00e4hrend des Schulbetriebs oder bei offiziellen Veranstaltungen wie Schulreisen, Exkursionen, Ski- und Ferienlagern sowie Wanderungen auftreten. Auch der direkte Weg von und zur Schule sowie zu und von den Veranstaltungen ist mitversichert. Der umfassende Schutz f\u00fcr die Sch\u00fcler und Studierende in allen relevanten Situationen.<\/p>\n","protected":false},"excerpt":{"rendered":"<p>Mit der Sch\u00fcler-Unfallversicherung versichern Institutionen und Schulen ihre Kindergartensch\u00fcler, Sch\u00fcler der Volksschule sowie Sch\u00fcler und Studierende von Mittel- und Hochschulen. Die Leistungen und Vorteile sprechen f\u00fcr sich: Die Versicherung deckt Unf\u00e4lle ab, die w\u00e4hrend des Schulbetriebs oder bei offiziellen Veranstaltungen wie Schulreisen, Exkursionen, Ski- und Ferienlagern sowie Wanderungen auftreten. Auch der direkte Weg von und [&hellip;]<\/p>\n","protected":false},"author":1,"featured_media":8089,"parent":13,"menu_order":6,"comment_status":"closed","ping_status":"closed","template":"","meta":{"_acf_changed":false,"_monsterinsights_skip_tracking":false,"_monsterinsights_sitenote_active":false,"_monsterinsights_sitenote_note":"","_monsterinsights_sitenote_category":0,"footnotes":""},"categories":[18],"class_list":["post-4338","page","type-page","status-publish","has-post-thumbnail","hentry","category-produkt-geschaeftskunden"],"acf":[],"yoast_head":"<!-- This site is optimized with the Yoast SEO Premium plugin v26.9 (Yoast SEO v27.4) - https:\/\/yoast.com\/product\/yoast-seo-premium-wordpress\/ -->\n<title>Sch\u00fcler-Unfallversicherung: Sorgenfreies Lernen mit SOLIDA<\/title>\n<meta name=\"description\" content=\"SOLIDA Sch\u00fcler-Unfallversicherung: Sicherheit f\u00fcr Schulbetrieb und Veranstaltungen. Keine Altersbeschr\u00e4nkung, weltweite Abdeckung und umfassender Schutz f\u00fcr Sch\u00fcler und Studierende in allen Situationen.\" \/>\n<meta name=\"robots\" content=\"index, follow, max-snippet:-1, max-image-preview:large, max-video-preview:-1\" \/>\n<link rel=\"canonical\" href=\"https:\/\/www.solida.ch\/de\/geschaeftskunden\/schueler\/\" \/>\n<meta property=\"og:locale\" content=\"de_DE\" \/>\n<meta property=\"og:type\" content=\"article\" \/>\n<meta property=\"og:title\" content=\"Sch\u00fcler-Unfallversicherungen\" \/>\n<meta property=\"og:description\" content=\"SOLIDA Sch\u00fcler-Unfallversicherung: Sicherheit f\u00fcr Schulbetrieb und Veranstaltungen. Keine Altersbeschr\u00e4nkung, weltweite Abdeckung und umfassender Schutz f\u00fcr Sch\u00fcler und Studierende in allen Situationen.\" \/>\n<meta property=\"og:url\" content=\"https:\/\/www.solida.ch\/de\/geschaeftskunden\/schueler\/\" \/>\n<meta property=\"og:site_name\" content=\"SOLIDA Versicherungen\" \/>\n<meta property=\"article:modified_time\" content=\"2023-06-12T15:26:08+00:00\" \/>\n<meta property=\"og:image\" content=\"https:\/\/www.solida.ch\/wp-content\/uploads\/2023\/05\/AdobeStock_362408229-1-scaled.jpeg\" \/>\n\t<meta property=\"og:image:width\" content=\"2560\" \/>\n\t<meta property=\"og:image:height\" content=\"1440\" \/>\n\t<meta property=\"og:image:type\" content=\"image\/jpeg\" \/>\n<meta name=\"twitter:card\" content=\"summary_large_image\" \/>\n<meta name=\"twitter:label1\" content=\"Gesch\u00e4tzte Lesezeit\" \/>\n\t<meta name=\"twitter:data1\" content=\"2\u00a0Minuten\" \/>\n<script type=\"application\/ld+json\" class=\"yoast-schema-graph\">{\"@context\":\"https:\\\/\\\/schema.org\",\"@graph\":[{\"@type\":\"WebPage\",\"@id\":\"https:\\\/\\\/www.solida.ch\\\/de\\\/geschaeftskunden\\\/schueler\\\/\",\"url\":\"https:\\\/\\\/www.solida.ch\\\/de\\\/geschaeftskunden\\\/schueler\\\/\",\"name\":\"Sch\u00fcler-Unfallversicherung: Sorgenfreies Lernen mit SOLIDA\",\"isPartOf\":{\"@id\":\"https:\\\/\\\/www.solida.ch\\\/de\\\/#website\"},\"primaryImageOfPage\":{\"@id\":\"https:\\\/\\\/www.solida.ch\\\/de\\\/geschaeftskunden\\\/schueler\\\/#primaryimage\"},\"image\":{\"@id\":\"https:\\\/\\\/www.solida.ch\\\/de\\\/geschaeftskunden\\\/schueler\\\/#primaryimage\"},\"thumbnailUrl\":\"https:\\\/\\\/www.solida.ch\\\/wp-content\\\/uploads\\\/2023\\\/05\\\/AdobeStock_362408229-1-scaled.jpeg\",\"datePublished\":\"2023-03-26T04:45:37+00:00\",\"dateModified\":\"2023-06-12T15:26:08+00:00\",\"description\":\"SOLIDA Sch\u00fcler-Unfallversicherung: Sicherheit f\u00fcr Schulbetrieb und Veranstaltungen. Keine Altersbeschr\u00e4nkung, weltweite Abdeckung und umfassender Schutz f\u00fcr Sch\u00fcler und Studierende in allen Situationen.\",\"breadcrumb\":{\"@id\":\"https:\\\/\\\/www.solida.ch\\\/de\\\/geschaeftskunden\\\/schueler\\\/#breadcrumb\"},\"inLanguage\":\"de\",\"potentialAction\":[{\"@type\":\"ReadAction\",\"target\":[\"https:\\\/\\\/www.solida.ch\\\/de\\\/geschaeftskunden\\\/schueler\\\/\"]}]},{\"@type\":\"ImageObject\",\"inLanguage\":\"de\",\"@id\":\"https:\\\/\\\/www.solida.ch\\\/de\\\/geschaeftskunden\\\/schueler\\\/#primaryimage\",\"url\":\"https:\\\/\\\/www.solida.ch\\\/wp-content\\\/uploads\\\/2023\\\/05\\\/AdobeStock_362408229-1-scaled.jpeg\",\"contentUrl\":\"https:\\\/\\\/www.solida.ch\\\/wp-content\\\/uploads\\\/2023\\\/05\\\/AdobeStock_362408229-1-scaled.jpeg\",\"width\":2560,\"height\":1440,\"caption\":\"Young professionals multi ethnic company employees gathered together solving issues, new project discussion during briefing, meeting talk for giving information or instructions by team leader concept\"},{\"@type\":\"BreadcrumbList\",\"@id\":\"https:\\\/\\\/www.solida.ch\\\/de\\\/geschaeftskunden\\\/schueler\\\/#breadcrumb\",\"itemListElement\":[{\"@type\":\"ListItem\",\"position\":1,\"name\":\"Startseite\",\"item\":\"https:\\\/\\\/www.solida.ch\\\/de\\\/\"},{\"@type\":\"ListItem\",\"position\":2,\"name\":\"Gesch\u00e4ftskunden\",\"item\":\"https:\\\/\\\/www.solida.ch\\\/de\\\/\"},{\"@type\":\"ListItem\",\"position\":3,\"name\":\"Sch\u00fcler-Unfallversicherungen\"}]},{\"@type\":\"WebSite\",\"@id\":\"https:\\\/\\\/www.solida.ch\\\/de\\\/#website\",\"url\":\"https:\\\/\\\/www.solida.ch\\\/de\\\/\",\"name\":\"SOLIDA\",\"description\":\"Unbeschwert durchs Leben gehen\",\"publisher\":{\"@id\":\"https:\\\/\\\/www.solida.ch\\\/de\\\/#organization\"},\"alternateName\":\"Solida\",\"potentialAction\":[{\"@type\":\"SearchAction\",\"target\":{\"@type\":\"EntryPoint\",\"urlTemplate\":\"https:\\\/\\\/www.solida.ch\\\/de\\\/?s={search_term_string}\"},\"query-input\":{\"@type\":\"PropertyValueSpecification\",\"valueRequired\":true,\"valueName\":\"search_term_string\"}}],\"inLanguage\":\"de\"},{\"@type\":\"Organization\",\"@id\":\"https:\\\/\\\/www.solida.ch\\\/de\\\/#organization\",\"name\":\"SOLIDA Versicherungen AG\",\"alternateName\":\"Solida\",\"url\":\"https:\\\/\\\/www.solida.ch\\\/de\\\/\",\"logo\":{\"@type\":\"ImageObject\",\"inLanguage\":\"de\",\"@id\":\"https:\\\/\\\/www.solida.ch\\\/de\\\/#\\\/schema\\\/logo\\\/image\\\/\",\"url\":\"https:\\\/\\\/www.solida.ch\\\/wp-content\\\/uploads\\\/2023\\\/03\\\/solida-favicon.png\",\"contentUrl\":\"https:\\\/\\\/www.solida.ch\\\/wp-content\\\/uploads\\\/2023\\\/03\\\/solida-favicon.png\",\"width\":1024,\"height\":1024,\"caption\":\"SOLIDA Versicherungen AG\"},\"image\":{\"@id\":\"https:\\\/\\\/www.solida.ch\\\/de\\\/#\\\/schema\\\/logo\\\/image\\\/\"}}]}<\/script>\n<!-- \/ Yoast SEO Premium plugin. -->","yoast_head_json":{"title":"Sch\u00fcler-Unfallversicherung: Sorgenfreies Lernen mit SOLIDA","description":"SOLIDA Sch\u00fcler-Unfallversicherung: Sicherheit f\u00fcr Schulbetrieb und Veranstaltungen. Keine Altersbeschr\u00e4nkung, weltweite Abdeckung und umfassender Schutz f\u00fcr Sch\u00fcler und Studierende in allen Situationen.","robots":{"index":"index","follow":"follow","max-snippet":"max-snippet:-1","max-image-preview":"max-image-preview:large","max-video-preview":"max-video-preview:-1"},"canonical":"https:\/\/www.solida.ch\/de\/geschaeftskunden\/schueler\/","og_locale":"de_DE","og_type":"article","og_title":"Sch\u00fcler-Unfallversicherungen","og_description":"SOLIDA Sch\u00fcler-Unfallversicherung: Sicherheit f\u00fcr Schulbetrieb und Veranstaltungen. Keine Altersbeschr\u00e4nkung, weltweite Abdeckung und umfassender Schutz f\u00fcr Sch\u00fcler und Studierende in allen Situationen.","og_url":"https:\/\/www.solida.ch\/de\/geschaeftskunden\/schueler\/","og_site_name":"SOLIDA Versicherungen","article_modified_time":"2023-06-12T15:26:08+00:00","og_image":[{"width":2560,"height":1440,"url":"https:\/\/www.solida.ch\/wp-content\/uploads\/2023\/05\/AdobeStock_362408229-1-scaled.jpeg","type":"image\/jpeg"}],"twitter_card":"summary_large_image","twitter_misc":{"Gesch\u00e4tzte Lesezeit":"2\u00a0Minuten"},"schema":{"@context":"https:\/\/schema.org","@graph":[{"@type":"WebPage","@id":"https:\/\/www.solida.ch\/de\/geschaeftskunden\/schueler\/","url":"https:\/\/www.solida.ch\/de\/geschaeftskunden\/schueler\/","name":"Sch\u00fcler-Unfallversicherung: Sorgenfreies Lernen mit SOLIDA","isPartOf":{"@id":"https:\/\/www.solida.ch\/de\/#website"},"primaryImageOfPage":{"@id":"https:\/\/www.solida.ch\/de\/geschaeftskunden\/schueler\/#primaryimage"},"image":{"@id":"https:\/\/www.solida.ch\/de\/geschaeftskunden\/schueler\/#primaryimage"},"thumbnailUrl":"https:\/\/www.solida.ch\/wp-content\/uploads\/2023\/05\/AdobeStock_362408229-1-scaled.jpeg","datePublished":"2023-03-26T04:45:37+00:00","dateModified":"2023-06-12T15:26:08+00:00","description":"SOLIDA Sch\u00fcler-Unfallversicherung: Sicherheit f\u00fcr Schulbetrieb und Veranstaltungen. Keine Altersbeschr\u00e4nkung, weltweite Abdeckung und umfassender Schutz f\u00fcr Sch\u00fcler und Studierende in allen Situationen.","breadcrumb":{"@id":"https:\/\/www.solida.ch\/de\/geschaeftskunden\/schueler\/#breadcrumb"},"inLanguage":"de","potentialAction":[{"@type":"ReadAction","target":["https:\/\/www.solida.ch\/de\/geschaeftskunden\/schueler\/"]}]},{"@type":"ImageObject","inLanguage":"de","@id":"https:\/\/www.solida.ch\/de\/geschaeftskunden\/schueler\/#primaryimage","url":"https:\/\/www.solida.ch\/wp-content\/uploads\/2023\/05\/AdobeStock_362408229-1-scaled.jpeg","contentUrl":"https:\/\/www.solida.ch\/wp-content\/uploads\/2023\/05\/AdobeStock_362408229-1-scaled.jpeg","width":2560,"height":1440,"caption":"Young professionals multi ethnic company employees gathered together solving issues, new project discussion during briefing, meeting talk for giving information or instructions by team leader concept"},{"@type":"BreadcrumbList","@id":"https:\/\/www.solida.ch\/de\/geschaeftskunden\/schueler\/#breadcrumb","itemListElement":[{"@type":"ListItem","position":1,"name":"Startseite","item":"https:\/\/www.solida.ch\/de\/"},{"@type":"ListItem","position":2,"name":"Gesch\u00e4ftskunden","item":"https:\/\/www.solida.ch\/de\/"},{"@type":"ListItem","position":3,"name":"Sch\u00fcler-Unfallversicherungen"}]},{"@type":"WebSite","@id":"https:\/\/www.solida.ch\/de\/#website","url":"https:\/\/www.solida.ch\/de\/","name":"SOLIDA","description":"Unbeschwert durchs Leben gehen","publisher":{"@id":"https:\/\/www.solida.ch\/de\/#organization"},"alternateName":"Solida","potentialAction":[{"@type":"SearchAction","target":{"@type":"EntryPoint","urlTemplate":"https:\/\/www.solida.ch\/de\/?s={search_term_string}"},"query-input":{"@type":"PropertyValueSpecification","valueRequired":true,"valueName":"search_term_string"}}],"inLanguage":"de"},{"@type":"Organization","@id":"https:\/\/www.solida.ch\/de\/#organization","name":"SOLIDA Versicherungen AG","alternateName":"Solida","url":"https:\/\/www.solida.ch\/de\/","logo":{"@type":"ImageObject","inLanguage":"de","@id":"https:\/\/www.solida.ch\/de\/#\/schema\/logo\/image\/","url":"https:\/\/www.solida.ch\/wp-content\/uploads\/2023\/03\/solida-favicon.png","contentUrl":"https:\/\/www.solida.ch\/wp-content\/uploads\/2023\/03\/solida-favicon.png","width":1024,"height":1024,"caption":"SOLIDA Versicherungen AG"},"image":{"@id":"https:\/\/www.solida.ch\/de\/#\/schema\/logo\/image\/"}}]}},"_links":{"self":[{"href":"https:\/\/www.solida.ch\/de\/wp-json\/wp\/v2\/pages\/4338","targetHints":{"allow":["GET"]}}],"collection":[{"href":"https:\/\/www.solida.ch\/de\/wp-json\/wp\/v2\/pages"}],"about":[{"href":"https:\/\/www.solida.ch\/de\/wp-json\/wp\/v2\/types\/page"}],"author":[{"embeddable":true,"href":"https:\/\/www.solida.ch\/de\/wp-json\/wp\/v2\/users\/1"}],"replies":[{"embeddable":true,"href":"https:\/\/www.solida.ch\/de\/wp-json\/wp\/v2\/comments?post=4338"}],"version-history":[{"count":0,"href":"https:\/\/www.solida.ch\/de\/wp-json\/wp\/v2\/pages\/4338\/revisions"}],"up":[{"embeddable":true,"href":"https:\/\/www.solida.ch\/de\/wp-json\/wp\/v2\/pages\/13"}],"wp:featuredmedia":[{"embeddable":true,"href":"https:\/\/www.solida.ch\/de\/wp-json\/wp\/v2\/media\/8089"}],"wp:attachment":[{"href":"https:\/\/www.solida.ch\/de\/wp-json\/wp\/v2\/media?parent=4338"}],"wp:term":[{"taxonomy":"category","embeddable":true,"href":"https:\/\/www.solida.ch\/de\/wp-json\/wp\/v2\/categories?post=4338"}],"curies":[{"name":"wp","href":"https:\/\/api.w.org\/{rel}","templated":true}]}}