{"id":4335,"date":"2023-03-26T06:44:59","date_gmt":"2023-03-26T04:44:59","guid":{"rendered":"https:\/\/pogewawa.cyon.site\/solida\/?page_id=4335"},"modified":"2023-06-12T17:22:50","modified_gmt":"2023-06-12T15:22:50","slug":"kollektiv","status":"publish","type":"page","link":"https:\/\/www.solida.ch\/de\/geschaeftskunden\/kollektiv\/","title":{"rendered":"Kollektiv-Unfallversicherung"},"content":{"rendered":"\n<p>Als Arbeitgeber sind Sie verpflichtet, Ihre Angestellten gegen Unf\u00e4lle zu versichern. Doch was passiert mit Menschen, die sporadisch f\u00fcr Sie arbeiten? Im Falle eines Unfalls ohne entsprechende Versicherung k\u00f6nnen Sie n\u00e4mlich haftbar gemacht werden.<\/p>\n\n\n\n<p>Die Kollektiv-Unfallversicherung der SOLIDA sch\u00fctzt Sie vor finanziellen Risiken bei Unf\u00e4llen von Personen, die sporadisch f\u00fcr Sie arbeiten. Sie l\u00e4sst sich flexibel an Ihre individuellen Bed\u00fcrfnisse anpassen, um genau die Situationen abzudecken, die f\u00fcr Ihr Unternehmen relevant sind.<\/p>\n","protected":false},"excerpt":{"rendered":"<p>Als Arbeitgeber sind Sie verpflichtet, Ihre Angestellten gegen Unf\u00e4lle zu versichern. Doch was passiert mit Menschen, die sporadisch f\u00fcr Sie arbeiten? Im Falle eines Unfalls ohne entsprechende Versicherung k\u00f6nnen Sie n\u00e4mlich haftbar gemacht werden. Die Kollektiv-Unfallversicherung der SOLIDA sch\u00fctzt Sie vor finanziellen Risiken bei Unf\u00e4llen von Personen, die sporadisch f\u00fcr Sie arbeiten. Sie l\u00e4sst sich [&hellip;]<\/p>\n","protected":false},"author":1,"featured_media":8069,"parent":13,"menu_order":3,"comment_status":"closed","ping_status":"closed","template":"","meta":{"_acf_changed":false,"_monsterinsights_skip_tracking":false,"_monsterinsights_sitenote_active":false,"_monsterinsights_sitenote_note":"","_monsterinsights_sitenote_category":0,"footnotes":""},"categories":[18],"class_list":["post-4335","page","type-page","status-publish","has-post-thumbnail","hentry","category-produkt-geschaeftskunden"],"acf":[],"yoast_head":"<!-- This site is optimized with the Yoast SEO Premium plugin v26.9 (Yoast SEO v27.4) - https:\/\/yoast.com\/product\/yoast-seo-premium-wordpress\/ -->\n<title>Kollektiv-Unfallversicherung f\u00fcr Firmenkunden<\/title>\n<meta name=\"description\" content=\"Sch\u00fctzen Sie Ihr Unternehmen mit SOLIDA Kollektiv-Unfallversicherung. Speziell f\u00fcr freiwillige Mitarbeitende und Helfer. Gezielter Versicherungsumfang, ma\u00dfgeschneidert auf Ihre Bed\u00fcrfnisse.\" \/>\n<meta name=\"robots\" content=\"index, follow, max-snippet:-1, max-image-preview:large, max-video-preview:-1\" \/>\n<link rel=\"canonical\" href=\"https:\/\/www.solida.ch\/de\/geschaeftskunden\/kollektiv\/\" \/>\n<meta property=\"og:locale\" content=\"de_DE\" \/>\n<meta property=\"og:type\" content=\"article\" \/>\n<meta property=\"og:title\" content=\"Kollektiv-Unfallversicherung\" \/>\n<meta property=\"og:description\" content=\"Sch\u00fctzen Sie Ihr Unternehmen mit SOLIDA Kollektiv-Unfallversicherung. Speziell f\u00fcr freiwillige Mitarbeitende und Helfer. Gezielter Versicherungsumfang, ma\u00dfgeschneidert auf Ihre Bed\u00fcrfnisse.\" \/>\n<meta property=\"og:url\" content=\"https:\/\/www.solida.ch\/de\/geschaeftskunden\/kollektiv\/\" \/>\n<meta property=\"og:site_name\" content=\"SOLIDA Versicherungen\" \/>\n<meta property=\"article:modified_time\" content=\"2023-06-12T15:22:50+00:00\" \/>\n<meta property=\"og:image\" content=\"https:\/\/www.solida.ch\/wp-content\/uploads\/2023\/05\/Kollektiv-1024x629.png\" \/>\n\t<meta property=\"og:image:width\" content=\"1024\" \/>\n\t<meta property=\"og:image:height\" content=\"629\" \/>\n\t<meta property=\"og:image:type\" content=\"image\/png\" \/>\n<meta name=\"twitter:card\" content=\"summary_large_image\" \/>\n<meta name=\"twitter:label1\" content=\"Gesch\u00e4tzte Lesezeit\" \/>\n\t<meta name=\"twitter:data1\" content=\"1\u00a0Minute\" \/>\n<script type=\"application\/ld+json\" class=\"yoast-schema-graph\">{\"@context\":\"https:\\\/\\\/schema.org\",\"@graph\":[{\"@type\":\"WebPage\",\"@id\":\"https:\\\/\\\/www.solida.ch\\\/de\\\/geschaeftskunden\\\/kollektiv\\\/\",\"url\":\"https:\\\/\\\/www.solida.ch\\\/de\\\/geschaeftskunden\\\/kollektiv\\\/\",\"name\":\"Kollektiv-Unfallversicherung f\u00fcr Firmenkunden\",\"isPartOf\":{\"@id\":\"https:\\\/\\\/www.solida.ch\\\/de\\\/#website\"},\"primaryImageOfPage\":{\"@id\":\"https:\\\/\\\/www.solida.ch\\\/de\\\/geschaeftskunden\\\/kollektiv\\\/#primaryimage\"},\"image\":{\"@id\":\"https:\\\/\\\/www.solida.ch\\\/de\\\/geschaeftskunden\\\/kollektiv\\\/#primaryimage\"},\"thumbnailUrl\":\"https:\\\/\\\/www.solida.ch\\\/wp-content\\\/uploads\\\/2023\\\/05\\\/Kollektiv.png\",\"datePublished\":\"2023-03-26T04:44:59+00:00\",\"dateModified\":\"2023-06-12T15:22:50+00:00\",\"description\":\"Sch\u00fctzen Sie Ihr Unternehmen mit SOLIDA Kollektiv-Unfallversicherung. Speziell f\u00fcr freiwillige Mitarbeitende und Helfer. Gezielter Versicherungsumfang, ma\u00dfgeschneidert auf Ihre Bed\u00fcrfnisse.\",\"breadcrumb\":{\"@id\":\"https:\\\/\\\/www.solida.ch\\\/de\\\/geschaeftskunden\\\/kollektiv\\\/#breadcrumb\"},\"inLanguage\":\"de\",\"potentialAction\":[{\"@type\":\"ReadAction\",\"target\":[\"https:\\\/\\\/www.solida.ch\\\/de\\\/geschaeftskunden\\\/kollektiv\\\/\"]}]},{\"@type\":\"ImageObject\",\"inLanguage\":\"de\",\"@id\":\"https:\\\/\\\/www.solida.ch\\\/de\\\/geschaeftskunden\\\/kollektiv\\\/#primaryimage\",\"url\":\"https:\\\/\\\/www.solida.ch\\\/wp-content\\\/uploads\\\/2023\\\/05\\\/Kollektiv.png\",\"contentUrl\":\"https:\\\/\\\/www.solida.ch\\\/wp-content\\\/uploads\\\/2023\\\/05\\\/Kollektiv.png\",\"width\":2310,\"height\":1419},{\"@type\":\"BreadcrumbList\",\"@id\":\"https:\\\/\\\/www.solida.ch\\\/de\\\/geschaeftskunden\\\/kollektiv\\\/#breadcrumb\",\"itemListElement\":[{\"@type\":\"ListItem\",\"position\":1,\"name\":\"Startseite\",\"item\":\"https:\\\/\\\/www.solida.ch\\\/de\\\/\"},{\"@type\":\"ListItem\",\"position\":2,\"name\":\"Gesch\u00e4ftskunden\",\"item\":\"https:\\\/\\\/www.solida.ch\\\/de\\\/\"},{\"@type\":\"ListItem\",\"position\":3,\"name\":\"Kollektiv-Unfallversicherung\"}]},{\"@type\":\"WebSite\",\"@id\":\"https:\\\/\\\/www.solida.ch\\\/de\\\/#website\",\"url\":\"https:\\\/\\\/www.solida.ch\\\/de\\\/\",\"name\":\"SOLIDA\",\"description\":\"Unbeschwert durchs Leben gehen\",\"publisher\":{\"@id\":\"https:\\\/\\\/www.solida.ch\\\/de\\\/#organization\"},\"alternateName\":\"Solida\",\"potentialAction\":[{\"@type\":\"SearchAction\",\"target\":{\"@type\":\"EntryPoint\",\"urlTemplate\":\"https:\\\/\\\/www.solida.ch\\\/de\\\/?s={search_term_string}\"},\"query-input\":{\"@type\":\"PropertyValueSpecification\",\"valueRequired\":true,\"valueName\":\"search_term_string\"}}],\"inLanguage\":\"de\"},{\"@type\":\"Organization\",\"@id\":\"https:\\\/\\\/www.solida.ch\\\/de\\\/#organization\",\"name\":\"SOLIDA Versicherungen AG\",\"alternateName\":\"Solida\",\"url\":\"https:\\\/\\\/www.solida.ch\\\/de\\\/\",\"logo\":{\"@type\":\"ImageObject\",\"inLanguage\":\"de\",\"@id\":\"https:\\\/\\\/www.solida.ch\\\/de\\\/#\\\/schema\\\/logo\\\/image\\\/\",\"url\":\"https:\\\/\\\/www.solida.ch\\\/wp-content\\\/uploads\\\/2023\\\/03\\\/solida-favicon.png\",\"contentUrl\":\"https:\\\/\\\/www.solida.ch\\\/wp-content\\\/uploads\\\/2023\\\/03\\\/solida-favicon.png\",\"width\":1024,\"height\":1024,\"caption\":\"SOLIDA Versicherungen AG\"},\"image\":{\"@id\":\"https:\\\/\\\/www.solida.ch\\\/de\\\/#\\\/schema\\\/logo\\\/image\\\/\"}}]}<\/script>\n<!-- \/ Yoast SEO Premium plugin. -->","yoast_head_json":{"title":"Kollektiv-Unfallversicherung f\u00fcr Firmenkunden","description":"Sch\u00fctzen Sie Ihr Unternehmen mit SOLIDA Kollektiv-Unfallversicherung. Speziell f\u00fcr freiwillige Mitarbeitende und Helfer. Gezielter Versicherungsumfang, ma\u00dfgeschneidert auf Ihre Bed\u00fcrfnisse.","robots":{"index":"index","follow":"follow","max-snippet":"max-snippet:-1","max-image-preview":"max-image-preview:large","max-video-preview":"max-video-preview:-1"},"canonical":"https:\/\/www.solida.ch\/de\/geschaeftskunden\/kollektiv\/","og_locale":"de_DE","og_type":"article","og_title":"Kollektiv-Unfallversicherung","og_description":"Sch\u00fctzen Sie Ihr Unternehmen mit SOLIDA Kollektiv-Unfallversicherung. Speziell f\u00fcr freiwillige Mitarbeitende und Helfer. Gezielter Versicherungsumfang, ma\u00dfgeschneidert auf Ihre Bed\u00fcrfnisse.","og_url":"https:\/\/www.solida.ch\/de\/geschaeftskunden\/kollektiv\/","og_site_name":"SOLIDA Versicherungen","article_modified_time":"2023-06-12T15:22:50+00:00","og_image":[{"width":1024,"height":629,"url":"https:\/\/www.solida.ch\/wp-content\/uploads\/2023\/05\/Kollektiv-1024x629.png","type":"image\/png"}],"twitter_card":"summary_large_image","twitter_misc":{"Gesch\u00e4tzte Lesezeit":"1\u00a0Minute"},"schema":{"@context":"https:\/\/schema.org","@graph":[{"@type":"WebPage","@id":"https:\/\/www.solida.ch\/de\/geschaeftskunden\/kollektiv\/","url":"https:\/\/www.solida.ch\/de\/geschaeftskunden\/kollektiv\/","name":"Kollektiv-Unfallversicherung f\u00fcr Firmenkunden","isPartOf":{"@id":"https:\/\/www.solida.ch\/de\/#website"},"primaryImageOfPage":{"@id":"https:\/\/www.solida.ch\/de\/geschaeftskunden\/kollektiv\/#primaryimage"},"image":{"@id":"https:\/\/www.solida.ch\/de\/geschaeftskunden\/kollektiv\/#primaryimage"},"thumbnailUrl":"https:\/\/www.solida.ch\/wp-content\/uploads\/2023\/05\/Kollektiv.png","datePublished":"2023-03-26T04:44:59+00:00","dateModified":"2023-06-12T15:22:50+00:00","description":"Sch\u00fctzen Sie Ihr Unternehmen mit SOLIDA Kollektiv-Unfallversicherung. Speziell f\u00fcr freiwillige Mitarbeitende und Helfer. Gezielter Versicherungsumfang, ma\u00dfgeschneidert auf Ihre Bed\u00fcrfnisse.","breadcrumb":{"@id":"https:\/\/www.solida.ch\/de\/geschaeftskunden\/kollektiv\/#breadcrumb"},"inLanguage":"de","potentialAction":[{"@type":"ReadAction","target":["https:\/\/www.solida.ch\/de\/geschaeftskunden\/kollektiv\/"]}]},{"@type":"ImageObject","inLanguage":"de","@id":"https:\/\/www.solida.ch\/de\/geschaeftskunden\/kollektiv\/#primaryimage","url":"https:\/\/www.solida.ch\/wp-content\/uploads\/2023\/05\/Kollektiv.png","contentUrl":"https:\/\/www.solida.ch\/wp-content\/uploads\/2023\/05\/Kollektiv.png","width":2310,"height":1419},{"@type":"BreadcrumbList","@id":"https:\/\/www.solida.ch\/de\/geschaeftskunden\/kollektiv\/#breadcrumb","itemListElement":[{"@type":"ListItem","position":1,"name":"Startseite","item":"https:\/\/www.solida.ch\/de\/"},{"@type":"ListItem","position":2,"name":"Gesch\u00e4ftskunden","item":"https:\/\/www.solida.ch\/de\/"},{"@type":"ListItem","position":3,"name":"Kollektiv-Unfallversicherung"}]},{"@type":"WebSite","@id":"https:\/\/www.solida.ch\/de\/#website","url":"https:\/\/www.solida.ch\/de\/","name":"SOLIDA","description":"Unbeschwert durchs Leben gehen","publisher":{"@id":"https:\/\/www.solida.ch\/de\/#organization"},"alternateName":"Solida","potentialAction":[{"@type":"SearchAction","target":{"@type":"EntryPoint","urlTemplate":"https:\/\/www.solida.ch\/de\/?s={search_term_string}"},"query-input":{"@type":"PropertyValueSpecification","valueRequired":true,"valueName":"search_term_string"}}],"inLanguage":"de"},{"@type":"Organization","@id":"https:\/\/www.solida.ch\/de\/#organization","name":"SOLIDA Versicherungen AG","alternateName":"Solida","url":"https:\/\/www.solida.ch\/de\/","logo":{"@type":"ImageObject","inLanguage":"de","@id":"https:\/\/www.solida.ch\/de\/#\/schema\/logo\/image\/","url":"https:\/\/www.solida.ch\/wp-content\/uploads\/2023\/03\/solida-favicon.png","contentUrl":"https:\/\/www.solida.ch\/wp-content\/uploads\/2023\/03\/solida-favicon.png","width":1024,"height":1024,"caption":"SOLIDA Versicherungen AG"},"image":{"@id":"https:\/\/www.solida.ch\/de\/#\/schema\/logo\/image\/"}}]}},"_links":{"self":[{"href":"https:\/\/www.solida.ch\/de\/wp-json\/wp\/v2\/pages\/4335","targetHints":{"allow":["GET"]}}],"collection":[{"href":"https:\/\/www.solida.ch\/de\/wp-json\/wp\/v2\/pages"}],"about":[{"href":"https:\/\/www.solida.ch\/de\/wp-json\/wp\/v2\/types\/page"}],"author":[{"embeddable":true,"href":"https:\/\/www.solida.ch\/de\/wp-json\/wp\/v2\/users\/1"}],"replies":[{"embeddable":true,"href":"https:\/\/www.solida.ch\/de\/wp-json\/wp\/v2\/comments?post=4335"}],"version-history":[{"count":0,"href":"https:\/\/www.solida.ch\/de\/wp-json\/wp\/v2\/pages\/4335\/revisions"}],"up":[{"embeddable":true,"href":"https:\/\/www.solida.ch\/de\/wp-json\/wp\/v2\/pages\/13"}],"wp:featuredmedia":[{"embeddable":true,"href":"https:\/\/www.solida.ch\/de\/wp-json\/wp\/v2\/media\/8069"}],"wp:attachment":[{"href":"https:\/\/www.solida.ch\/de\/wp-json\/wp\/v2\/media?parent=4335"}],"wp:term":[{"taxonomy":"category","embeddable":true,"href":"https:\/\/www.solida.ch\/de\/wp-json\/wp\/v2\/categories?post=4335"}],"curies":[{"name":"wp","href":"https:\/\/api.w.org\/{rel}","templated":true}]}}