{"id":4334,"date":"2023-03-26T06:42:31","date_gmt":"2023-03-26T04:42:31","guid":{"rendered":"https:\/\/pogewawa.cyon.site\/solida\/?page_id=4334"},"modified":"2023-06-14T01:07:31","modified_gmt":"2023-06-13T23:07:31","slug":"besucher","status":"publish","type":"page","link":"https:\/\/www.solida.ch\/de\/geschaeftskunden\/besucher\/","title":{"rendered":"Besucher-Unfallversicherung"},"content":{"rendered":"\n<p>Die Besucher-Unfallversicherung \u00fcbernimmt die Kosten f\u00fcr Unf\u00e4lle, die in Ihren Betriebsr\u00e4umlichkeiten oder auf Ihrem Betriebsgel\u00e4nde passieren. F\u00fcr den Abschluss dieser Versicherung spricht einiges:<\/p>\n\n\n\n<ul class=\"wp-block-list\">\n<li>Verantwortungsbewusstsein gegen\u00fcber Kunden und Besuchern: Sie zeigen, dass Sie im Falle eines Unfalls finanziell abgesichert sind.<\/li>\n\n\n\n<li>Rasche Leistungserbringung ohne Frage zur Haftung: Im Fall der F\u00e4lle erbringt SOLIDA rasch und unkompliziert ihre Leistung, ohne Diskussionen \u00fcber die Schuldfrage.<\/li>\n\n\n\n<li>Kapitalleistungen bei dauerhafter Invalidit\u00e4t oder im Todesfall: Bei dauerhafter Invalidit\u00e4t oder im Todesfall bietet die Besucher-Unfallversicherung von SOLIDA Kapitalleistungen f\u00fcr die Betroffenen und deren Angeh\u00f6rige.<\/li>\n\n\n\n<li>Umfangreiche Zusatzleistungen f\u00fcr Heilungskosten und Taggelder: Geld, das f\u00fcr die Genesungsphase nach einem Unfall von Bedeutung sein kann.<\/li>\n<\/ul>\n","protected":false},"excerpt":{"rendered":"<p>Die Besucher-Unfallversicherung \u00fcbernimmt die Kosten f\u00fcr Unf\u00e4lle, die in Ihren Betriebsr\u00e4umlichkeiten oder auf Ihrem Betriebsgel\u00e4nde passieren. F\u00fcr den Abschluss dieser Versicherung spricht einiges:<\/p>\n","protected":false},"author":1,"featured_media":8116,"parent":13,"menu_order":4,"comment_status":"closed","ping_status":"closed","template":"","meta":{"_acf_changed":false,"_monsterinsights_skip_tracking":false,"_monsterinsights_sitenote_active":false,"_monsterinsights_sitenote_note":"","_monsterinsights_sitenote_category":0,"footnotes":""},"categories":[18],"class_list":["post-4334","page","type-page","status-publish","has-post-thumbnail","hentry","category-produkt-geschaeftskunden"],"acf":[],"yoast_head":"<!-- This site is optimized with the Yoast SEO Premium plugin v26.9 (Yoast SEO v27.4) - https:\/\/yoast.com\/product\/yoast-seo-premium-wordpress\/ -->\n<title>Besucher-Unfallversicherung: Schutz f\u00fcr Kunden &amp; Besucher<\/title>\n<meta name=\"description\" content=\"Sch\u00fctzen Sie sich vor den finanziellen Risiken von Besucherunf\u00e4llen. Mit der Besucher-Unfallversicherung von SOLIDA sind Sie abgesichert und vermeiden langwierige Diskussionen \u00fcber Haftungsanspr\u00fcche.\" \/>\n<meta name=\"robots\" content=\"index, follow, max-snippet:-1, max-image-preview:large, max-video-preview:-1\" \/>\n<link rel=\"canonical\" href=\"https:\/\/www.solida.ch\/de\/geschaeftskunden\/besucher\/\" \/>\n<meta property=\"og:locale\" content=\"de_DE\" \/>\n<meta property=\"og:type\" content=\"article\" \/>\n<meta property=\"og:title\" content=\"Besucher-Unfallversicherung\" \/>\n<meta property=\"og:description\" content=\"Sch\u00fctzen Sie sich vor den finanziellen Risiken von Besucherunf\u00e4llen. Mit der Besucher-Unfallversicherung von SOLIDA sind Sie abgesichert und vermeiden langwierige Diskussionen \u00fcber Haftungsanspr\u00fcche.\" \/>\n<meta property=\"og:url\" content=\"https:\/\/www.solida.ch\/de\/geschaeftskunden\/besucher\/\" \/>\n<meta property=\"og:site_name\" content=\"SOLIDA Versicherungen\" \/>\n<meta property=\"article:modified_time\" content=\"2023-06-13T23:07:31+00:00\" \/>\n<meta property=\"og:image\" content=\"https:\/\/www.solida.ch\/wp-content\/uploads\/2023\/05\/AdobeStock_268788901-scaled.jpeg\" \/>\n\t<meta property=\"og:image:width\" content=\"2560\" \/>\n\t<meta property=\"og:image:height\" content=\"1707\" \/>\n\t<meta property=\"og:image:type\" content=\"image\/jpeg\" \/>\n<meta name=\"twitter:card\" content=\"summary_large_image\" \/>\n<meta name=\"twitter:label1\" content=\"Gesch\u00e4tzte Lesezeit\" \/>\n\t<meta name=\"twitter:data1\" content=\"1\u00a0Minute\" \/>\n<script type=\"application\/ld+json\" class=\"yoast-schema-graph\">{\"@context\":\"https:\\\/\\\/schema.org\",\"@graph\":[{\"@type\":\"WebPage\",\"@id\":\"https:\\\/\\\/www.solida.ch\\\/de\\\/geschaeftskunden\\\/besucher\\\/\",\"url\":\"https:\\\/\\\/www.solida.ch\\\/de\\\/geschaeftskunden\\\/besucher\\\/\",\"name\":\"Besucher-Unfallversicherung: Schutz f\u00fcr Kunden & Besucher\",\"isPartOf\":{\"@id\":\"https:\\\/\\\/www.solida.ch\\\/de\\\/#website\"},\"primaryImageOfPage\":{\"@id\":\"https:\\\/\\\/www.solida.ch\\\/de\\\/geschaeftskunden\\\/besucher\\\/#primaryimage\"},\"image\":{\"@id\":\"https:\\\/\\\/www.solida.ch\\\/de\\\/geschaeftskunden\\\/besucher\\\/#primaryimage\"},\"thumbnailUrl\":\"https:\\\/\\\/www.solida.ch\\\/wp-content\\\/uploads\\\/2023\\\/05\\\/AdobeStock_268788901-scaled.jpeg\",\"datePublished\":\"2023-03-26T04:42:31+00:00\",\"dateModified\":\"2023-06-13T23:07:31+00:00\",\"description\":\"Sch\u00fctzen Sie sich vor den finanziellen Risiken von Besucherunf\u00e4llen. Mit der Besucher-Unfallversicherung von SOLIDA sind Sie abgesichert und vermeiden langwierige Diskussionen \u00fcber Haftungsanspr\u00fcche.\",\"breadcrumb\":{\"@id\":\"https:\\\/\\\/www.solida.ch\\\/de\\\/geschaeftskunden\\\/besucher\\\/#breadcrumb\"},\"inLanguage\":\"de\",\"potentialAction\":[{\"@type\":\"ReadAction\",\"target\":[\"https:\\\/\\\/www.solida.ch\\\/de\\\/geschaeftskunden\\\/besucher\\\/\"]}]},{\"@type\":\"ImageObject\",\"inLanguage\":\"de\",\"@id\":\"https:\\\/\\\/www.solida.ch\\\/de\\\/geschaeftskunden\\\/besucher\\\/#primaryimage\",\"url\":\"https:\\\/\\\/www.solida.ch\\\/wp-content\\\/uploads\\\/2023\\\/05\\\/AdobeStock_268788901-scaled.jpeg\",\"contentUrl\":\"https:\\\/\\\/www.solida.ch\\\/wp-content\\\/uploads\\\/2023\\\/05\\\/AdobeStock_268788901-scaled.jpeg\",\"width\":2560,\"height\":1707,\"caption\":\"Smiling confident business forum guide with badge on neck standing on stairs and holding clipboards with files while giving tour to participants\"},{\"@type\":\"BreadcrumbList\",\"@id\":\"https:\\\/\\\/www.solida.ch\\\/de\\\/geschaeftskunden\\\/besucher\\\/#breadcrumb\",\"itemListElement\":[{\"@type\":\"ListItem\",\"position\":1,\"name\":\"Startseite\",\"item\":\"https:\\\/\\\/www.solida.ch\\\/de\\\/\"},{\"@type\":\"ListItem\",\"position\":2,\"name\":\"Gesch\u00e4ftskunden\",\"item\":\"https:\\\/\\\/www.solida.ch\\\/de\\\/\"},{\"@type\":\"ListItem\",\"position\":3,\"name\":\"Besucher-Unfallversicherung\"}]},{\"@type\":\"WebSite\",\"@id\":\"https:\\\/\\\/www.solida.ch\\\/de\\\/#website\",\"url\":\"https:\\\/\\\/www.solida.ch\\\/de\\\/\",\"name\":\"SOLIDA\",\"description\":\"Unbeschwert durchs Leben gehen\",\"publisher\":{\"@id\":\"https:\\\/\\\/www.solida.ch\\\/de\\\/#organization\"},\"alternateName\":\"Solida\",\"potentialAction\":[{\"@type\":\"SearchAction\",\"target\":{\"@type\":\"EntryPoint\",\"urlTemplate\":\"https:\\\/\\\/www.solida.ch\\\/de\\\/?s={search_term_string}\"},\"query-input\":{\"@type\":\"PropertyValueSpecification\",\"valueRequired\":true,\"valueName\":\"search_term_string\"}}],\"inLanguage\":\"de\"},{\"@type\":\"Organization\",\"@id\":\"https:\\\/\\\/www.solida.ch\\\/de\\\/#organization\",\"name\":\"SOLIDA Versicherungen AG\",\"alternateName\":\"Solida\",\"url\":\"https:\\\/\\\/www.solida.ch\\\/de\\\/\",\"logo\":{\"@type\":\"ImageObject\",\"inLanguage\":\"de\",\"@id\":\"https:\\\/\\\/www.solida.ch\\\/de\\\/#\\\/schema\\\/logo\\\/image\\\/\",\"url\":\"https:\\\/\\\/www.solida.ch\\\/wp-content\\\/uploads\\\/2023\\\/03\\\/solida-favicon.png\",\"contentUrl\":\"https:\\\/\\\/www.solida.ch\\\/wp-content\\\/uploads\\\/2023\\\/03\\\/solida-favicon.png\",\"width\":1024,\"height\":1024,\"caption\":\"SOLIDA Versicherungen AG\"},\"image\":{\"@id\":\"https:\\\/\\\/www.solida.ch\\\/de\\\/#\\\/schema\\\/logo\\\/image\\\/\"}}]}<\/script>\n<!-- \/ Yoast SEO Premium plugin. -->","yoast_head_json":{"title":"Besucher-Unfallversicherung: Schutz f\u00fcr Kunden & Besucher","description":"Sch\u00fctzen Sie sich vor den finanziellen Risiken von Besucherunf\u00e4llen. Mit der Besucher-Unfallversicherung von SOLIDA sind Sie abgesichert und vermeiden langwierige Diskussionen \u00fcber Haftungsanspr\u00fcche.","robots":{"index":"index","follow":"follow","max-snippet":"max-snippet:-1","max-image-preview":"max-image-preview:large","max-video-preview":"max-video-preview:-1"},"canonical":"https:\/\/www.solida.ch\/de\/geschaeftskunden\/besucher\/","og_locale":"de_DE","og_type":"article","og_title":"Besucher-Unfallversicherung","og_description":"Sch\u00fctzen Sie sich vor den finanziellen Risiken von Besucherunf\u00e4llen. Mit der Besucher-Unfallversicherung von SOLIDA sind Sie abgesichert und vermeiden langwierige Diskussionen \u00fcber Haftungsanspr\u00fcche.","og_url":"https:\/\/www.solida.ch\/de\/geschaeftskunden\/besucher\/","og_site_name":"SOLIDA Versicherungen","article_modified_time":"2023-06-13T23:07:31+00:00","og_image":[{"width":2560,"height":1707,"url":"https:\/\/www.solida.ch\/wp-content\/uploads\/2023\/05\/AdobeStock_268788901-scaled.jpeg","type":"image\/jpeg"}],"twitter_card":"summary_large_image","twitter_misc":{"Gesch\u00e4tzte Lesezeit":"1\u00a0Minute"},"schema":{"@context":"https:\/\/schema.org","@graph":[{"@type":"WebPage","@id":"https:\/\/www.solida.ch\/de\/geschaeftskunden\/besucher\/","url":"https:\/\/www.solida.ch\/de\/geschaeftskunden\/besucher\/","name":"Besucher-Unfallversicherung: Schutz f\u00fcr Kunden & Besucher","isPartOf":{"@id":"https:\/\/www.solida.ch\/de\/#website"},"primaryImageOfPage":{"@id":"https:\/\/www.solida.ch\/de\/geschaeftskunden\/besucher\/#primaryimage"},"image":{"@id":"https:\/\/www.solida.ch\/de\/geschaeftskunden\/besucher\/#primaryimage"},"thumbnailUrl":"https:\/\/www.solida.ch\/wp-content\/uploads\/2023\/05\/AdobeStock_268788901-scaled.jpeg","datePublished":"2023-03-26T04:42:31+00:00","dateModified":"2023-06-13T23:07:31+00:00","description":"Sch\u00fctzen Sie sich vor den finanziellen Risiken von Besucherunf\u00e4llen. Mit der Besucher-Unfallversicherung von SOLIDA sind Sie abgesichert und vermeiden langwierige Diskussionen \u00fcber Haftungsanspr\u00fcche.","breadcrumb":{"@id":"https:\/\/www.solida.ch\/de\/geschaeftskunden\/besucher\/#breadcrumb"},"inLanguage":"de","potentialAction":[{"@type":"ReadAction","target":["https:\/\/www.solida.ch\/de\/geschaeftskunden\/besucher\/"]}]},{"@type":"ImageObject","inLanguage":"de","@id":"https:\/\/www.solida.ch\/de\/geschaeftskunden\/besucher\/#primaryimage","url":"https:\/\/www.solida.ch\/wp-content\/uploads\/2023\/05\/AdobeStock_268788901-scaled.jpeg","contentUrl":"https:\/\/www.solida.ch\/wp-content\/uploads\/2023\/05\/AdobeStock_268788901-scaled.jpeg","width":2560,"height":1707,"caption":"Smiling confident business forum guide with badge on neck standing on stairs and holding clipboards with files while giving tour to participants"},{"@type":"BreadcrumbList","@id":"https:\/\/www.solida.ch\/de\/geschaeftskunden\/besucher\/#breadcrumb","itemListElement":[{"@type":"ListItem","position":1,"name":"Startseite","item":"https:\/\/www.solida.ch\/de\/"},{"@type":"ListItem","position":2,"name":"Gesch\u00e4ftskunden","item":"https:\/\/www.solida.ch\/de\/"},{"@type":"ListItem","position":3,"name":"Besucher-Unfallversicherung"}]},{"@type":"WebSite","@id":"https:\/\/www.solida.ch\/de\/#website","url":"https:\/\/www.solida.ch\/de\/","name":"SOLIDA","description":"Unbeschwert durchs Leben gehen","publisher":{"@id":"https:\/\/www.solida.ch\/de\/#organization"},"alternateName":"Solida","potentialAction":[{"@type":"SearchAction","target":{"@type":"EntryPoint","urlTemplate":"https:\/\/www.solida.ch\/de\/?s={search_term_string}"},"query-input":{"@type":"PropertyValueSpecification","valueRequired":true,"valueName":"search_term_string"}}],"inLanguage":"de"},{"@type":"Organization","@id":"https:\/\/www.solida.ch\/de\/#organization","name":"SOLIDA Versicherungen AG","alternateName":"Solida","url":"https:\/\/www.solida.ch\/de\/","logo":{"@type":"ImageObject","inLanguage":"de","@id":"https:\/\/www.solida.ch\/de\/#\/schema\/logo\/image\/","url":"https:\/\/www.solida.ch\/wp-content\/uploads\/2023\/03\/solida-favicon.png","contentUrl":"https:\/\/www.solida.ch\/wp-content\/uploads\/2023\/03\/solida-favicon.png","width":1024,"height":1024,"caption":"SOLIDA Versicherungen AG"},"image":{"@id":"https:\/\/www.solida.ch\/de\/#\/schema\/logo\/image\/"}}]}},"_links":{"self":[{"href":"https:\/\/www.solida.ch\/de\/wp-json\/wp\/v2\/pages\/4334","targetHints":{"allow":["GET"]}}],"collection":[{"href":"https:\/\/www.solida.ch\/de\/wp-json\/wp\/v2\/pages"}],"about":[{"href":"https:\/\/www.solida.ch\/de\/wp-json\/wp\/v2\/types\/page"}],"author":[{"embeddable":true,"href":"https:\/\/www.solida.ch\/de\/wp-json\/wp\/v2\/users\/1"}],"replies":[{"embeddable":true,"href":"https:\/\/www.solida.ch\/de\/wp-json\/wp\/v2\/comments?post=4334"}],"version-history":[{"count":0,"href":"https:\/\/www.solida.ch\/de\/wp-json\/wp\/v2\/pages\/4334\/revisions"}],"up":[{"embeddable":true,"href":"https:\/\/www.solida.ch\/de\/wp-json\/wp\/v2\/pages\/13"}],"wp:featuredmedia":[{"embeddable":true,"href":"https:\/\/www.solida.ch\/de\/wp-json\/wp\/v2\/media\/8116"}],"wp:attachment":[{"href":"https:\/\/www.solida.ch\/de\/wp-json\/wp\/v2\/media?parent=4334"}],"wp:term":[{"taxonomy":"category","embeddable":true,"href":"https:\/\/www.solida.ch\/de\/wp-json\/wp\/v2\/categories?post=4334"}],"curies":[{"name":"wp","href":"https:\/\/api.w.org\/{rel}","templated":true}]}}