{"id":4107,"date":"2023-03-26T01:55:47","date_gmt":"2023-03-26T00:55:47","guid":{"rendered":"https:\/\/pogewawa.cyon.site\/solida\/?page_id=4107"},"modified":"2026-01-05T11:56:24","modified_gmt":"2026-01-05T10:56:24","slug":"uvg-basis","status":"publish","type":"page","link":"https:\/\/www.solida.ch\/de\/geschaeftskunden\/uvg-basis\/","title":{"rendered":"UVG-Basis (Obligatorische Unfallversicherung)"},"content":{"rendered":"\n<div class=\"wp-block-columns solida_productpage_2cols is-layout-flex wp-container-core-columns-is-layout-28f84493 wp-block-columns-is-layout-flex\">\n<div class=\"wp-block-column is-layout-flow wp-block-column-is-layout-flow\">\n<h3 class=\"wp-block-heading\" id=\"h-gesetzliche-grundlagen-der-unfallversicherung\">Gesetzliche Grundlagen der Unfallversicherung<\/h3>\n\n\n\n<p>Die Versicherung richtet sich nach den Bestimmungen des Bundesgesetzes \u00fcber die Unfallversicherung vom 20.03.1981 (UVG) und dessen Verordnungen.<\/p>\n\n\n\n<h3 class=\"wp-block-heading\">Versicherte Personen<\/h3>\n\n\n\n<p>Alle in der Schweiz besch\u00e4ftigten Arbeitnehmenden \u2013 einschliesslich Heimarbeiter, Lernende, Praktikanten, Volont\u00e4re usw. \u2013, die einen Lohn erhalten bzw. in Ausbildung sind, m\u00fcssen gegen Unfall versichert werden.<\/p>\n\n\n\n<h3 class=\"wp-block-heading\">Umfang der Unfallversicherung<\/h3>\n\n\n\n<p>Vollbesch\u00e4ftigte erhalten Versicherungsleistungen f\u00fcr Berufs- und Nichtberufsunf\u00e4lle sowie f\u00fcr Berufskrankheiten. Teilzeitbesch\u00e4ftigte (bei einem Arbeitgeber weniger als 8 Stunden pro Woche besch\u00e4ftigt) k\u00f6nnen mit Versicherungsleistungen f\u00fcr Berufsunf\u00e4lle und -krankheiten rechnen. Auch Unf\u00e4lle auf dem Weg zur und von der Arbeit gelten als Berufsunf\u00e4lle.<\/p>\n<\/div>\n\n\n\n<div class=\"wp-block-column is-layout-flow wp-block-column-is-layout-flow\">\n<h3 class=\"wp-block-heading\">Pflegeleistungen und Kostenverg\u00fctungen der Unfallversicherung<\/h3>\n\n\n\n<p>Alle Versicherten haben Anspruch auf die Deckung der Heilungskosten f\u00fcr die zweckm\u00e4ssige Behandlung von Unfallfolgen:<\/p>\n\n\n\n<ul class=\"wp-block-list\">\n<li>Ambulante Behandlung (Arzt, Zahnarzt, Medikamente, Analysen, Therapien)<\/li>\n\n\n\n<li>Spitalaufenthalte in der allgemeinen Abteilung (Unterkunft, Pflege, Behandlung)<\/li>\n\n\n\n<li>Kurbeitr\u00e4ge<\/li>\n\n\n\n<li>Therapiehilfen<\/li>\n\n\n\n<li>Behandlungen zu Hause<\/li>\n<\/ul>\n\n\n\n<p>Dazu geh\u00f6ren auch die gesetzlich definierten Leistungen f\u00fcr Hilfsmittel, Sachsch\u00e4den, Reise-, Transport- und Rettungskosten.<\/p>\n\n\n\n<h3 class=\"wp-block-heading\" id=\"h-versicherter-verdienst\">Versicherter Verdienst<\/h3>\n\n\n\n<p>Als versicherter Verdienst gilt der vor dem Unfall bezogene Lohn bis zum H\u00f6chstbetrag von aktuell CHF 148\u2019200.\u2013 pro Jahr, CHF 12\u2019350.\u2013 pro Monat bzw. CHF 406.\u2013 pro Tag.<\/p>\n<\/div>\n<\/div>\n","protected":false},"excerpt":{"rendered":"<p>Gesetzliche Grundlagen der Unfallversicherung Die Versicherung richtet sich nach den Bestimmungen des Bundesgesetzes \u00fcber die Unfallversicherung vom 20.03.1981 (UVG) und dessen Verordnungen. Versicherte Personen Alle in der Schweiz besch\u00e4ftigten Arbeitnehmenden \u2013 einschliesslich Heimarbeiter, Lernende, Praktikanten, Volont\u00e4re usw. \u2013, die einen Lohn erhalten bzw. in Ausbildung sind, m\u00fcssen gegen Unfall versichert werden. Umfang der Unfallversicherung Vollbesch\u00e4ftigte [&hellip;]<\/p>\n","protected":false},"author":1,"featured_media":4108,"parent":13,"menu_order":1,"comment_status":"closed","ping_status":"closed","template":"","meta":{"_acf_changed":false,"_monsterinsights_skip_tracking":false,"_monsterinsights_sitenote_active":false,"_monsterinsights_sitenote_note":"","_monsterinsights_sitenote_category":0,"footnotes":""},"categories":[67,18],"class_list":["post-4107","page","type-page","status-publish","has-post-thumbnail","hentry","category-produkt-cta","category-produkt-geschaeftskunden"],"acf":[],"yoast_head":"<!-- This site is optimized with the Yoast SEO Premium plugin v26.9 (Yoast SEO v27.4) - https:\/\/yoast.com\/product\/yoast-seo-premium-wordpress\/ -->\n<title>UVG-Basis (Obligatorische Unfallversicherung)<\/title>\n<meta name=\"description\" content=\"Umfassender Unfallschutz f\u00fcr Arbeitnehmende in der Schweiz mit vielen Vorteilen. Erf\u00fcllen Sie Ihre gesetzliche Pflicht und bieten Sie Ihren Mitarbeitenden den optimalen Versicherungsschutz.\" \/>\n<meta name=\"robots\" content=\"index, follow, max-snippet:-1, max-image-preview:large, max-video-preview:-1\" \/>\n<link rel=\"canonical\" href=\"https:\/\/www.solida.ch\/de\/geschaeftskunden\/uvg-basis\/\" \/>\n<meta property=\"og:locale\" content=\"de_DE\" \/>\n<meta property=\"og:type\" content=\"article\" \/>\n<meta property=\"og:title\" content=\"UVG-Basis (Obligatorische Unfallversicherung)\" \/>\n<meta property=\"og:description\" content=\"Umfassender Unfallschutz f\u00fcr Arbeitnehmende in der Schweiz mit vielen Vorteilen. Erf\u00fcllen Sie Ihre gesetzliche Pflicht und bieten Sie Ihren Mitarbeitenden den optimalen Versicherungsschutz.\" \/>\n<meta property=\"og:url\" content=\"https:\/\/www.solida.ch\/de\/geschaeftskunden\/uvg-basis\/\" \/>\n<meta property=\"og:site_name\" content=\"SOLIDA Versicherungen\" \/>\n<meta property=\"article:modified_time\" content=\"2026-01-05T10:56:24+00:00\" \/>\n<meta property=\"og:image\" content=\"https:\/\/www.solida.ch\/wp-content\/uploads\/2023\/03\/adobestock_300203592_sp.webp\" \/>\n\t<meta property=\"og:image:width\" content=\"2160\" \/>\n\t<meta property=\"og:image:height\" content=\"1441\" \/>\n\t<meta property=\"og:image:type\" content=\"image\/webp\" \/>\n<meta name=\"twitter:card\" content=\"summary_large_image\" \/>\n<meta name=\"twitter:label1\" content=\"Gesch\u00e4tzte Lesezeit\" \/>\n\t<meta name=\"twitter:data1\" content=\"2\u00a0Minuten\" \/>\n<script type=\"application\/ld+json\" class=\"yoast-schema-graph\">{\"@context\":\"https:\\\/\\\/schema.org\",\"@graph\":[{\"@type\":\"WebPage\",\"@id\":\"https:\\\/\\\/www.solida.ch\\\/de\\\/geschaeftskunden\\\/uvg-basis\\\/\",\"url\":\"https:\\\/\\\/www.solida.ch\\\/de\\\/geschaeftskunden\\\/uvg-basis\\\/\",\"name\":\"UVG-Basis (Obligatorische Unfallversicherung)\",\"isPartOf\":{\"@id\":\"https:\\\/\\\/www.solida.ch\\\/de\\\/#website\"},\"primaryImageOfPage\":{\"@id\":\"https:\\\/\\\/www.solida.ch\\\/de\\\/geschaeftskunden\\\/uvg-basis\\\/#primaryimage\"},\"image\":{\"@id\":\"https:\\\/\\\/www.solida.ch\\\/de\\\/geschaeftskunden\\\/uvg-basis\\\/#primaryimage\"},\"thumbnailUrl\":\"https:\\\/\\\/www.solida.ch\\\/wp-content\\\/uploads\\\/2023\\\/03\\\/adobestock_300203592_sp.webp\",\"datePublished\":\"2023-03-26T00:55:47+00:00\",\"dateModified\":\"2026-01-05T10:56:24+00:00\",\"description\":\"Umfassender Unfallschutz f\u00fcr Arbeitnehmende in der Schweiz mit vielen Vorteilen. Erf\u00fcllen Sie Ihre gesetzliche Pflicht und bieten Sie Ihren Mitarbeitenden den optimalen Versicherungsschutz.\",\"breadcrumb\":{\"@id\":\"https:\\\/\\\/www.solida.ch\\\/de\\\/geschaeftskunden\\\/uvg-basis\\\/#breadcrumb\"},\"inLanguage\":\"de\",\"potentialAction\":[{\"@type\":\"ReadAction\",\"target\":[\"https:\\\/\\\/www.solida.ch\\\/de\\\/geschaeftskunden\\\/uvg-basis\\\/\"]}]},{\"@type\":\"ImageObject\",\"inLanguage\":\"de\",\"@id\":\"https:\\\/\\\/www.solida.ch\\\/de\\\/geschaeftskunden\\\/uvg-basis\\\/#primaryimage\",\"url\":\"https:\\\/\\\/www.solida.ch\\\/wp-content\\\/uploads\\\/2023\\\/03\\\/adobestock_300203592_sp.webp\",\"contentUrl\":\"https:\\\/\\\/www.solida.ch\\\/wp-content\\\/uploads\\\/2023\\\/03\\\/adobestock_300203592_sp.webp\",\"width\":2160,\"height\":1441},{\"@type\":\"BreadcrumbList\",\"@id\":\"https:\\\/\\\/www.solida.ch\\\/de\\\/geschaeftskunden\\\/uvg-basis\\\/#breadcrumb\",\"itemListElement\":[{\"@type\":\"ListItem\",\"position\":1,\"name\":\"Startseite\",\"item\":\"https:\\\/\\\/www.solida.ch\\\/de\\\/\"},{\"@type\":\"ListItem\",\"position\":2,\"name\":\"Gesch\u00e4ftskunden\",\"item\":\"https:\\\/\\\/www.solida.ch\\\/de\\\/\"},{\"@type\":\"ListItem\",\"position\":3,\"name\":\"UVG-Basis (Obligatorische Unfallversicherung)\"}]},{\"@type\":\"WebSite\",\"@id\":\"https:\\\/\\\/www.solida.ch\\\/de\\\/#website\",\"url\":\"https:\\\/\\\/www.solida.ch\\\/de\\\/\",\"name\":\"SOLIDA\",\"description\":\"Unbeschwert durchs Leben gehen\",\"publisher\":{\"@id\":\"https:\\\/\\\/www.solida.ch\\\/de\\\/#organization\"},\"alternateName\":\"Solida\",\"potentialAction\":[{\"@type\":\"SearchAction\",\"target\":{\"@type\":\"EntryPoint\",\"urlTemplate\":\"https:\\\/\\\/www.solida.ch\\\/de\\\/?s={search_term_string}\"},\"query-input\":{\"@type\":\"PropertyValueSpecification\",\"valueRequired\":true,\"valueName\":\"search_term_string\"}}],\"inLanguage\":\"de\"},{\"@type\":\"Organization\",\"@id\":\"https:\\\/\\\/www.solida.ch\\\/de\\\/#organization\",\"name\":\"SOLIDA Versicherungen AG\",\"alternateName\":\"Solida\",\"url\":\"https:\\\/\\\/www.solida.ch\\\/de\\\/\",\"logo\":{\"@type\":\"ImageObject\",\"inLanguage\":\"de\",\"@id\":\"https:\\\/\\\/www.solida.ch\\\/de\\\/#\\\/schema\\\/logo\\\/image\\\/\",\"url\":\"https:\\\/\\\/www.solida.ch\\\/wp-content\\\/uploads\\\/2023\\\/03\\\/solida-favicon.png\",\"contentUrl\":\"https:\\\/\\\/www.solida.ch\\\/wp-content\\\/uploads\\\/2023\\\/03\\\/solida-favicon.png\",\"width\":1024,\"height\":1024,\"caption\":\"SOLIDA Versicherungen AG\"},\"image\":{\"@id\":\"https:\\\/\\\/www.solida.ch\\\/de\\\/#\\\/schema\\\/logo\\\/image\\\/\"}}]}<\/script>\n<!-- \/ Yoast SEO Premium plugin. -->","yoast_head_json":{"title":"UVG-Basis (Obligatorische Unfallversicherung)","description":"Umfassender Unfallschutz f\u00fcr Arbeitnehmende in der Schweiz mit vielen Vorteilen. Erf\u00fcllen Sie Ihre gesetzliche Pflicht und bieten Sie Ihren Mitarbeitenden den optimalen Versicherungsschutz.","robots":{"index":"index","follow":"follow","max-snippet":"max-snippet:-1","max-image-preview":"max-image-preview:large","max-video-preview":"max-video-preview:-1"},"canonical":"https:\/\/www.solida.ch\/de\/geschaeftskunden\/uvg-basis\/","og_locale":"de_DE","og_type":"article","og_title":"UVG-Basis (Obligatorische Unfallversicherung)","og_description":"Umfassender Unfallschutz f\u00fcr Arbeitnehmende in der Schweiz mit vielen Vorteilen. Erf\u00fcllen Sie Ihre gesetzliche Pflicht und bieten Sie Ihren Mitarbeitenden den optimalen Versicherungsschutz.","og_url":"https:\/\/www.solida.ch\/de\/geschaeftskunden\/uvg-basis\/","og_site_name":"SOLIDA Versicherungen","article_modified_time":"2026-01-05T10:56:24+00:00","og_image":[{"width":2160,"height":1441,"url":"https:\/\/www.solida.ch\/wp-content\/uploads\/2023\/03\/adobestock_300203592_sp.webp","type":"image\/webp"}],"twitter_card":"summary_large_image","twitter_misc":{"Gesch\u00e4tzte Lesezeit":"2\u00a0Minuten"},"schema":{"@context":"https:\/\/schema.org","@graph":[{"@type":"WebPage","@id":"https:\/\/www.solida.ch\/de\/geschaeftskunden\/uvg-basis\/","url":"https:\/\/www.solida.ch\/de\/geschaeftskunden\/uvg-basis\/","name":"UVG-Basis (Obligatorische Unfallversicherung)","isPartOf":{"@id":"https:\/\/www.solida.ch\/de\/#website"},"primaryImageOfPage":{"@id":"https:\/\/www.solida.ch\/de\/geschaeftskunden\/uvg-basis\/#primaryimage"},"image":{"@id":"https:\/\/www.solida.ch\/de\/geschaeftskunden\/uvg-basis\/#primaryimage"},"thumbnailUrl":"https:\/\/www.solida.ch\/wp-content\/uploads\/2023\/03\/adobestock_300203592_sp.webp","datePublished":"2023-03-26T00:55:47+00:00","dateModified":"2026-01-05T10:56:24+00:00","description":"Umfassender Unfallschutz f\u00fcr Arbeitnehmende in der Schweiz mit vielen Vorteilen. Erf\u00fcllen Sie Ihre gesetzliche Pflicht und bieten Sie Ihren Mitarbeitenden den optimalen Versicherungsschutz.","breadcrumb":{"@id":"https:\/\/www.solida.ch\/de\/geschaeftskunden\/uvg-basis\/#breadcrumb"},"inLanguage":"de","potentialAction":[{"@type":"ReadAction","target":["https:\/\/www.solida.ch\/de\/geschaeftskunden\/uvg-basis\/"]}]},{"@type":"ImageObject","inLanguage":"de","@id":"https:\/\/www.solida.ch\/de\/geschaeftskunden\/uvg-basis\/#primaryimage","url":"https:\/\/www.solida.ch\/wp-content\/uploads\/2023\/03\/adobestock_300203592_sp.webp","contentUrl":"https:\/\/www.solida.ch\/wp-content\/uploads\/2023\/03\/adobestock_300203592_sp.webp","width":2160,"height":1441},{"@type":"BreadcrumbList","@id":"https:\/\/www.solida.ch\/de\/geschaeftskunden\/uvg-basis\/#breadcrumb","itemListElement":[{"@type":"ListItem","position":1,"name":"Startseite","item":"https:\/\/www.solida.ch\/de\/"},{"@type":"ListItem","position":2,"name":"Gesch\u00e4ftskunden","item":"https:\/\/www.solida.ch\/de\/"},{"@type":"ListItem","position":3,"name":"UVG-Basis (Obligatorische Unfallversicherung)"}]},{"@type":"WebSite","@id":"https:\/\/www.solida.ch\/de\/#website","url":"https:\/\/www.solida.ch\/de\/","name":"SOLIDA","description":"Unbeschwert durchs Leben gehen","publisher":{"@id":"https:\/\/www.solida.ch\/de\/#organization"},"alternateName":"Solida","potentialAction":[{"@type":"SearchAction","target":{"@type":"EntryPoint","urlTemplate":"https:\/\/www.solida.ch\/de\/?s={search_term_string}"},"query-input":{"@type":"PropertyValueSpecification","valueRequired":true,"valueName":"search_term_string"}}],"inLanguage":"de"},{"@type":"Organization","@id":"https:\/\/www.solida.ch\/de\/#organization","name":"SOLIDA Versicherungen AG","alternateName":"Solida","url":"https:\/\/www.solida.ch\/de\/","logo":{"@type":"ImageObject","inLanguage":"de","@id":"https:\/\/www.solida.ch\/de\/#\/schema\/logo\/image\/","url":"https:\/\/www.solida.ch\/wp-content\/uploads\/2023\/03\/solida-favicon.png","contentUrl":"https:\/\/www.solida.ch\/wp-content\/uploads\/2023\/03\/solida-favicon.png","width":1024,"height":1024,"caption":"SOLIDA Versicherungen AG"},"image":{"@id":"https:\/\/www.solida.ch\/de\/#\/schema\/logo\/image\/"}}]}},"_links":{"self":[{"href":"https:\/\/www.solida.ch\/de\/wp-json\/wp\/v2\/pages\/4107","targetHints":{"allow":["GET"]}}],"collection":[{"href":"https:\/\/www.solida.ch\/de\/wp-json\/wp\/v2\/pages"}],"about":[{"href":"https:\/\/www.solida.ch\/de\/wp-json\/wp\/v2\/types\/page"}],"author":[{"embeddable":true,"href":"https:\/\/www.solida.ch\/de\/wp-json\/wp\/v2\/users\/1"}],"replies":[{"embeddable":true,"href":"https:\/\/www.solida.ch\/de\/wp-json\/wp\/v2\/comments?post=4107"}],"version-history":[{"count":1,"href":"https:\/\/www.solida.ch\/de\/wp-json\/wp\/v2\/pages\/4107\/revisions"}],"predecessor-version":[{"id":11018,"href":"https:\/\/www.solida.ch\/de\/wp-json\/wp\/v2\/pages\/4107\/revisions\/11018"}],"up":[{"embeddable":true,"href":"https:\/\/www.solida.ch\/de\/wp-json\/wp\/v2\/pages\/13"}],"wp:featuredmedia":[{"embeddable":true,"href":"https:\/\/www.solida.ch\/de\/wp-json\/wp\/v2\/media\/4108"}],"wp:attachment":[{"href":"https:\/\/www.solida.ch\/de\/wp-json\/wp\/v2\/media?parent=4107"}],"wp:term":[{"taxonomy":"category","embeddable":true,"href":"https:\/\/www.solida.ch\/de\/wp-json\/wp\/v2\/categories?post=4107"}],"curies":[{"name":"wp","href":"https:\/\/api.w.org\/{rel}","templated":true}]}}