{"id":2400,"date":"2023-03-18T02:51:28","date_gmt":"2023-03-18T01:51:28","guid":{"rendered":"https:\/\/pogewawa.cyon.site\/solida\/?page_id=2400"},"modified":"2023-06-12T17:17:38","modified_gmt":"2023-06-12T15:17:38","slug":"einzel-unfallversicherung","status":"publish","type":"page","link":"https:\/\/www.solida.ch\/de\/privatkunden\/einzel-unfallversicherung\/","title":{"rendered":"Einzel-Unfallversicherung"},"content":{"rendered":"\n<p>Mit unserer flexiblen Einzel-Unfallversicherung versichern Sie neben den Risiken Tod und Invalidit\u00e4t auch Heilungskosten in Erg\u00e4nzung zum KVG (obligatorische Krankenpflegeversicherung) und\/oder zur UVG\/Suva (obligatorische Unfallversicherung), zum Taggeld und zum Spitaltaggeld.<\/p>\n\n\n\n<p>Die Einzel-Unfallversicherung bietet viele Vorteile:<\/p>\n\n\n\n<ol class=\"wp-block-list\">\n<li>Verzicht auf Leistungsk\u00fcrzung bei Grobfahrl\u00e4ssigkeit: Die SOLIDA verzichtet auf das Recht, Leistungen zu k\u00fcrzen, wenn ein Unfall auf Grobfahrl\u00e4ssigkeit zur\u00fcckzuf\u00fchren ist. Sie erhalten auch in solchen Situationen unsere volle Unterst\u00fctzung.<\/li>\n\n\n\n<li>Abfindung bei \u00e4sthetischen Unfallsch\u00e4den: Im Falle sichtbarer \u00e4sthetischer Unfallsch\u00e4den zahlt die SOLIDA eine Abfindung von bis zu CHF 20\u2019000.\u2013 f\u00fcr eventuell notwendige kosmetische Behandlungen aus.<\/li>\n\n\n\n<li>Verdoppelung der Todesfallsumme bei gleichzeitigem Versterben beider Ehegatten: Falls beide Ehegatten bei demselben Ereignis t\u00f6dlich verunfallen und die hinterbliebenen Kinder minderj\u00e4hrig, dauernd erwerbsunf\u00e4hig oder unterst\u00fctzungsbed\u00fcrftig sind, verdoppelt die SOLIDA die Todesfallsumme. Eine umfassende finanzielle Absicherung f\u00fcr Ihre Familie.<\/li>\n\n\n\n<li>Familienrabatt: Wenn drei oder mehr Familienmitglieder bei SOLIDA versichert werden, gew\u00e4hren wir Ihnen einen Familienrabatt von 10 %. Eine kosteneffiziente Absicherung der ganzen Familie.<\/li>\n<\/ol>\n\n\n\n<p>Die Mindestvertragsdauer betr\u00e4gt lediglich ein Jahr. Der Pr\u00e4mienverfall kann beliebig festgelegt werden, abh\u00e4ngig vom Beginndatum des Vertrags. F\u00fcr die Versicherung im Fall von Tod und Invalidit\u00e4t bieten wir Ihnen sogenannte Einheitspr\u00e4mien an, die lediglich in vier Altersgruppen aufgeteilt sind: von Geburt bis 15 Jahre, Jugendliche bis 20 Jahre, Erwachsene bis 65 Jahre und Pensionierte ab dem 66. Lebensjahr. F\u00fcr eine transparente und leicht verst\u00e4ndliche Preisstruktur.<\/p>\n","protected":false},"excerpt":{"rendered":"<p>Mit unserer flexiblen Einzel-Unfallversicherung versichern Sie neben den Risiken Tod und Invalidit\u00e4t auch Heilungskosten in Erg\u00e4nzung zum KVG (obligatorische Krankenpflegeversicherung) und\/oder zur UVG\/Suva (obligatorische Unfallversicherung), zum Taggeld und zum Spitaltaggeld. Die Einzel-Unfallversicherung bietet viele Vorteile: Die Mindestvertragsdauer betr\u00e4gt lediglich ein Jahr. Der Pr\u00e4mienverfall kann beliebig festgelegt werden, abh\u00e4ngig vom Beginndatum des Vertrags. F\u00fcr die Versicherung [&hellip;]<\/p>\n","protected":false},"author":1,"featured_media":8021,"parent":7888,"menu_order":1,"comment_status":"closed","ping_status":"closed","template":"","meta":{"_acf_changed":false,"_monsterinsights_skip_tracking":false,"_monsterinsights_sitenote_active":false,"_monsterinsights_sitenote_note":"","_monsterinsights_sitenote_category":0,"footnotes":""},"categories":[67,17],"class_list":["post-2400","page","type-page","status-publish","has-post-thumbnail","hentry","category-produkt-cta","category-produkt-privatkunden"],"acf":[],"yoast_head":"<!-- This site is optimized with the Yoast SEO Premium plugin v26.9 (Yoast SEO v27.4) - https:\/\/yoast.com\/product\/yoast-seo-premium-wordpress\/ -->\n<title>Einzel-Unfallversicherung: Schnell &amp; bequem online abschliessen<\/title>\n<meta name=\"description\" content=\"Optimaler Schutz mit SOLIDA Einzel-Unfallversicherung. Weltweiter Schutz rund um die Uhr f\u00fcr Tod, Invalidit\u00e4t und Heilungskosten. Vertrauen Sie unserer langj\u00e4hrigen Erfahrung im Versicherungsbereich.\" \/>\n<meta name=\"robots\" content=\"index, follow, max-snippet:-1, max-image-preview:large, max-video-preview:-1\" \/>\n<link rel=\"canonical\" href=\"https:\/\/www.solida.ch\/de\/privatkunden\/einzel-unfallversicherung\/\" \/>\n<meta property=\"og:locale\" content=\"de_DE\" \/>\n<meta property=\"og:type\" content=\"article\" \/>\n<meta property=\"og:title\" content=\"Einzel-Unfallversicherung\" \/>\n<meta property=\"og:description\" content=\"Optimaler Schutz mit SOLIDA Einzel-Unfallversicherung. Weltweiter Schutz rund um die Uhr f\u00fcr Tod, Invalidit\u00e4t und Heilungskosten. Vertrauen Sie unserer langj\u00e4hrigen Erfahrung im Versicherungsbereich.\" \/>\n<meta property=\"og:url\" content=\"https:\/\/www.solida.ch\/de\/privatkunden\/einzel-unfallversicherung\/\" \/>\n<meta property=\"og:site_name\" content=\"SOLIDA Versicherungen\" \/>\n<meta property=\"article:modified_time\" content=\"2023-06-12T15:17:38+00:00\" \/>\n<meta property=\"og:image\" content=\"https:\/\/www.solida.ch\/wp-content\/uploads\/2023\/05\/Bild-Einzelunfall-1024x630.png\" \/>\n\t<meta property=\"og:image:width\" content=\"1024\" \/>\n\t<meta property=\"og:image:height\" content=\"630\" \/>\n\t<meta property=\"og:image:type\" content=\"image\/png\" \/>\n<meta name=\"twitter:card\" content=\"summary_large_image\" \/>\n<meta name=\"twitter:label1\" content=\"Gesch\u00e4tzte Lesezeit\" \/>\n\t<meta name=\"twitter:data1\" content=\"2\u00a0Minuten\" \/>\n<script type=\"application\/ld+json\" class=\"yoast-schema-graph\">{\"@context\":\"https:\\\/\\\/schema.org\",\"@graph\":[{\"@type\":\"WebPage\",\"@id\":\"https:\\\/\\\/www.solida.ch\\\/de\\\/privatkunden\\\/einzel-unfallversicherung\\\/\",\"url\":\"https:\\\/\\\/www.solida.ch\\\/de\\\/privatkunden\\\/einzel-unfallversicherung\\\/\",\"name\":\"Einzel-Unfallversicherung: Schnell & bequem online abschliessen\",\"isPartOf\":{\"@id\":\"https:\\\/\\\/www.solida.ch\\\/de\\\/#website\"},\"primaryImageOfPage\":{\"@id\":\"https:\\\/\\\/www.solida.ch\\\/de\\\/privatkunden\\\/einzel-unfallversicherung\\\/#primaryimage\"},\"image\":{\"@id\":\"https:\\\/\\\/www.solida.ch\\\/de\\\/privatkunden\\\/einzel-unfallversicherung\\\/#primaryimage\"},\"thumbnailUrl\":\"https:\\\/\\\/www.solida.ch\\\/wp-content\\\/uploads\\\/2023\\\/05\\\/Bild-Einzelunfall.png\",\"datePublished\":\"2023-03-18T01:51:28+00:00\",\"dateModified\":\"2023-06-12T15:17:38+00:00\",\"description\":\"Optimaler Schutz mit SOLIDA Einzel-Unfallversicherung. Weltweiter Schutz rund um die Uhr f\u00fcr Tod, Invalidit\u00e4t und Heilungskosten. Vertrauen Sie unserer langj\u00e4hrigen Erfahrung im Versicherungsbereich.\",\"breadcrumb\":{\"@id\":\"https:\\\/\\\/www.solida.ch\\\/de\\\/privatkunden\\\/einzel-unfallversicherung\\\/#breadcrumb\"},\"inLanguage\":\"de\",\"potentialAction\":[{\"@type\":\"ReadAction\",\"target\":[\"https:\\\/\\\/www.solida.ch\\\/de\\\/privatkunden\\\/einzel-unfallversicherung\\\/\"]}]},{\"@type\":\"ImageObject\",\"inLanguage\":\"de\",\"@id\":\"https:\\\/\\\/www.solida.ch\\\/de\\\/privatkunden\\\/einzel-unfallversicherung\\\/#primaryimage\",\"url\":\"https:\\\/\\\/www.solida.ch\\\/wp-content\\\/uploads\\\/2023\\\/05\\\/Bild-Einzelunfall.png\",\"contentUrl\":\"https:\\\/\\\/www.solida.ch\\\/wp-content\\\/uploads\\\/2023\\\/05\\\/Bild-Einzelunfall.png\",\"width\":2310,\"height\":1422},{\"@type\":\"BreadcrumbList\",\"@id\":\"https:\\\/\\\/www.solida.ch\\\/de\\\/privatkunden\\\/einzel-unfallversicherung\\\/#breadcrumb\",\"itemListElement\":[{\"@type\":\"ListItem\",\"position\":1,\"name\":\"Startseite\",\"item\":\"https:\\\/\\\/www.solida.ch\\\/de\\\/\"},{\"@type\":\"ListItem\",\"position\":2,\"name\":\"Privatkunden\",\"item\":\"https:\\\/\\\/www.solida.ch\\\/de\\\/privatkunden\\\/\"},{\"@type\":\"ListItem\",\"position\":3,\"name\":\"Einzel-Unfallversicherung\"}]},{\"@type\":\"WebSite\",\"@id\":\"https:\\\/\\\/www.solida.ch\\\/de\\\/#website\",\"url\":\"https:\\\/\\\/www.solida.ch\\\/de\\\/\",\"name\":\"SOLIDA\",\"description\":\"Unbeschwert durchs Leben gehen\",\"publisher\":{\"@id\":\"https:\\\/\\\/www.solida.ch\\\/de\\\/#organization\"},\"alternateName\":\"Solida\",\"potentialAction\":[{\"@type\":\"SearchAction\",\"target\":{\"@type\":\"EntryPoint\",\"urlTemplate\":\"https:\\\/\\\/www.solida.ch\\\/de\\\/?s={search_term_string}\"},\"query-input\":{\"@type\":\"PropertyValueSpecification\",\"valueRequired\":true,\"valueName\":\"search_term_string\"}}],\"inLanguage\":\"de\"},{\"@type\":\"Organization\",\"@id\":\"https:\\\/\\\/www.solida.ch\\\/de\\\/#organization\",\"name\":\"SOLIDA Versicherungen AG\",\"alternateName\":\"Solida\",\"url\":\"https:\\\/\\\/www.solida.ch\\\/de\\\/\",\"logo\":{\"@type\":\"ImageObject\",\"inLanguage\":\"de\",\"@id\":\"https:\\\/\\\/www.solida.ch\\\/de\\\/#\\\/schema\\\/logo\\\/image\\\/\",\"url\":\"https:\\\/\\\/www.solida.ch\\\/wp-content\\\/uploads\\\/2023\\\/03\\\/solida-favicon.png\",\"contentUrl\":\"https:\\\/\\\/www.solida.ch\\\/wp-content\\\/uploads\\\/2023\\\/03\\\/solida-favicon.png\",\"width\":1024,\"height\":1024,\"caption\":\"SOLIDA Versicherungen AG\"},\"image\":{\"@id\":\"https:\\\/\\\/www.solida.ch\\\/de\\\/#\\\/schema\\\/logo\\\/image\\\/\"}}]}<\/script>\n<!-- \/ Yoast SEO Premium plugin. -->","yoast_head_json":{"title":"Einzel-Unfallversicherung: Schnell & bequem online abschliessen","description":"Optimaler Schutz mit SOLIDA Einzel-Unfallversicherung. Weltweiter Schutz rund um die Uhr f\u00fcr Tod, Invalidit\u00e4t und Heilungskosten. Vertrauen Sie unserer langj\u00e4hrigen Erfahrung im Versicherungsbereich.","robots":{"index":"index","follow":"follow","max-snippet":"max-snippet:-1","max-image-preview":"max-image-preview:large","max-video-preview":"max-video-preview:-1"},"canonical":"https:\/\/www.solida.ch\/de\/privatkunden\/einzel-unfallversicherung\/","og_locale":"de_DE","og_type":"article","og_title":"Einzel-Unfallversicherung","og_description":"Optimaler Schutz mit SOLIDA Einzel-Unfallversicherung. Weltweiter Schutz rund um die Uhr f\u00fcr Tod, Invalidit\u00e4t und Heilungskosten. Vertrauen Sie unserer langj\u00e4hrigen Erfahrung im Versicherungsbereich.","og_url":"https:\/\/www.solida.ch\/de\/privatkunden\/einzel-unfallversicherung\/","og_site_name":"SOLIDA Versicherungen","article_modified_time":"2023-06-12T15:17:38+00:00","og_image":[{"width":1024,"height":630,"url":"https:\/\/www.solida.ch\/wp-content\/uploads\/2023\/05\/Bild-Einzelunfall-1024x630.png","type":"image\/png"}],"twitter_card":"summary_large_image","twitter_misc":{"Gesch\u00e4tzte Lesezeit":"2\u00a0Minuten"},"schema":{"@context":"https:\/\/schema.org","@graph":[{"@type":"WebPage","@id":"https:\/\/www.solida.ch\/de\/privatkunden\/einzel-unfallversicherung\/","url":"https:\/\/www.solida.ch\/de\/privatkunden\/einzel-unfallversicherung\/","name":"Einzel-Unfallversicherung: Schnell & bequem online abschliessen","isPartOf":{"@id":"https:\/\/www.solida.ch\/de\/#website"},"primaryImageOfPage":{"@id":"https:\/\/www.solida.ch\/de\/privatkunden\/einzel-unfallversicherung\/#primaryimage"},"image":{"@id":"https:\/\/www.solida.ch\/de\/privatkunden\/einzel-unfallversicherung\/#primaryimage"},"thumbnailUrl":"https:\/\/www.solida.ch\/wp-content\/uploads\/2023\/05\/Bild-Einzelunfall.png","datePublished":"2023-03-18T01:51:28+00:00","dateModified":"2023-06-12T15:17:38+00:00","description":"Optimaler Schutz mit SOLIDA Einzel-Unfallversicherung. Weltweiter Schutz rund um die Uhr f\u00fcr Tod, Invalidit\u00e4t und Heilungskosten. Vertrauen Sie unserer langj\u00e4hrigen Erfahrung im Versicherungsbereich.","breadcrumb":{"@id":"https:\/\/www.solida.ch\/de\/privatkunden\/einzel-unfallversicherung\/#breadcrumb"},"inLanguage":"de","potentialAction":[{"@type":"ReadAction","target":["https:\/\/www.solida.ch\/de\/privatkunden\/einzel-unfallversicherung\/"]}]},{"@type":"ImageObject","inLanguage":"de","@id":"https:\/\/www.solida.ch\/de\/privatkunden\/einzel-unfallversicherung\/#primaryimage","url":"https:\/\/www.solida.ch\/wp-content\/uploads\/2023\/05\/Bild-Einzelunfall.png","contentUrl":"https:\/\/www.solida.ch\/wp-content\/uploads\/2023\/05\/Bild-Einzelunfall.png","width":2310,"height":1422},{"@type":"BreadcrumbList","@id":"https:\/\/www.solida.ch\/de\/privatkunden\/einzel-unfallversicherung\/#breadcrumb","itemListElement":[{"@type":"ListItem","position":1,"name":"Startseite","item":"https:\/\/www.solida.ch\/de\/"},{"@type":"ListItem","position":2,"name":"Privatkunden","item":"https:\/\/www.solida.ch\/de\/privatkunden\/"},{"@type":"ListItem","position":3,"name":"Einzel-Unfallversicherung"}]},{"@type":"WebSite","@id":"https:\/\/www.solida.ch\/de\/#website","url":"https:\/\/www.solida.ch\/de\/","name":"SOLIDA","description":"Unbeschwert durchs Leben gehen","publisher":{"@id":"https:\/\/www.solida.ch\/de\/#organization"},"alternateName":"Solida","potentialAction":[{"@type":"SearchAction","target":{"@type":"EntryPoint","urlTemplate":"https:\/\/www.solida.ch\/de\/?s={search_term_string}"},"query-input":{"@type":"PropertyValueSpecification","valueRequired":true,"valueName":"search_term_string"}}],"inLanguage":"de"},{"@type":"Organization","@id":"https:\/\/www.solida.ch\/de\/#organization","name":"SOLIDA Versicherungen AG","alternateName":"Solida","url":"https:\/\/www.solida.ch\/de\/","logo":{"@type":"ImageObject","inLanguage":"de","@id":"https:\/\/www.solida.ch\/de\/#\/schema\/logo\/image\/","url":"https:\/\/www.solida.ch\/wp-content\/uploads\/2023\/03\/solida-favicon.png","contentUrl":"https:\/\/www.solida.ch\/wp-content\/uploads\/2023\/03\/solida-favicon.png","width":1024,"height":1024,"caption":"SOLIDA Versicherungen AG"},"image":{"@id":"https:\/\/www.solida.ch\/de\/#\/schema\/logo\/image\/"}}]}},"_links":{"self":[{"href":"https:\/\/www.solida.ch\/de\/wp-json\/wp\/v2\/pages\/2400","targetHints":{"allow":["GET"]}}],"collection":[{"href":"https:\/\/www.solida.ch\/de\/wp-json\/wp\/v2\/pages"}],"about":[{"href":"https:\/\/www.solida.ch\/de\/wp-json\/wp\/v2\/types\/page"}],"author":[{"embeddable":true,"href":"https:\/\/www.solida.ch\/de\/wp-json\/wp\/v2\/users\/1"}],"replies":[{"embeddable":true,"href":"https:\/\/www.solida.ch\/de\/wp-json\/wp\/v2\/comments?post=2400"}],"version-history":[{"count":0,"href":"https:\/\/www.solida.ch\/de\/wp-json\/wp\/v2\/pages\/2400\/revisions"}],"up":[{"embeddable":true,"href":"https:\/\/www.solida.ch\/de\/wp-json\/wp\/v2\/pages\/7888"}],"wp:featuredmedia":[{"embeddable":true,"href":"https:\/\/www.solida.ch\/de\/wp-json\/wp\/v2\/media\/8021"}],"wp:attachment":[{"href":"https:\/\/www.solida.ch\/de\/wp-json\/wp\/v2\/media?parent=2400"}],"wp:term":[{"taxonomy":"category","embeddable":true,"href":"https:\/\/www.solida.ch\/de\/wp-json\/wp\/v2\/categories?post=2400"}],"curies":[{"name":"wp","href":"https:\/\/api.w.org\/{rel}","templated":true}]}}