{"id":10855,"date":"2024-08-16T16:43:27","date_gmt":"2024-08-16T14:43:27","guid":{"rendered":"https:\/\/www.solida.ch\/?page_id=10855"},"modified":"2024-08-23T15:37:28","modified_gmt":"2024-08-23T13:37:28","slug":"informationen-versicherungsaufsichtsgesetz","status":"publish","type":"page","link":"https:\/\/www.solida.ch\/de\/informationen-versicherungsaufsichtsgesetz\/","title":{"rendered":"Informationen gem\u00e4ss VAG"},"content":{"rendered":"\t\t<div data-elementor-type=\"wp-page\" data-elementor-id=\"10855\" class=\"elementor elementor-10855\" data-elementor-post-type=\"page\">\n\t\t\t\t<div class=\"elementor-element elementor-element-3f7ad05 e-con-full e-flex e-con e-parent\" data-id=\"3f7ad05\" data-element_type=\"container\" data-e-type=\"container\">\n\t\t\t\t<div class=\"elementor-element elementor-element-e748434 elementor-widget elementor-widget-template\" data-id=\"e748434\" data-element_type=\"widget\" data-e-type=\"widget\" data-widget_type=\"template.default\">\n\t\t\t\t<div class=\"elementor-widget-container\">\n\t\t\t\t\t\t\t<div class=\"elementor-template\">\n\t\t\t\t\t<div data-elementor-type=\"container\" data-elementor-id=\"2912\" class=\"elementor elementor-2912\" data-elementor-post-type=\"elementor_library\">\n\t\t\t\t<div class=\"elementor-element elementor-element-5a8dfd82 solida_hero e-flex e-con-boxed e-con e-parent\" data-id=\"5a8dfd82\" data-element_type=\"container\" data-e-type=\"container\" data-settings=\"{&quot;background_background&quot;:&quot;classic&quot;}\">\n\t\t\t\t\t<div class=\"e-con-inner\">\n\t\t<div data-dce-background-image-url=\"https:\/\/www.solida.ch\/wp-content\/uploads\/2023\/03\/adobestock_552747075_sp.webp\" data-dce-background-overlay-image-url=\"https:\/\/www.solida.ch\/wp-content\/uploads\/2023\/03\/adobestock_552747075_sp.webp\" class=\"elementor-element elementor-element-2776754 e-con-full solida_hero_image animated-fast e-flex elementor-invisible e-con e-child\" data-id=\"2776754\" data-element_type=\"container\" data-e-type=\"container\" data-settings=\"{&quot;background_background&quot;:&quot;classic&quot;,&quot;position&quot;:&quot;absolute&quot;,&quot;animation&quot;:&quot;fadeIn&quot;}\" style=\"background-position-y: 25% !important\">\n\t\t\t\t<\/div>\n\t\t<div class=\"elementor-element elementor-element-a024cb8 e-con-full solida_hero_standard e-flex e-con e-child\" data-id=\"a024cb8\" data-element_type=\"container\" data-e-type=\"container\">\n\t\t<div class=\"elementor-element elementor-element-5898f69d e-con-full solida_titlebox e-flex e-con e-child\" data-id=\"5898f69d\" data-element_type=\"container\" data-e-type=\"container\">\n\t\t\t\t<div class=\"elementor-element elementor-element-3557b228 solida_titlebox-large elementor-widget elementor-widget-heading\" data-id=\"3557b228\" data-element_type=\"widget\" data-e-type=\"widget\" data-widget_type=\"heading.default\">\n\t\t\t\t<div class=\"elementor-widget-container\">\n\t\t\t\t\t<h1 class=\"elementor-heading-title elementor-size-default\">Informationen gem\u00e4ss Artikel 45 Versicherungs&shy;aufsichtsgesetz<\/h1>\t\t\t\t<\/div>\n\t\t\t\t<\/div>\n\t\t\t\t<\/div>\n\t\t\t\t<\/div>\n\t\t\t\t\t<\/div>\n\t\t\t\t<\/div>\n\t\t\t\t<\/div>\n\t\t\t\t<\/div>\n\t\t\t\t\t\t<\/div>\n\t\t\t\t<\/div>\n\t\t\t\t<\/div>\n\t\t<div class=\"elementor-element elementor-element-01cd6fc e-flex e-con-boxed e-con e-parent\" data-id=\"01cd6fc\" data-element_type=\"container\" data-e-type=\"container\" data-settings=\"{&quot;background_background&quot;:&quot;classic&quot;}\">\n\t\t\t\t\t<div class=\"e-con-inner\">\n\t\t\t\t<div class=\"elementor-element elementor-element-b5f92ef solida_filterablecontent_wrapper elementor-widget elementor-widget-html\" data-id=\"b5f92ef\" data-element_type=\"widget\" data-e-type=\"widget\" data-widget_type=\"html.default\">\n\t\t\t\t<div class=\"elementor-widget-container\">\n\t\t\t\t\t<div class=\"solida_filterablecontent solida_faq_accordion v1\">\n  <div class=\"solida_faq_accordion_item\">\n    <div class=\"solida_faq_accordion_item_title\"><span><\/span>Welches ist der Versicherungsvermittlerstatus, und wer sind die auftraggebenden Versicherungs&shy;unternehmen?<\/div>\n    <div class=\"solida_faq_accordion_item_content\">Die SOLIDA Versicherungen AG und unsere Mitarbeitenden sind als gebundene Versicherungsvermittler t\u00e4tig. Wir bieten Ihnen Versicherungsprodukte folgender Versicherungsunternehmen an:\n        <ul>\n            <li>SOLIDA Versicherungen AG, Saumackerstrasse 35, 8048 Z\u00fcrich, Schweiz<\/li>\n            <li>Squarelife Insurance AG, Landstrasse 33, 9491 Ruggell, Liechtenstein<\/li>\n        <\/ul>\n    <\/div>\n  <\/div>\n  <div class=\"solida_faq_accordion_item\">\n    <div class=\"solida_faq_accordion_item_title\"><span><\/span>Wie k\u00f6nnen Sie sich \u00fcber die Aus- und Weiterbildung der vermittelnden Personen informieren?<\/div>\n    <div class=\"solida_faq_accordion_item_content\">Senden Sie Ihre Anfrage jederzeit an <a href=\"mailto:betrieb@solida.ch\">betrieb@solida.ch<\/a><\/div>\n  <\/div>\n  <div class=\"solida_faq_accordion_item\">\n    <div class=\"solida_faq_accordion_item_title\"><span><\/span>Wer kann f\u00fcr unrichtige Ausk\u00fcnfte, Nachl\u00e4ssigkeiten oder Fehler im Zusammenhang mit der Versicherungs&shy;vermittlert\u00e4tigkeit haftbar gemacht werden?<\/div>\n    <div class=\"solida_faq_accordion_item_content\">Es k\u00f6nnen jeweils die einzelnen Versicherungs&shy;unternehmen haftbar gemacht werden.<\/div>\n  <\/div>\n  <div class=\"solida_faq_accordion_item\">\n    <div class=\"solida_faq_accordion_item_title\"><span><\/span>Wie werden die Personendaten bearbeitet?<\/div>\n    <div class=\"solida_faq_accordion_item_content\">\n        <p>Die Versicherer bearbeiten Daten, welche f\u00fcr die Abwicklung des Versicherungsvertrages notwendig sind, namentlich Angaben \u00fcber den Versicherungsnehmer, die versicherte Person, den Pr\u00e4mienzahler und die Beg\u00fcnstigten und die sich aus den Vertragsunterlagen oder der Vertragsabwicklung ergeben. Sie verwenden diese Daten insbesondere f\u00fcr die Bestimmung der Pr\u00e4mie, f\u00fcr die Risikoabkl\u00e4rung, f\u00fcr die Bearbeitung von Versicherungsf\u00e4llen, f\u00fcr statistische Auswertungen sowie f\u00fcr Marketingzwecke. Die Daten werden sowohl physisch als auch elektronisch aufbewahrt.<\/p>\n        <p>Die Versicherer k\u00f6nnen im erforderlichen Umfang Daten an die an der Vertragsabwicklung beteiligten Dritten, insbesondere an Mit- und R\u00fcckversicherer, zur Bearbeitung weiterleiten. Sie k\u00f6nnen f\u00fcr die Abwicklung der Versicherung externe Fachpersonen beiziehen (z. B. \u00c4rzte, Rechtsexperten), die ihrerseits zur Einhaltung von Datenschutz und Geheimhaltung verpflichtet sind. Ferner k\u00f6nnen sie bei Amtsstellen und weiteren Dritten sachdienliche Ausk\u00fcnfte, insbesondere \u00fcber den Schadenverlauf, einholen. Im Rahmen der Antrags- oder Leistungspr\u00fcfung k\u00f6nnen bei anderen Versicherungs&shy;gesellschaften Personendaten erhoben oder diesen bekannt gegeben werden. Dies gilt unabh\u00e4ngig vom Zustandekommen des Vertrages. An weitere Dritte werden Personendaten nur mit Einverst\u00e4ndnis des Versicherungs&shy;nehmers bzw. der versicherten Person bekannt gegeben.<\/p>\n        <p>Die versicherte Person hat das Recht, bei den Versicherern \u00fcber die Bearbeitung der sie betreffenden Daten die gesetzlich vorgesehenen Ausk\u00fcnfte zu verlangen.<\/p><\/div>\n  <\/div>\n<\/div>\t\t\t\t<\/div>\n\t\t\t\t<\/div>\n\t\t\t\t<div class=\"elementor-element elementor-element-618a210 elementor-widget elementor-widget-text-editor\" data-id=\"618a210\" data-element_type=\"widget\" data-e-type=\"widget\" data-widget_type=\"text-editor.default\">\n\t\t\t\t<div class=\"elementor-widget-container\">\n\t\t\t\t\t\t\t\t\t<p>Version vom 29. Juli 2024<\/p>\t\t\t\t\t\t\t\t<\/div>\n\t\t\t\t<\/div>\n\t\t\t\t\t<\/div>\n\t\t\t\t<\/div>\n\t\t<div class=\"elementor-element elementor-element-a9dafb4 e-con-full e-flex e-con e-parent\" data-id=\"a9dafb4\" data-element_type=\"container\" data-e-type=\"container\">\n\t\t\t\t<div class=\"elementor-element elementor-element-102649d elementor-widget elementor-widget-template\" data-id=\"102649d\" data-element_type=\"widget\" data-e-type=\"widget\" data-widget_type=\"template.default\">\n\t\t\t\t<div class=\"elementor-widget-container\">\n\t\t\t\t\t\t\t<div class=\"elementor-template\">\n\t\t\t\t\t<div data-elementor-type=\"container\" data-elementor-id=\"4980\" class=\"elementor elementor-4980\" data-elementor-post-type=\"elementor_library\">\n\t\t\t\t<div data-dce-background-image-url=\"https:\/\/www.solida.ch\/wp-content\/uploads\/2023\/05\/Bild.png\" class=\"elementor-element elementor-element-5f535c90 e-flex e-con-boxed e-con e-parent\" data-id=\"5f535c90\" data-element_type=\"container\" data-e-type=\"container\" data-settings=\"{&quot;background_background&quot;:&quot;classic&quot;}\" style=\"background-position-y: 15% !important\">\n\t\t\t\t\t<div class=\"e-con-inner\">\n\t\t\t\t<div class=\"elementor-element elementor-element-4e32c37 elementor-widget__width-initial solida_cta-box-arrow elementor-widget elementor-widget-heading\" data-id=\"4e32c37\" data-element_type=\"widget\" data-e-type=\"widget\" data-widget_type=\"heading.default\">\n\t\t\t\t<div class=\"elementor-widget-container\">\n\t\t\t\t\t<h2 class=\"elementor-heading-title elementor-size-default\"><a href=\"https:\/\/www.solida.ch\/kontakt\/\">Wir helfen Ihnen weiter.\nNehmen Sie mit&nbsp;uns Kontakt&nbsp;auf.<\/a><\/h2>\t\t\t\t<\/div>\n\t\t\t\t<\/div>\n\t\t\t\t\t<\/div>\n\t\t\t\t<\/div>\n\t\t\t\t<\/div>\n\t\t\t\t<\/div>\n\t\t\t\t\t\t<\/div>\n\t\t\t\t<\/div>\n\t\t\t\t<\/div>\n\t\t\t\t<\/div>\n\t\t","protected":false},"excerpt":{"rendered":"<p>Welches ist der Versicherungsvermittlerstatus, und wer sind die auftraggebenden Versicherungs&shy;unternehmen? Die SOLIDA Versicherungen AG und unsere Mitarbeitenden sind als gebundene Versicherungsvermittler t\u00e4tig. Wir bieten Ihnen Versicherungsprodukte folgender Versicherungsunternehmen an: SOLIDA Versicherungen AG, Saumackerstrasse 35, 8048 Z\u00fcrich, Schweiz Squarelife Insurance AG, Landstrasse 33, 9491 Ruggell, Liechtenstein Wie k\u00f6nnen Sie sich \u00fcber die Aus- und Weiterbildung der [&hellip;]<\/p>\n","protected":false},"author":1,"featured_media":1937,"parent":0,"menu_order":0,"comment_status":"closed","ping_status":"closed","template":"elementor_header_footer","meta":{"_acf_changed":false,"_monsterinsights_skip_tracking":false,"_monsterinsights_sitenote_active":false,"_monsterinsights_sitenote_note":"","_monsterinsights_sitenote_category":0,"footnotes":""},"categories":[],"class_list":["post-10855","page","type-page","status-publish","has-post-thumbnail","hentry"],"acf":[],"yoast_head":"<!-- This site is optimized with the Yoast SEO Premium plugin v26.9 (Yoast SEO v27.4) - https:\/\/yoast.com\/product\/yoast-seo-premium-wordpress\/ -->\n<title>Informationen gem\u00e4ss Artikel 45 Versicherungsaufsichtsgesetz<\/title>\n<meta name=\"description\" content=\"Welches ist der Versicherungsvermittlerstatus, und wer sind die auftraggebenden Versicherungsunternehmen? Wie k\u00f6nnen Sie sich \u00fcber die Aus- und Weiterbildung der vermittelnden Personen informieren \u2026\" \/>\n<meta name=\"robots\" content=\"index, follow, max-snippet:-1, max-image-preview:large, max-video-preview:-1\" \/>\n<link rel=\"canonical\" href=\"https:\/\/www.solida.ch\/de\/informationen-versicherungsaufsichtsgesetz\/\" \/>\n<meta property=\"og:locale\" content=\"de_DE\" \/>\n<meta property=\"og:type\" content=\"article\" \/>\n<meta property=\"og:title\" content=\"Informationen gem\u00e4ss VAG\" \/>\n<meta property=\"og:description\" content=\"Welches ist der Versicherungsvermittlerstatus, und wer sind die auftraggebenden Versicherungsunternehmen? Wie k\u00f6nnen Sie sich \u00fcber die Aus- und Weiterbildung der vermittelnden Personen informieren \u2026\" \/>\n<meta property=\"og:url\" content=\"https:\/\/www.solida.ch\/de\/informationen-versicherungsaufsichtsgesetz\/\" \/>\n<meta property=\"og:site_name\" content=\"SOLIDA Versicherungen\" \/>\n<meta property=\"article:modified_time\" content=\"2024-08-23T13:37:28+00:00\" \/>\n<meta property=\"og:image\" content=\"https:\/\/www.solida.ch\/wp-content\/uploads\/2023\/03\/adobestock_552747075_sp.webp\" \/>\n\t<meta property=\"og:image:width\" content=\"2048\" \/>\n\t<meta property=\"og:image:height\" content=\"1365\" \/>\n\t<meta property=\"og:image:type\" content=\"image\/webp\" \/>\n<meta name=\"twitter:card\" content=\"summary_large_image\" \/>\n<meta name=\"twitter:label1\" content=\"Gesch\u00e4tzte Lesezeit\" \/>\n\t<meta name=\"twitter:data1\" content=\"2\u00a0Minuten\" \/>\n<script type=\"application\/ld+json\" class=\"yoast-schema-graph\">{\"@context\":\"https:\\\/\\\/schema.org\",\"@graph\":[{\"@type\":\"WebPage\",\"@id\":\"https:\\\/\\\/www.solida.ch\\\/de\\\/informationen-versicherungsaufsichtsgesetz\\\/\",\"url\":\"https:\\\/\\\/www.solida.ch\\\/de\\\/informationen-versicherungsaufsichtsgesetz\\\/\",\"name\":\"Informationen gem\u00e4ss Artikel 45 Versicherungsaufsichtsgesetz\",\"isPartOf\":{\"@id\":\"https:\\\/\\\/www.solida.ch\\\/de\\\/#website\"},\"primaryImageOfPage\":{\"@id\":\"https:\\\/\\\/www.solida.ch\\\/de\\\/informationen-versicherungsaufsichtsgesetz\\\/#primaryimage\"},\"image\":{\"@id\":\"https:\\\/\\\/www.solida.ch\\\/de\\\/informationen-versicherungsaufsichtsgesetz\\\/#primaryimage\"},\"thumbnailUrl\":\"https:\\\/\\\/www.solida.ch\\\/wp-content\\\/uploads\\\/2023\\\/03\\\/adobestock_552747075_sp.webp\",\"datePublished\":\"2024-08-16T14:43:27+00:00\",\"dateModified\":\"2024-08-23T13:37:28+00:00\",\"description\":\"Welches ist der Versicherungsvermittlerstatus, und wer sind die auftraggebenden Versicherungsunternehmen? Wie k\u00f6nnen Sie sich \u00fcber die Aus- und Weiterbildung der vermittelnden Personen informieren \u2026\",\"breadcrumb\":{\"@id\":\"https:\\\/\\\/www.solida.ch\\\/de\\\/informationen-versicherungsaufsichtsgesetz\\\/#breadcrumb\"},\"inLanguage\":\"de\",\"potentialAction\":[{\"@type\":\"ReadAction\",\"target\":[\"https:\\\/\\\/www.solida.ch\\\/de\\\/informationen-versicherungsaufsichtsgesetz\\\/\"]}]},{\"@type\":\"ImageObject\",\"inLanguage\":\"de\",\"@id\":\"https:\\\/\\\/www.solida.ch\\\/de\\\/informationen-versicherungsaufsichtsgesetz\\\/#primaryimage\",\"url\":\"https:\\\/\\\/www.solida.ch\\\/wp-content\\\/uploads\\\/2023\\\/03\\\/adobestock_552747075_sp.webp\",\"contentUrl\":\"https:\\\/\\\/www.solida.ch\\\/wp-content\\\/uploads\\\/2023\\\/03\\\/adobestock_552747075_sp.webp\",\"width\":2048,\"height\":1365},{\"@type\":\"BreadcrumbList\",\"@id\":\"https:\\\/\\\/www.solida.ch\\\/de\\\/informationen-versicherungsaufsichtsgesetz\\\/#breadcrumb\",\"itemListElement\":[{\"@type\":\"ListItem\",\"position\":1,\"name\":\"Startseite\",\"item\":\"https:\\\/\\\/www.solida.ch\\\/de\\\/\"},{\"@type\":\"ListItem\",\"position\":2,\"name\":\"Informationen gem\u00e4ss VAG\"}]},{\"@type\":\"WebSite\",\"@id\":\"https:\\\/\\\/www.solida.ch\\\/de\\\/#website\",\"url\":\"https:\\\/\\\/www.solida.ch\\\/de\\\/\",\"name\":\"SOLIDA\",\"description\":\"Unbeschwert durchs Leben gehen\",\"publisher\":{\"@id\":\"https:\\\/\\\/www.solida.ch\\\/de\\\/#organization\"},\"alternateName\":\"Solida\",\"potentialAction\":[{\"@type\":\"SearchAction\",\"target\":{\"@type\":\"EntryPoint\",\"urlTemplate\":\"https:\\\/\\\/www.solida.ch\\\/de\\\/?s={search_term_string}\"},\"query-input\":{\"@type\":\"PropertyValueSpecification\",\"valueRequired\":true,\"valueName\":\"search_term_string\"}}],\"inLanguage\":\"de\"},{\"@type\":\"Organization\",\"@id\":\"https:\\\/\\\/www.solida.ch\\\/de\\\/#organization\",\"name\":\"SOLIDA Versicherungen AG\",\"alternateName\":\"Solida\",\"url\":\"https:\\\/\\\/www.solida.ch\\\/de\\\/\",\"logo\":{\"@type\":\"ImageObject\",\"inLanguage\":\"de\",\"@id\":\"https:\\\/\\\/www.solida.ch\\\/de\\\/#\\\/schema\\\/logo\\\/image\\\/\",\"url\":\"https:\\\/\\\/www.solida.ch\\\/wp-content\\\/uploads\\\/2023\\\/03\\\/solida-favicon.png\",\"contentUrl\":\"https:\\\/\\\/www.solida.ch\\\/wp-content\\\/uploads\\\/2023\\\/03\\\/solida-favicon.png\",\"width\":1024,\"height\":1024,\"caption\":\"SOLIDA Versicherungen AG\"},\"image\":{\"@id\":\"https:\\\/\\\/www.solida.ch\\\/de\\\/#\\\/schema\\\/logo\\\/image\\\/\"}}]}<\/script>\n<!-- \/ Yoast SEO Premium plugin. -->","yoast_head_json":{"title":"Informationen gem\u00e4ss Artikel 45 Versicherungsaufsichtsgesetz","description":"Welches ist der Versicherungsvermittlerstatus, und wer sind die auftraggebenden Versicherungsunternehmen? Wie k\u00f6nnen Sie sich \u00fcber die Aus- und Weiterbildung der vermittelnden Personen informieren \u2026","robots":{"index":"index","follow":"follow","max-snippet":"max-snippet:-1","max-image-preview":"max-image-preview:large","max-video-preview":"max-video-preview:-1"},"canonical":"https:\/\/www.solida.ch\/de\/informationen-versicherungsaufsichtsgesetz\/","og_locale":"de_DE","og_type":"article","og_title":"Informationen gem\u00e4ss VAG","og_description":"Welches ist der Versicherungsvermittlerstatus, und wer sind die auftraggebenden Versicherungsunternehmen? Wie k\u00f6nnen Sie sich \u00fcber die Aus- und Weiterbildung der vermittelnden Personen informieren \u2026","og_url":"https:\/\/www.solida.ch\/de\/informationen-versicherungsaufsichtsgesetz\/","og_site_name":"SOLIDA Versicherungen","article_modified_time":"2024-08-23T13:37:28+00:00","og_image":[{"width":2048,"height":1365,"url":"https:\/\/www.solida.ch\/wp-content\/uploads\/2023\/03\/adobestock_552747075_sp.webp","type":"image\/webp"}],"twitter_card":"summary_large_image","twitter_misc":{"Gesch\u00e4tzte Lesezeit":"2\u00a0Minuten"},"schema":{"@context":"https:\/\/schema.org","@graph":[{"@type":"WebPage","@id":"https:\/\/www.solida.ch\/de\/informationen-versicherungsaufsichtsgesetz\/","url":"https:\/\/www.solida.ch\/de\/informationen-versicherungsaufsichtsgesetz\/","name":"Informationen gem\u00e4ss Artikel 45 Versicherungsaufsichtsgesetz","isPartOf":{"@id":"https:\/\/www.solida.ch\/de\/#website"},"primaryImageOfPage":{"@id":"https:\/\/www.solida.ch\/de\/informationen-versicherungsaufsichtsgesetz\/#primaryimage"},"image":{"@id":"https:\/\/www.solida.ch\/de\/informationen-versicherungsaufsichtsgesetz\/#primaryimage"},"thumbnailUrl":"https:\/\/www.solida.ch\/wp-content\/uploads\/2023\/03\/adobestock_552747075_sp.webp","datePublished":"2024-08-16T14:43:27+00:00","dateModified":"2024-08-23T13:37:28+00:00","description":"Welches ist der Versicherungsvermittlerstatus, und wer sind die auftraggebenden Versicherungsunternehmen? Wie k\u00f6nnen Sie sich \u00fcber die Aus- und Weiterbildung der vermittelnden Personen informieren \u2026","breadcrumb":{"@id":"https:\/\/www.solida.ch\/de\/informationen-versicherungsaufsichtsgesetz\/#breadcrumb"},"inLanguage":"de","potentialAction":[{"@type":"ReadAction","target":["https:\/\/www.solida.ch\/de\/informationen-versicherungsaufsichtsgesetz\/"]}]},{"@type":"ImageObject","inLanguage":"de","@id":"https:\/\/www.solida.ch\/de\/informationen-versicherungsaufsichtsgesetz\/#primaryimage","url":"https:\/\/www.solida.ch\/wp-content\/uploads\/2023\/03\/adobestock_552747075_sp.webp","contentUrl":"https:\/\/www.solida.ch\/wp-content\/uploads\/2023\/03\/adobestock_552747075_sp.webp","width":2048,"height":1365},{"@type":"BreadcrumbList","@id":"https:\/\/www.solida.ch\/de\/informationen-versicherungsaufsichtsgesetz\/#breadcrumb","itemListElement":[{"@type":"ListItem","position":1,"name":"Startseite","item":"https:\/\/www.solida.ch\/de\/"},{"@type":"ListItem","position":2,"name":"Informationen gem\u00e4ss VAG"}]},{"@type":"WebSite","@id":"https:\/\/www.solida.ch\/de\/#website","url":"https:\/\/www.solida.ch\/de\/","name":"SOLIDA","description":"Unbeschwert durchs Leben gehen","publisher":{"@id":"https:\/\/www.solida.ch\/de\/#organization"},"alternateName":"Solida","potentialAction":[{"@type":"SearchAction","target":{"@type":"EntryPoint","urlTemplate":"https:\/\/www.solida.ch\/de\/?s={search_term_string}"},"query-input":{"@type":"PropertyValueSpecification","valueRequired":true,"valueName":"search_term_string"}}],"inLanguage":"de"},{"@type":"Organization","@id":"https:\/\/www.solida.ch\/de\/#organization","name":"SOLIDA Versicherungen AG","alternateName":"Solida","url":"https:\/\/www.solida.ch\/de\/","logo":{"@type":"ImageObject","inLanguage":"de","@id":"https:\/\/www.solida.ch\/de\/#\/schema\/logo\/image\/","url":"https:\/\/www.solida.ch\/wp-content\/uploads\/2023\/03\/solida-favicon.png","contentUrl":"https:\/\/www.solida.ch\/wp-content\/uploads\/2023\/03\/solida-favicon.png","width":1024,"height":1024,"caption":"SOLIDA Versicherungen AG"},"image":{"@id":"https:\/\/www.solida.ch\/de\/#\/schema\/logo\/image\/"}}]}},"_links":{"self":[{"href":"https:\/\/www.solida.ch\/de\/wp-json\/wp\/v2\/pages\/10855","targetHints":{"allow":["GET"]}}],"collection":[{"href":"https:\/\/www.solida.ch\/de\/wp-json\/wp\/v2\/pages"}],"about":[{"href":"https:\/\/www.solida.ch\/de\/wp-json\/wp\/v2\/types\/page"}],"author":[{"embeddable":true,"href":"https:\/\/www.solida.ch\/de\/wp-json\/wp\/v2\/users\/1"}],"replies":[{"embeddable":true,"href":"https:\/\/www.solida.ch\/de\/wp-json\/wp\/v2\/comments?post=10855"}],"version-history":[{"count":0,"href":"https:\/\/www.solida.ch\/de\/wp-json\/wp\/v2\/pages\/10855\/revisions"}],"wp:featuredmedia":[{"embeddable":true,"href":"https:\/\/www.solida.ch\/de\/wp-json\/wp\/v2\/media\/1937"}],"wp:attachment":[{"href":"https:\/\/www.solida.ch\/de\/wp-json\/wp\/v2\/media?parent=10855"}],"wp:term":[{"taxonomy":"category","embeddable":true,"href":"https:\/\/www.solida.ch\/de\/wp-json\/wp\/v2\/categories?post=10855"}],"curies":[{"name":"wp","href":"https:\/\/api.w.org\/{rel}","templated":true}]}}