{"id":10359,"date":"2024-06-19T14:54:00","date_gmt":"2024-06-19T12:54:00","guid":{"rendered":"https:\/\/www.solida.ch\/?page_id=10359"},"modified":"2024-07-04T20:07:48","modified_gmt":"2024-07-04T18:07:48","slug":"gemeinsam-mehrwert-schaffen","status":"publish","type":"page","link":"https:\/\/www.solida.ch\/de\/karriere\/gemeinsam-mehrwert-schaffen\/","title":{"rendered":"Gemeinsam Mehrwert schaffen"},"content":{"rendered":"\t\t<div data-elementor-type=\"wp-page\" data-elementor-id=\"10359\" class=\"elementor elementor-10359\" data-elementor-post-type=\"page\">\n\t\t\t\t<div class=\"elementor-element elementor-element-a2a37d0 e-con-full e-flex e-con e-parent\" data-id=\"a2a37d0\" data-element_type=\"container\" data-e-type=\"container\">\n\t\t\t\t<div class=\"elementor-element elementor-element-4f54b6e elementor-widget elementor-widget-template\" data-id=\"4f54b6e\" data-element_type=\"widget\" data-e-type=\"widget\" data-widget_type=\"template.default\">\n\t\t\t\t<div class=\"elementor-widget-container\">\n\t\t\t\t\t\t\t<div class=\"elementor-template\">\n\t\t\t\t\t<div data-elementor-type=\"container\" data-elementor-id=\"2912\" class=\"elementor elementor-2912\" data-elementor-post-type=\"elementor_library\">\n\t\t\t\t<div class=\"elementor-element elementor-element-5a8dfd82 solida_hero e-flex e-con-boxed e-con e-parent\" data-id=\"5a8dfd82\" data-element_type=\"container\" data-e-type=\"container\" data-settings=\"{&quot;background_background&quot;:&quot;classic&quot;}\">\n\t\t\t\t\t<div class=\"e-con-inner\">\n\t\t<div data-dce-background-image-url=\"https:\/\/www.solida.ch\/wp-content\/uploads\/2024\/06\/AdobeStock_362408229.webp\" data-dce-background-overlay-image-url=\"https:\/\/www.solida.ch\/wp-content\/uploads\/2024\/06\/AdobeStock_362408229.webp\" class=\"elementor-element elementor-element-2776754 e-con-full solida_hero_image animated-fast e-flex elementor-invisible e-con e-child\" data-id=\"2776754\" data-element_type=\"container\" data-e-type=\"container\" data-settings=\"{&quot;background_background&quot;:&quot;classic&quot;,&quot;position&quot;:&quot;absolute&quot;,&quot;animation&quot;:&quot;fadeIn&quot;}\" style=\"background-position-y: 22% !important\">\n\t\t\t\t<\/div>\n\t\t<div class=\"elementor-element elementor-element-a024cb8 e-con-full solida_hero_standard e-flex e-con e-child\" data-id=\"a024cb8\" data-element_type=\"container\" data-e-type=\"container\">\n\t\t<div class=\"elementor-element elementor-element-5898f69d e-con-full solida_titlebox e-flex e-con e-child\" data-id=\"5898f69d\" data-element_type=\"container\" data-e-type=\"container\">\n\t\t\t\t<div class=\"elementor-element elementor-element-3557b228 solida_titlebox-large elementor-widget elementor-widget-heading\" data-id=\"3557b228\" data-element_type=\"widget\" data-e-type=\"widget\" data-widget_type=\"heading.default\">\n\t\t\t\t<div class=\"elementor-widget-container\">\n\t\t\t\t\t<h1 class=\"elementor-heading-title elementor-size-default\">Gemeinsam Mehrwert schaffen<\/h1>\t\t\t\t<\/div>\n\t\t\t\t<\/div>\n\t\t\t\t<div class=\"elementor-element elementor-element-577d644e solida_titlebox-small solida_titlebox-small-1 elementor-widget elementor-widget-heading\" data-id=\"577d644e\" data-element_type=\"widget\" data-e-type=\"widget\" data-widget_type=\"heading.default\">\n\t\t\t\t<div class=\"elementor-widget-container\">\n\t\t\t\t\t<h2 class=\"elementor-heading-title elementor-size-default\"><a href=\"https:\/\/www.solida.ch\/de\/karriere\/#offene-stellen\">Arbeiten bei SOLIDA:<br \/>Unsere offenen Stellen<\/a><\/h2>\t\t\t\t<\/div>\n\t\t\t\t<\/div>\n\t\t\t\t<div class=\"elementor-element elementor-element-6acdfc14 solida_titlebox-small solida_titlebox-small-2 elementor-widget elementor-widget-heading\" data-id=\"6acdfc14\" data-element_type=\"widget\" data-e-type=\"widget\" data-widget_type=\"heading.default\">\n\t\t\t\t<div class=\"elementor-widget-container\">\n\t\t\t\t\t<h2 class=\"elementor-heading-title elementor-size-default\"><a href=\"https:\/\/www.solida.ch\/de\/karriere\/wo-wir-arbeiten\">Wo wir arbeiten:<br \/>Zu den Standorten<\/a><\/h2>\t\t\t\t<\/div>\n\t\t\t\t<\/div>\n\t\t\t\t<\/div>\n\t\t\t\t<\/div>\n\t\t\t\t\t<\/div>\n\t\t\t\t<\/div>\n\t\t\t\t<\/div>\n\t\t\t\t<\/div>\n\t\t\t\t\t\t<\/div>\n\t\t\t\t<\/div>\n\t\t\t\t<\/div>\n\t\t<div class=\"elementor-element elementor-element-01cd6fc solida_career_culture_benefits e-flex e-con-boxed e-con e-parent\" data-id=\"01cd6fc\" data-element_type=\"container\" data-e-type=\"container\" data-settings=\"{&quot;background_background&quot;:&quot;classic&quot;}\">\n\t\t\t\t\t<div class=\"e-con-inner\">\n\t\t\t\t<div class=\"elementor-element elementor-element-c7705a0 elementor-widget__width-inherit elementor-widget elementor-widget-heading\" data-id=\"c7705a0\" data-element_type=\"widget\" data-e-type=\"widget\" data-widget_type=\"heading.default\">\n\t\t\t\t<div class=\"elementor-widget-container\">\n\t\t\t\t\t<h2 class=\"elementor-heading-title elementor-size-default\">Wir bieten: mehr als nur arbeiten<\/h2>\t\t\t\t<\/div>\n\t\t\t\t<\/div>\n\t\t<div class=\"elementor-element elementor-element-7bfe4fc e-con-full solida_layout_7-8col e-flex e-con e-child\" data-id=\"7bfe4fc\" data-element_type=\"container\" data-e-type=\"container\">\n\t\t\t\t<div class=\"elementor-element elementor-element-c7ec92e solida_productpage_intro elementor-widget__width-inherit elementor-widget elementor-widget-text-editor\" data-id=\"c7ec92e\" data-element_type=\"widget\" data-e-type=\"widget\" data-widget_type=\"text-editor.default\">\n\t\t\t\t<div class=\"elementor-widget-container\">\n\t\t\t\t\t\t\t\t\t<p>In einem modernen und flexiblen Arbeitsumfeld verst\u00e4rken Sie unser engagiertes Team und entwickeln dabei Ihre F\u00e4higkeiten weiter.<\/p>\t\t\t\t\t\t\t\t<\/div>\n\t\t\t\t<\/div>\n\t\t\t\t<div class=\"elementor-element elementor-element-76e6dcf elementor-widget__width-initial elementor-widget-tablet__width-inherit elementor-widget elementor-widget-text-editor\" data-id=\"76e6dcf\" data-element_type=\"widget\" data-e-type=\"widget\" data-widget_type=\"text-editor.default\">\n\t\t\t\t<div class=\"elementor-widget-container\">\n\t\t\t\t\t\t\t\t\t<p><strong>Was wir Ihnen bieten<\/strong><\/p><ul><li>Abwechslungsreiche und anspruchsvolle T\u00e4tigkeiten mit Gestaltungsspielraum<\/li><li>Breites Angebot an Weiterbildungsm\u00f6glichkeiten<\/li><li>Aufgeschlossenen Umfeld mit motivierten Menschen<\/li><li>Kollegiale Du-Kultur bis zum CEO<\/li><li>Flexible Arbeitszeiten mit mindestens 5 Wochen Ferien<\/li><li>Moderne B\u00fcros an zentralen Standorten und Home-Office<\/li><\/ul>\t\t\t\t\t\t\t\t<\/div>\n\t\t\t\t<\/div>\n\t\t\t\t<div class=\"elementor-element elementor-element-563f812 elementor-widget__width-initial elementor-widget-tablet__width-inherit elementor-widget elementor-widget-text-editor\" data-id=\"563f812\" data-element_type=\"widget\" data-e-type=\"widget\" data-widget_type=\"text-editor.default\">\n\t\t\t\t<div class=\"elementor-widget-container\">\n\t\t\t\t\t\t\t\t\t<p><strong>Fringe Benefits<\/strong><\/p><ul><li>Attraktive Pensionskassenleistungen<\/li><li>Verg\u00fcnstigte Konditionen auf Versicherungen<\/li><li>Umfassende Leistungen in der Krankentaggeld- und Unfallzusatzversicherung<\/li><li>Mitarbeiterevents<\/li><li>Beteiligung an Halbtax und gratis Parkpl\u00e4tzen<\/li><li>Gratis Kaffee, Wasser, Tee und Bio Gem\u00fcse von einem integrativen Biohof<\/li><\/ul>\t\t\t\t\t\t\t\t<\/div>\n\t\t\t\t<\/div>\n\t\t\t\t<\/div>\n\t\t\t\t\t<\/div>\n\t\t\t\t<\/div>\n\t\t<div class=\"elementor-element elementor-element-fb53239 e-flex e-con-boxed e-con e-parent\" data-id=\"fb53239\" data-element_type=\"container\" data-e-type=\"container\" data-settings=\"{&quot;background_background&quot;:&quot;classic&quot;}\">\n\t\t\t\t\t<div class=\"e-con-inner\">\n\t\t\t\t<div class=\"elementor-element elementor-element-16fe439 elementor-widget__width-inherit elementor-widget elementor-widget-heading\" data-id=\"16fe439\" data-element_type=\"widget\" data-e-type=\"widget\" data-widget_type=\"heading.default\">\n\t\t\t\t<div class=\"elementor-widget-container\">\n\t\t\t\t\t<h2 class=\"elementor-heading-title elementor-size-default\">Wir leben: gemeinsame Werte<\/h2>\t\t\t\t<\/div>\n\t\t\t\t<\/div>\n\t\t<div class=\"elementor-element elementor-element-60293d2 e-con-full solida_layout_7-8col e-flex e-con e-child\" data-id=\"60293d2\" data-element_type=\"container\" data-e-type=\"container\">\n\t\t\t\t<div class=\"elementor-element elementor-element-d744606 elementor-widget__width-initial elementor-widget-tablet__width-inherit elementor-widget elementor-widget-text-editor\" data-id=\"d744606\" data-element_type=\"widget\" data-e-type=\"widget\" data-widget_type=\"text-editor.default\">\n\t\t\t\t<div class=\"elementor-widget-container\">\n\t\t\t\t\t\t\t\t\t<p>Wir arbeiten professionell und sind in unserem Fachgebiet kompetent. Unsere Entscheidungen treffen wir nach objektiven und sachlichen Kriterien. Wir sind bestrebt, uns kontinuierlich zu verbessern und lassen uns an unseren Ergebnissen messen. Partnerschaftliche Zusammenarbeit und gegenseitiger Respekt pr\u00e4gen unser Verhalten untereinander. Wir schauen auf das gemeinsame Ganze und gehen anerkennend, hilfsbereit und verst\u00e4ndnisvoll miteinander um. Wir legen Wert darauf, dass sich unsere Mitarbeitenden mit dem Unternehmen identifizieren, sie ihre F\u00e4higkeiten und Bed\u00fcrfnisse entwickeln k\u00f6nnen.<\/p>\t\t\t\t\t\t\t\t<\/div>\n\t\t\t\t<\/div>\n\t\t\t\t<\/div>\n\t\t\t\t\t<\/div>\n\t\t\t\t<\/div>\n\t\t<div class=\"elementor-element elementor-element-33a70d6 e-flex e-con-boxed e-con e-parent\" data-id=\"33a70d6\" data-element_type=\"container\" data-e-type=\"container\" data-settings=\"{&quot;background_background&quot;:&quot;classic&quot;}\">\n\t\t\t\t\t<div class=\"e-con-inner\">\n\t\t\t\t<div class=\"elementor-element elementor-element-69f8bc4 elementor-widget__width-inherit elementor-widget elementor-widget-heading\" data-id=\"69f8bc4\" data-element_type=\"widget\" data-e-type=\"widget\" data-widget_type=\"heading.default\">\n\t\t\t\t<div class=\"elementor-widget-container\">\n\t\t\t\t\t<h2 class=\"elementor-heading-title elementor-size-default\">Wir arbeiten: im B\u00fcro oder im Home Office<\/h2>\t\t\t\t<\/div>\n\t\t\t\t<\/div>\n\t\t<div class=\"elementor-element elementor-element-87c12b2 e-con-full solida_layout_7-8col e-flex e-con e-child\" data-id=\"87c12b2\" data-element_type=\"container\" data-e-type=\"container\">\n\t\t\t\t<div class=\"elementor-element elementor-element-6ca092a elementor-widget__width-initial elementor-widget-tablet__width-inherit elementor-widget elementor-widget-text-editor\" data-id=\"6ca092a\" data-element_type=\"widget\" data-e-type=\"widget\" data-widget_type=\"text-editor.default\">\n\t\t\t\t<div class=\"elementor-widget-container\">\n\t\t\t\t\t\t\t\t\t<p>Wir sind davon \u00fcberzeugt, dass eine ausgewogene Work-Life-Balance gesund ist und Berufs- und Privatleben Freude bereiten. Darum setzen wir auf flexible Arbeitsplatz- und Arbeitszeitregelungen. Deshalb d\u00fcrfen unsere Mitarbeitenden nach Absprache mit der teamleitenden Person entscheiden, wie oft sie im B\u00fcro oder im Home Office arbeiten m\u00f6chten. Diese Freiheit bedingt gegenseitiges Vertrauen in einer partnerschaftlichen Zusammenarbeit mit offener Kommunikation.<\/p>\t\t\t\t\t\t\t\t<\/div>\n\t\t\t\t<\/div>\n\t\t\t\t<\/div>\n\t\t\t\t\t<\/div>\n\t\t\t\t<\/div>\n\t\t\t\t<\/div>\n\t\t","protected":false},"excerpt":{"rendered":"<p>Wir bieten: mehr als nur arbeiten In einem modernen und flexiblen Arbeitsumfeld verst\u00e4rken Sie unser engagiertes Team und entwickeln dabei Ihre F\u00e4higkeiten weiter. Was wir Ihnen bieten Abwechslungsreiche und anspruchsvolle T\u00e4tigkeiten mit Gestaltungsspielraum Breites Angebot an Weiterbildungsm\u00f6glichkeiten Aufgeschlossenen Umfeld mit motivierten Menschen Kollegiale Du-Kultur bis zum CEO Flexible Arbeitszeiten mit mindestens 5 Wochen Ferien Moderne [&hellip;]<\/p>\n","protected":false},"author":1,"featured_media":10363,"parent":10335,"menu_order":0,"comment_status":"closed","ping_status":"closed","template":"elementor_header_footer","meta":{"_acf_changed":false,"_monsterinsights_skip_tracking":false,"_monsterinsights_sitenote_active":false,"_monsterinsights_sitenote_note":"","_monsterinsights_sitenote_category":0,"footnotes":""},"categories":[],"class_list":["post-10359","page","type-page","status-publish","has-post-thumbnail","hentry"],"acf":[],"yoast_head":"<!-- This site is optimized with the Yoast SEO Premium plugin v26.9 (Yoast SEO v27.4) - https:\/\/yoast.com\/product\/yoast-seo-premium-wordpress\/ -->\n<title>Gemeinsam Mehrwert schaffen<\/title>\n<meta name=\"description\" content=\"Wir sind eine solide Versicherungsgesellschaft mit Tradition \u2022 Unsere offenen Stellen \u2022 Jetzt bewerben \u00fcber unser Online-Bewerbungsportal\" \/>\n<meta name=\"robots\" content=\"index, follow, max-snippet:-1, max-image-preview:large, max-video-preview:-1\" \/>\n<link rel=\"canonical\" href=\"https:\/\/www.solida.ch\/de\/karriere\/gemeinsam-mehrwert-schaffen\/\" \/>\n<meta property=\"og:locale\" content=\"de_DE\" \/>\n<meta property=\"og:type\" content=\"article\" \/>\n<meta property=\"og:title\" content=\"Gemeinsam Mehrwert schaffen\" \/>\n<meta property=\"og:description\" content=\"Wir sind eine solide Versicherungsgesellschaft mit Tradition \u2022 Unsere offenen Stellen \u2022 Jetzt bewerben \u00fcber unser Online-Bewerbungsportal\" \/>\n<meta property=\"og:url\" content=\"https:\/\/www.solida.ch\/de\/karriere\/gemeinsam-mehrwert-schaffen\/\" \/>\n<meta property=\"og:site_name\" content=\"SOLIDA Versicherungen\" \/>\n<meta property=\"article:modified_time\" content=\"2024-07-04T18:07:48+00:00\" \/>\n<meta property=\"og:image\" content=\"https:\/\/www.solida.ch\/wp-content\/uploads\/2024\/06\/AdobeStock_362408229.webp\" \/>\n\t<meta property=\"og:image:width\" content=\"2560\" \/>\n\t<meta property=\"og:image:height\" content=\"1440\" \/>\n\t<meta property=\"og:image:type\" content=\"image\/webp\" \/>\n<meta name=\"twitter:card\" content=\"summary_large_image\" \/>\n<meta name=\"twitter:label1\" content=\"Gesch\u00e4tzte Lesezeit\" \/>\n\t<meta name=\"twitter:data1\" content=\"2\u00a0Minuten\" \/>\n<script type=\"application\/ld+json\" class=\"yoast-schema-graph\">{\"@context\":\"https:\\\/\\\/schema.org\",\"@graph\":[{\"@type\":\"WebPage\",\"@id\":\"https:\\\/\\\/www.solida.ch\\\/de\\\/karriere\\\/gemeinsam-mehrwert-schaffen\\\/\",\"url\":\"https:\\\/\\\/www.solida.ch\\\/de\\\/karriere\\\/gemeinsam-mehrwert-schaffen\\\/\",\"name\":\"Gemeinsam Mehrwert schaffen\",\"isPartOf\":{\"@id\":\"https:\\\/\\\/www.solida.ch\\\/de\\\/#website\"},\"primaryImageOfPage\":{\"@id\":\"https:\\\/\\\/www.solida.ch\\\/de\\\/karriere\\\/gemeinsam-mehrwert-schaffen\\\/#primaryimage\"},\"image\":{\"@id\":\"https:\\\/\\\/www.solida.ch\\\/de\\\/karriere\\\/gemeinsam-mehrwert-schaffen\\\/#primaryimage\"},\"thumbnailUrl\":\"https:\\\/\\\/www.solida.ch\\\/wp-content\\\/uploads\\\/2024\\\/06\\\/AdobeStock_362408229.webp\",\"datePublished\":\"2024-06-19T12:54:00+00:00\",\"dateModified\":\"2024-07-04T18:07:48+00:00\",\"description\":\"Wir sind eine solide Versicherungsgesellschaft mit Tradition \u2022 Unsere offenen Stellen \u2022 Jetzt bewerben \u00fcber unser Online-Bewerbungsportal\",\"breadcrumb\":{\"@id\":\"https:\\\/\\\/www.solida.ch\\\/de\\\/karriere\\\/gemeinsam-mehrwert-schaffen\\\/#breadcrumb\"},\"inLanguage\":\"de\",\"potentialAction\":[{\"@type\":\"ReadAction\",\"target\":[\"https:\\\/\\\/www.solida.ch\\\/de\\\/karriere\\\/gemeinsam-mehrwert-schaffen\\\/\"]}]},{\"@type\":\"ImageObject\",\"inLanguage\":\"de\",\"@id\":\"https:\\\/\\\/www.solida.ch\\\/de\\\/karriere\\\/gemeinsam-mehrwert-schaffen\\\/#primaryimage\",\"url\":\"https:\\\/\\\/www.solida.ch\\\/wp-content\\\/uploads\\\/2024\\\/06\\\/AdobeStock_362408229.webp\",\"contentUrl\":\"https:\\\/\\\/www.solida.ch\\\/wp-content\\\/uploads\\\/2024\\\/06\\\/AdobeStock_362408229.webp\",\"width\":2560,\"height\":1440},{\"@type\":\"BreadcrumbList\",\"@id\":\"https:\\\/\\\/www.solida.ch\\\/de\\\/karriere\\\/gemeinsam-mehrwert-schaffen\\\/#breadcrumb\",\"itemListElement\":[{\"@type\":\"ListItem\",\"position\":1,\"name\":\"Startseite\",\"item\":\"https:\\\/\\\/www.solida.ch\\\/de\\\/\"},{\"@type\":\"ListItem\",\"position\":2,\"name\":\"Karriere\",\"item\":\"https:\\\/\\\/www.solida.ch\\\/de\\\/karriere\\\/\"},{\"@type\":\"ListItem\",\"position\":3,\"name\":\"Gemeinsam Mehrwert schaffen\"}]},{\"@type\":\"WebSite\",\"@id\":\"https:\\\/\\\/www.solida.ch\\\/de\\\/#website\",\"url\":\"https:\\\/\\\/www.solida.ch\\\/de\\\/\",\"name\":\"SOLIDA\",\"description\":\"Unbeschwert durchs Leben gehen\",\"publisher\":{\"@id\":\"https:\\\/\\\/www.solida.ch\\\/de\\\/#organization\"},\"alternateName\":\"Solida\",\"potentialAction\":[{\"@type\":\"SearchAction\",\"target\":{\"@type\":\"EntryPoint\",\"urlTemplate\":\"https:\\\/\\\/www.solida.ch\\\/de\\\/?s={search_term_string}\"},\"query-input\":{\"@type\":\"PropertyValueSpecification\",\"valueRequired\":true,\"valueName\":\"search_term_string\"}}],\"inLanguage\":\"de\"},{\"@type\":\"Organization\",\"@id\":\"https:\\\/\\\/www.solida.ch\\\/de\\\/#organization\",\"name\":\"SOLIDA Versicherungen AG\",\"alternateName\":\"Solida\",\"url\":\"https:\\\/\\\/www.solida.ch\\\/de\\\/\",\"logo\":{\"@type\":\"ImageObject\",\"inLanguage\":\"de\",\"@id\":\"https:\\\/\\\/www.solida.ch\\\/de\\\/#\\\/schema\\\/logo\\\/image\\\/\",\"url\":\"https:\\\/\\\/www.solida.ch\\\/wp-content\\\/uploads\\\/2023\\\/03\\\/solida-favicon.png\",\"contentUrl\":\"https:\\\/\\\/www.solida.ch\\\/wp-content\\\/uploads\\\/2023\\\/03\\\/solida-favicon.png\",\"width\":1024,\"height\":1024,\"caption\":\"SOLIDA Versicherungen AG\"},\"image\":{\"@id\":\"https:\\\/\\\/www.solida.ch\\\/de\\\/#\\\/schema\\\/logo\\\/image\\\/\"}}]}<\/script>\n<!-- \/ Yoast SEO Premium plugin. -->","yoast_head_json":{"title":"Gemeinsam Mehrwert schaffen","description":"Wir sind eine solide Versicherungsgesellschaft mit Tradition \u2022 Unsere offenen Stellen \u2022 Jetzt bewerben \u00fcber unser Online-Bewerbungsportal","robots":{"index":"index","follow":"follow","max-snippet":"max-snippet:-1","max-image-preview":"max-image-preview:large","max-video-preview":"max-video-preview:-1"},"canonical":"https:\/\/www.solida.ch\/de\/karriere\/gemeinsam-mehrwert-schaffen\/","og_locale":"de_DE","og_type":"article","og_title":"Gemeinsam Mehrwert schaffen","og_description":"Wir sind eine solide Versicherungsgesellschaft mit Tradition \u2022 Unsere offenen Stellen \u2022 Jetzt bewerben \u00fcber unser Online-Bewerbungsportal","og_url":"https:\/\/www.solida.ch\/de\/karriere\/gemeinsam-mehrwert-schaffen\/","og_site_name":"SOLIDA Versicherungen","article_modified_time":"2024-07-04T18:07:48+00:00","og_image":[{"width":2560,"height":1440,"url":"https:\/\/www.solida.ch\/wp-content\/uploads\/2024\/06\/AdobeStock_362408229.webp","type":"image\/webp"}],"twitter_card":"summary_large_image","twitter_misc":{"Gesch\u00e4tzte Lesezeit":"2\u00a0Minuten"},"schema":{"@context":"https:\/\/schema.org","@graph":[{"@type":"WebPage","@id":"https:\/\/www.solida.ch\/de\/karriere\/gemeinsam-mehrwert-schaffen\/","url":"https:\/\/www.solida.ch\/de\/karriere\/gemeinsam-mehrwert-schaffen\/","name":"Gemeinsam Mehrwert schaffen","isPartOf":{"@id":"https:\/\/www.solida.ch\/de\/#website"},"primaryImageOfPage":{"@id":"https:\/\/www.solida.ch\/de\/karriere\/gemeinsam-mehrwert-schaffen\/#primaryimage"},"image":{"@id":"https:\/\/www.solida.ch\/de\/karriere\/gemeinsam-mehrwert-schaffen\/#primaryimage"},"thumbnailUrl":"https:\/\/www.solida.ch\/wp-content\/uploads\/2024\/06\/AdobeStock_362408229.webp","datePublished":"2024-06-19T12:54:00+00:00","dateModified":"2024-07-04T18:07:48+00:00","description":"Wir sind eine solide Versicherungsgesellschaft mit Tradition \u2022 Unsere offenen Stellen \u2022 Jetzt bewerben \u00fcber unser Online-Bewerbungsportal","breadcrumb":{"@id":"https:\/\/www.solida.ch\/de\/karriere\/gemeinsam-mehrwert-schaffen\/#breadcrumb"},"inLanguage":"de","potentialAction":[{"@type":"ReadAction","target":["https:\/\/www.solida.ch\/de\/karriere\/gemeinsam-mehrwert-schaffen\/"]}]},{"@type":"ImageObject","inLanguage":"de","@id":"https:\/\/www.solida.ch\/de\/karriere\/gemeinsam-mehrwert-schaffen\/#primaryimage","url":"https:\/\/www.solida.ch\/wp-content\/uploads\/2024\/06\/AdobeStock_362408229.webp","contentUrl":"https:\/\/www.solida.ch\/wp-content\/uploads\/2024\/06\/AdobeStock_362408229.webp","width":2560,"height":1440},{"@type":"BreadcrumbList","@id":"https:\/\/www.solida.ch\/de\/karriere\/gemeinsam-mehrwert-schaffen\/#breadcrumb","itemListElement":[{"@type":"ListItem","position":1,"name":"Startseite","item":"https:\/\/www.solida.ch\/de\/"},{"@type":"ListItem","position":2,"name":"Karriere","item":"https:\/\/www.solida.ch\/de\/karriere\/"},{"@type":"ListItem","position":3,"name":"Gemeinsam Mehrwert schaffen"}]},{"@type":"WebSite","@id":"https:\/\/www.solida.ch\/de\/#website","url":"https:\/\/www.solida.ch\/de\/","name":"SOLIDA","description":"Unbeschwert durchs Leben gehen","publisher":{"@id":"https:\/\/www.solida.ch\/de\/#organization"},"alternateName":"Solida","potentialAction":[{"@type":"SearchAction","target":{"@type":"EntryPoint","urlTemplate":"https:\/\/www.solida.ch\/de\/?s={search_term_string}"},"query-input":{"@type":"PropertyValueSpecification","valueRequired":true,"valueName":"search_term_string"}}],"inLanguage":"de"},{"@type":"Organization","@id":"https:\/\/www.solida.ch\/de\/#organization","name":"SOLIDA Versicherungen AG","alternateName":"Solida","url":"https:\/\/www.solida.ch\/de\/","logo":{"@type":"ImageObject","inLanguage":"de","@id":"https:\/\/www.solida.ch\/de\/#\/schema\/logo\/image\/","url":"https:\/\/www.solida.ch\/wp-content\/uploads\/2023\/03\/solida-favicon.png","contentUrl":"https:\/\/www.solida.ch\/wp-content\/uploads\/2023\/03\/solida-favicon.png","width":1024,"height":1024,"caption":"SOLIDA Versicherungen AG"},"image":{"@id":"https:\/\/www.solida.ch\/de\/#\/schema\/logo\/image\/"}}]}},"_links":{"self":[{"href":"https:\/\/www.solida.ch\/de\/wp-json\/wp\/v2\/pages\/10359","targetHints":{"allow":["GET"]}}],"collection":[{"href":"https:\/\/www.solida.ch\/de\/wp-json\/wp\/v2\/pages"}],"about":[{"href":"https:\/\/www.solida.ch\/de\/wp-json\/wp\/v2\/types\/page"}],"author":[{"embeddable":true,"href":"https:\/\/www.solida.ch\/de\/wp-json\/wp\/v2\/users\/1"}],"replies":[{"embeddable":true,"href":"https:\/\/www.solida.ch\/de\/wp-json\/wp\/v2\/comments?post=10359"}],"version-history":[{"count":0,"href":"https:\/\/www.solida.ch\/de\/wp-json\/wp\/v2\/pages\/10359\/revisions"}],"up":[{"embeddable":true,"href":"https:\/\/www.solida.ch\/de\/wp-json\/wp\/v2\/pages\/10335"}],"wp:featuredmedia":[{"embeddable":true,"href":"https:\/\/www.solida.ch\/de\/wp-json\/wp\/v2\/media\/10363"}],"wp:attachment":[{"href":"https:\/\/www.solida.ch\/de\/wp-json\/wp\/v2\/media?parent=10359"}],"wp:term":[{"taxonomy":"category","embeddable":true,"href":"https:\/\/www.solida.ch\/de\/wp-json\/wp\/v2\/categories?post=10359"}],"curies":[{"name":"wp","href":"https:\/\/api.w.org\/{rel}","templated":true}]}}